{"id":216867,"date":"2025-12-27T03:06:12","date_gmt":"2025-12-27T00:06:12","guid":{"rendered":"https:\/\/baldumarket.lt\/?post_type=product&#038;p=216867"},"modified":"2026-03-24T12:07:20","modified_gmt":"2026-03-24T09:07:20","slug":"sofa-rozkladana-bosco-gr3","status":"publish","type":"product","link":"https:\/\/baldumarket.lt\/lt\/product\/sofa-rozkladana-bosco-gr3\/","title":{"rendered":"BOSCO Gr3 sofa-lova"},"content":{"rendered":"<p>BOSCO sofa-lova pasi\u017eymi \u017eavingu dizainu, kuris puikiai tinka net ir ma\u017eai svetainei. Pla\u010dios pagalv\u0117l\u0117s, kurios tarnauja kaip atlo\u0161ai, puikiai papildo i\u0161skirtinius porankius. \u0160i sofa taip pat turi miegojimo funkcij\u0105 ir prakti\u0161k\u0105 patalyn\u0117s skyri\u0173, suteikiant\u012f papildomos vietos daiktams susid\u0117ti. Subtilus dygsniavimas pavir\u0161iuje suteikia baldui eleganti\u0161k\u0105 akcent\u0105. Tiek BOSCO sofos apmu\u0161alai, tiek kojos yra \u012fvairi\u0173 patraukli\u0173 spalv\u0173. Matmenys:<br \/>\n\u2013 Plotis: 215 cm<br \/>\n\u2013 \u016agis: 74\u201393 cm<br \/>\n\u2013 Gylis: 92 cm<br \/>\n\u2013 Miegamoji erdv\u0117: 135 x 189 cm<br \/>\nSavyb\u0117s ir dizainas:<br \/>\n\u2013 Moderni sofa su miegojimo funkcija ir daiktad\u0117\u017ee<br \/>\n\u2013 Pagrindas: bukas (spalvos: nat\u016brali, kaimi\u0161ka, ruda, venge)<br \/>\n\u2013 Galima \u012fsigyti i\u0161 plataus apmu\u0161al\u0173 audini\u0173 asortimento<br \/>\n\u2013 R\u0117mas pagamintas i\u0161 pu\u0161ies, med\u017eio dro\u017eli\u0173 plok\u0161t\u0117s arba pluo\u0161to plok\u0161t\u0117s<br \/>\n\u2013 S\u0117dyn\u0117 ir atlo\u0161as: poliuretano putos + apmu\u0161al\u0173 dir\u017eeliai<br \/>\n\u2013 Nugaros pagalv\u0117l\u0117s: poliuretano granul\u0117s<\/p>","protected":false},"excerpt":{"rendered":"<p>BOSCO sofa-lova pasi\u017eymi \u017eavingu dizainu, kuris puikiai tinka net ir ma\u017eai svetainei. Pla\u010dios pagalv\u0117l\u0117s, kurios tarnauja kaip atlo\u0161ai, puikiai papildo i\u0161skirtinius porankius. \u0160i sofa taip pat turi miegojimo funkcij\u0105 ir prakti\u0161k\u0105 patalyn\u0117s skyri\u0173, suteikiant\u012f papildomos vietos daiktams susid\u0117ti. Subtilus dygsniavimas pavir\u0161iuje suteikia baldui eleganti\u0161k\u0105 akcent\u0105. Abu [\u2026]<\/p>","protected":false},"featured_media":216890,"comment_status":"open","ping_status":"closed","template":"","meta":[],"product_brand":[],"product_cat":[9133],"product_tag":[],"class_list":{"0":"post-216867","1":"product","2":"type-product","3":"status-publish","4":"has-post-thumbnail","6":"product_cat-grouped","8":"first","9":"instock","10":"shipping-taxable","11":"purchasable","12":"product-type-variable","13":"wvs-archive-product-wrapper"},"_links":{"self":[{"href":"https:\/\/baldumarket.lt\/lt\/wp-json\/wp\/v2\/product\/216867","targetHints":{"allow":["GET"]}}],"collection":[{"href":"https:\/\/baldumarket.lt\/lt\/wp-json\/wp\/v2\/product"}],"about":[{"href":"https:\/\/baldumarket.lt\/lt\/wp-json\/wp\/v2\/types\/product"}],"replies":[{"embeddable":true,"href":"https:\/\/baldumarket.lt\/lt\/wp-json\/wp\/v2\/comments?post=216867"}],"wp:featuredmedia":[{"embeddable":true,"href":"https:\/\/baldumarket.lt\/lt\/wp-json\/wp\/v2\/media\/216890"}],"wp:attachment":[{"href":"https:\/\/baldumarket.lt\/lt\/wp-json\/wp\/v2\/media?parent=216867"}],"wp:term":[{"taxonomy":"product_brand","embeddable":true,"href":"https:\/\/baldumarket.lt\/lt\/wp-json\/wp\/v2\/product_brand?post=216867"},{"taxonomy":"product_cat","embeddable":true,"href":"https:\/\/baldumarket.lt\/lt\/wp-json\/wp\/v2\/product_cat?post=216867"},{"taxonomy":"product_tag","embeddable":true,"href":"https:\/\/baldumarket.lt\/lt\/wp-json\/wp\/v2\/product_tag?post=216867"}],"curies":[{"name":"wp","href":"https:\/\/api.w.org\/{rel}","templated":true}]}}