{"id":216836,"date":"2025-12-27T03:04:33","date_gmt":"2025-12-27T00:04:33","guid":{"rendered":"https:\/\/baldumarket.lt\/?post_type=product&#038;p=216836"},"modified":"2026-03-24T12:19:48","modified_gmt":"2026-03-24T09:19:48","slug":"promocja-sofa-rozkladana-espania-tkanina-ambience-gr6","status":"publish","type":"product","link":"https:\/\/baldumarket.lt\/lt\/product\/promocja-sofa-rozkladana-espania-tkanina-ambience-gr6\/","title":{"rendered":"AKCIJA &#8211; ESPANIA sofa-lova &#8211; Ambience Gr6 audinys"},"content":{"rendered":"<p>SPECIALUS PASI\u016aLYMAS \u2013 ESPANIA sofa-lova \u2013 \u201eAmbience\u201c audinys<br \/>\nSofos su reklaminiu \u201eAmbience\u201c apmu\u0161alu kaina<br \/>\nMatmenys:<br \/>\n\u2013 Plotis: 257 cm<br \/>\n\u2013 Gylis: 108 cm<br \/>\n\u2013 Auk\u0161tis: 94 cm<br \/>\n\u2013 Miegamoji erdv\u0117: 222 \u00d7 155 cm<br \/>\nSavyb\u0117s ir konstrukcija:<br \/>\n\u2013 R\u0117mas: pu\u0161ies mediena, med\u017eio dro\u017eli\u0173 plok\u0161t\u0117, medienos plau\u0161\u0173 plok\u0161t\u0117, MDF plok\u0161t\u0117, apmu\u0161al\u0173 kartonas<br \/>\n\u2013 S\u0117dyn\u0117: B tipo banguotos spyruokl\u0117s, sumu\u0161tinio tipo u\u017epildas (T28\/30 putplastis + HR 30\/10 putplastis)<br \/>\n\u2013 Miegojimo funkcija (atlo\u0161as): A tipo banguotos spyruokl\u0117s, T28\/30 putplastis<br \/>\n\u2013 Atlo\u0161as: T16\/20 putplastis<br \/>\n\u2013 Porankis: T16\/20 putplastis<br \/>\n\u2013 Atlo\u0161o pagalv\u0117l\u0117s: silikonin\u0117s<br \/>\n\u2013 Kojel\u0117s: plastikin\u0117s<br \/>\n\u2013 DL miego funkcija<br \/>\n\u2013 Patalyn\u0117s laikymo vieta<br \/>\n\u00a0<\/p>","protected":false},"excerpt":{"rendered":"<p>SPECIALUS PASI\u016aLYMAS \u2013 ESPANIA sofa-lova \u2013 \u201eAmbience\u201c audinys Kaina u\u017e sof\u0105 su reklaminiu \u201eAmbience\u201c apmu\u0161alu Matmenys: \u2013 Plotis: 257 cm \u2013 Gylis: 108 cm \u2013 Auk\u0161tis: 94 cm \u2013 Miegamoji erdv\u0117: 222 \u00d7 155 cm Savyb\u0117s ir konstrukcija: \u2013 R\u0117mas: pu\u0161ies mediena, med\u017eio dro\u017eli\u0173 plok\u0161t\u0117, pluo\u0161to plok\u0161t\u0117, MDF plok\u0161t\u0117, apmu\u0161al\u0173 kartonas \u2013 S\u0117dyn\u0117: B tipo banguotos spyruokl\u0117s, sumu\u0161tinio tipo u\u017epildas [\u2026]<\/p>","protected":false},"featured_media":216860,"comment_status":"open","ping_status":"closed","template":"","meta":[],"product_brand":[],"product_cat":[9133],"product_tag":[],"class_list":{"0":"post-216836","1":"product","2":"type-product","3":"status-publish","4":"has-post-thumbnail","6":"product_cat-grouped","8":"first","9":"instock","10":"shipping-taxable","11":"purchasable","12":"product-type-variable","13":"wvs-archive-product-wrapper"},"_links":{"self":[{"href":"https:\/\/baldumarket.lt\/lt\/wp-json\/wp\/v2\/product\/216836","targetHints":{"allow":["GET"]}}],"collection":[{"href":"https:\/\/baldumarket.lt\/lt\/wp-json\/wp\/v2\/product"}],"about":[{"href":"https:\/\/baldumarket.lt\/lt\/wp-json\/wp\/v2\/types\/product"}],"replies":[{"embeddable":true,"href":"https:\/\/baldumarket.lt\/lt\/wp-json\/wp\/v2\/comments?post=216836"}],"wp:featuredmedia":[{"embeddable":true,"href":"https:\/\/baldumarket.lt\/lt\/wp-json\/wp\/v2\/media\/216860"}],"wp:attachment":[{"href":"https:\/\/baldumarket.lt\/lt\/wp-json\/wp\/v2\/media?parent=216836"}],"wp:term":[{"taxonomy":"product_brand","embeddable":true,"href":"https:\/\/baldumarket.lt\/lt\/wp-json\/wp\/v2\/product_brand?post=216836"},{"taxonomy":"product_cat","embeddable":true,"href":"https:\/\/baldumarket.lt\/lt\/wp-json\/wp\/v2\/product_cat?post=216836"},{"taxonomy":"product_tag","embeddable":true,"href":"https:\/\/baldumarket.lt\/lt\/wp-json\/wp\/v2\/product_tag?post=216836"}],"curies":[{"name":"wp","href":"https:\/\/api.w.org\/{rel}","templated":true}]}}