{"id":216803,"date":"2025-12-27T03:02:38","date_gmt":"2025-12-27T00:02:38","guid":{"rendered":"https:\/\/baldumarket.lt\/?post_type=product&#038;p=216803"},"modified":"2026-03-24T12:01:24","modified_gmt":"2026-03-24T09:01:24","slug":"naroznik-calabria-gr1","status":"publish","type":"product","link":"https:\/\/baldumarket.lt\/lt\/product\/naroznik-calabria-gr1\/","title":{"rendered":"Kampin\u0117 sofa CALABRIA Gr1"},"content":{"rendered":"<p>CALABRIA kampin\u0117 sofa<br \/>\n\u201eCalabria\u201c kampin\u0117 sofa puikiai der\u0117s prie \u012fvairi\u0173 moderni\u0173 interjer\u0173. Tai puikus pasirinkimas tiek namams, tiek butams, kur svetain\u0117 da\u017enai naudojama ir kaip miegamasis. \u0160is modelis turi miegojimo funkcij\u0105 ir patalyn\u0117s skyri\u0173, tod\u0117l sof\u0105 galima greitai paversti lova. Papildomas privalumas \u2013 jos u\u017epildas su vingiuotomis spyruokl\u0117mis, kurios teigiamai veikia jos ilgaam\u017ei\u0161kum\u0105. \u201eCalabria\u201c kampin\u0119 sof\u0105 galima pritaikyti pagal j\u016bs\u0173 vizualinius pageidavimus, pasirenkant i\u0161 plataus apmu\u0161al\u0173 pasirinkimo.<br \/>\nMatmenys:<br \/>\n\u2013 plotis 282\/182 cm<br \/>\n\u2013 \u016bgis 72\u201387 cm<br \/>\n\u2013 gylis 94 cm<br \/>\n\u2013 koj\u0173 auk\u0161tis 15\/16 cm<br \/>\n\u2013 miegamoji dalis 252 \u00d7 125 cm<br \/>\nSavyb\u0117s ir dizainas:<br \/>\n\u2013 daiktad\u0117\u017e\u0117<br \/>\n\u2013 miego funkcija<br \/>\n\u2013 vingiuotos spyruokl\u0117s<br \/>\n\u2013 galima \u012fsigyti i\u0161 plataus audini\u0173 pasirinkimo<br \/>\nDerinant spalvas viename modelyje, bus pateikta individuali kainos pasi\u016blymas. Nor\u0117dami tai padaryti, atsi\u0173skite mums u\u017eklaus\u0105.<\/p>","protected":false},"excerpt":{"rendered":"<p>CALABRIA kampin\u0117 sofa Kampin\u0117 sofa \u201eCalabria\u201c puikiai der\u0117s prie \u012fvairi\u0173 moderni\u0173 interjer\u0173. Tai puikus pasirinkimas tiek namams, tiek butams, kur svetain\u0117 da\u017enai naudojama ir kaip miegamasis. \u0160is modelis turi miegojimo funkcij\u0105 ir patalyn\u0117s skyri\u0173, tod\u0117l sof\u0105 galima greitai paversti [\u2026]<\/p>","protected":false},"featured_media":216840,"comment_status":"open","ping_status":"closed","template":"","meta":[],"product_brand":[],"product_cat":[9133],"product_tag":[],"class_list":{"0":"post-216803","1":"product","2":"type-product","3":"status-publish","4":"has-post-thumbnail","6":"product_cat-grouped","8":"first","9":"instock","10":"shipping-taxable","11":"purchasable","12":"product-type-variable","13":"wvs-archive-product-wrapper"},"_links":{"self":[{"href":"https:\/\/baldumarket.lt\/lt\/wp-json\/wp\/v2\/product\/216803","targetHints":{"allow":["GET"]}}],"collection":[{"href":"https:\/\/baldumarket.lt\/lt\/wp-json\/wp\/v2\/product"}],"about":[{"href":"https:\/\/baldumarket.lt\/lt\/wp-json\/wp\/v2\/types\/product"}],"replies":[{"embeddable":true,"href":"https:\/\/baldumarket.lt\/lt\/wp-json\/wp\/v2\/comments?post=216803"}],"wp:featuredmedia":[{"embeddable":true,"href":"https:\/\/baldumarket.lt\/lt\/wp-json\/wp\/v2\/media\/216840"}],"wp:attachment":[{"href":"https:\/\/baldumarket.lt\/lt\/wp-json\/wp\/v2\/media?parent=216803"}],"wp:term":[{"taxonomy":"product_brand","embeddable":true,"href":"https:\/\/baldumarket.lt\/lt\/wp-json\/wp\/v2\/product_brand?post=216803"},{"taxonomy":"product_cat","embeddable":true,"href":"https:\/\/baldumarket.lt\/lt\/wp-json\/wp\/v2\/product_cat?post=216803"},{"taxonomy":"product_tag","embeddable":true,"href":"https:\/\/baldumarket.lt\/lt\/wp-json\/wp\/v2\/product_tag?post=216803"}],"curies":[{"name":"wp","href":"https:\/\/api.w.org\/{rel}","templated":true}]}}