{"id":216796,"date":"2025-12-27T03:02:29","date_gmt":"2025-12-27T00:02:29","guid":{"rendered":"https:\/\/baldumarket.lt\/?post_type=product&#038;p=216796"},"modified":"2026-03-24T12:10:20","modified_gmt":"2026-03-24T09:10:20","slug":"naroznik-hugo-gr4","status":"publish","type":"product","link":"https:\/\/baldumarket.lt\/lt\/product\/naroznik-hugo-gr4\/","title":{"rendered":"HUGO Gr4 kampin\u0117 sofa"},"content":{"rendered":"<p>HUGO kampin\u0117 sofa \u2013 d\u0117l savo apvalios formos ir unikalios s\u0117dyn\u0117s formos \u2013 puikiai tiks modernioje svetain\u0117je. Kvadratinis motyvas atkartojamas a\u0161tuoniose atlo\u0161o ir juosmens pagalv\u0117l\u0117se, o eleganti\u0161ki dygsniai apibr\u0117\u017eia erdvi\u0105 pufo s\u0117dyn\u0119. \u0160is modelis gali b\u016bti greitai transformuojamas \u012f erdvi\u0105 lov\u0105 d\u0117ka DL tipo sulankstymo sistemos. Jis taip pat turi pakreipiam\u0105 spyruoklin\u012f pak\u0117lim\u0105 ir sulankstom\u0105 atlo\u0161\u0105, taip pat prakti\u0161k\u0105 patalyn\u0117s skyri\u0173. HUGO sofa yra kair\u0117s arba de\u0161in\u0117s pus\u0117s, taip pat galima u\u017esisakyti dviej\u0173 standartini\u0173 spalv\u0173 \u2013 kaip parodyta nuotraukose. Matmenys:<br \/>\n\u2013 Auk\u0161tis 72\/90 cm<br \/>\n\u2013 Plotis 288 cm<br \/>\n\u2013 Gylis 185 cm<br \/>\n\u2013 Miegamoji erdv\u0117 130 x 205 cm<br \/>\nSavyb\u0117s ir dizainas:<br \/>\n\u2013 Moderni kampin\u0117 sofa su miegojimo funkcija ir daiktad\u0117\u017ee<br \/>\n\u2013 Miego funkcija su DL automatiniu mechanizmu<br \/>\n\u2013 Metalin\u0117s\/plastikin\u0117s kojel\u0117s<br \/>\n\u2013 Galima \u012fsigyti i\u0161 plataus apmu\u0161al\u0173 audini\u0173 asortimento<br \/>\n\u2013 R\u0117mas pagamintas i\u0161 pu\u0161ies medienos, med\u017eio dro\u017eli\u0173 plok\u0161t\u0117s arba pluo\u0161to plok\u0161t\u0117s<br \/>\n\u2013 S\u0117dyn\u0117 su banguota spyruokle ir poliuretano putomis<br \/>\n\u2013 Atlo\u0161as\/pagalv\u0117l\u0117s su suply\u0161usiu putplas\u010diu<br \/>\nPastabos:<br \/>\n\u2013 Standartinis dviej\u0173 audini\u0173 arba spalv\u0173 derinys, kaip parodyta nuotraukoje (s\u0117dyn\u0117 ir pagalv\u0117l\u0117s kitos spalvos nei korpusas)<br \/>\n\u2013 Kaina nurodyta u\u017e kampin\u0119 sof\u0105 i\u0161 audinio\/eko odos, 1 kokyb\u0117s klas\u0117s<br \/>\n\u2013 Audinio tipas turi \u012ftakos kampin\u0117s sofos kainai<br \/>\nNaudojamas automatinis DL mechanizmas. S\u0117dyn\u0117 turi pakreipiam\u0105 spyruoklin\u012f pak\u0117lim\u0105, sulankstom\u0105 atlo\u0161\u0105 ir patalyn\u0117s skyri\u0173.<\/p>","protected":false},"excerpt":{"rendered":"<p>HUGO kampin\u0117 sofa \u2013 d\u0117l savo apvalios formos ir unikalios s\u0117dyn\u0117s formos \u2013 puikiai tiks modernioje svetain\u0117je. Kvadratinis motyvas atkartojamas a\u0161tuoniose atlo\u0161o ir juosmens pagalv\u0117l\u0117se, o eleganti\u0161kas dygsniavimas apibr\u0117\u017eia pla\u010di\u0105 pufo s\u0117dyn\u0119. \u0160\u012f model\u012f galima greitai transformuoti \u012f erdvi\u0105 lov\u0105 [\u2026]<\/p>","protected":false},"featured_media":216815,"comment_status":"open","ping_status":"closed","template":"","meta":[],"product_brand":[],"product_cat":[9133],"product_tag":[],"class_list":{"0":"post-216796","1":"product","2":"type-product","3":"status-publish","4":"has-post-thumbnail","6":"product_cat-grouped","8":"first","9":"instock","10":"shipping-taxable","11":"purchasable","12":"product-type-variable","13":"wvs-archive-product-wrapper"},"_links":{"self":[{"href":"https:\/\/baldumarket.lt\/lt\/wp-json\/wp\/v2\/product\/216796","targetHints":{"allow":["GET"]}}],"collection":[{"href":"https:\/\/baldumarket.lt\/lt\/wp-json\/wp\/v2\/product"}],"about":[{"href":"https:\/\/baldumarket.lt\/lt\/wp-json\/wp\/v2\/types\/product"}],"replies":[{"embeddable":true,"href":"https:\/\/baldumarket.lt\/lt\/wp-json\/wp\/v2\/comments?post=216796"}],"wp:featuredmedia":[{"embeddable":true,"href":"https:\/\/baldumarket.lt\/lt\/wp-json\/wp\/v2\/media\/216815"}],"wp:attachment":[{"href":"https:\/\/baldumarket.lt\/lt\/wp-json\/wp\/v2\/media?parent=216796"}],"wp:term":[{"taxonomy":"product_brand","embeddable":true,"href":"https:\/\/baldumarket.lt\/lt\/wp-json\/wp\/v2\/product_brand?post=216796"},{"taxonomy":"product_cat","embeddable":true,"href":"https:\/\/baldumarket.lt\/lt\/wp-json\/wp\/v2\/product_cat?post=216796"},{"taxonomy":"product_tag","embeddable":true,"href":"https:\/\/baldumarket.lt\/lt\/wp-json\/wp\/v2\/product_tag?post=216796"}],"curies":[{"name":"wp","href":"https:\/\/api.w.org\/{rel}","templated":true}]}}