{"id":21678,"date":"2025-11-14T13:30:20","date_gmt":"2025-11-14T10:30:20","guid":{"rendered":"https:\/\/baldumarket.lt\/product\/materac-kieszeniowy-paola-200x200-medicott-silver\/"},"modified":"2026-03-24T18:25:45","modified_gmt":"2026-03-24T15:25:45","slug":"materac-kieszeniowy-paola-200x200-medicott-silver","status":"publish","type":"product","link":"https:\/\/baldumarket.lt\/lt\/product\/materac-kieszeniowy-paola-200x200-medicott-silver\/","title":{"rendered":"Paola ki\u0161eninis \u010diu\u017einys 200\u00d7200 Medicott sidabro spalvos"},"content":{"rendered":"<p>Gerai parinktas \u010diu\u017einys yra raktas \u012f ger\u0105 nakties mieg\u0105. \u017dinome, koks svarbus \u0161is pasirinkimas, tod\u0117l suk\u016br\u0117me \u201ePaola\u201c ki\u0161enini\u0173 spyruokli\u0173 \u010diu\u017ein\u012f su sidabro spalvos u\u017evalkalu. Ki\u0161enin\u0117s spyruokl\u0117s u\u017etikrina, kad \u010diu\u017einio pavir\u0161ius nerauk\u0161l\u0117t\u0173si ir nevibruot\u0173. Be to, T2542 putplastis, apgaubtas nuimamu sidabro spalvos u\u017evalkalu, u\u017etikrina patvarum\u0105 ir komfort\u0105.<\/p>","protected":false},"excerpt":{"rendered":"<p>Gerai parinktas \u010diu\u017einys yra raktas \u012f ger\u0105 nakties mieg\u0105. \u017dinome, koks svarbus \u0161is pasirinkimas, tod\u0117l suk\u016br\u0117me \u201ePaola\u201c ki\u0161enini\u0173 spyruokli\u0173 \u010diu\u017ein\u012f su sidabro spalvos u\u017evalkalu. Ki\u0161enin\u0117s spyruokl\u0117s u\u017etikrina, kad \u010diu\u017einio pavir\u0161ius nerauk\u0161l\u0117t\u0173si ir nevibruot\u0173. Be to, T2542 putplastis, apgaubtas nuimamu sidabro spalvos u\u017evalkalu, u\u017etikrina ilgaam\u017ei\u0161kum\u0105 [\u2026]<\/p>","protected":false},"featured_media":21659,"comment_status":"open","ping_status":"open","template":"","meta":[],"product_brand":[],"product_cat":[2012,1099,9144],"product_tag":[],"class_list":{"0":"post-21678","1":"product","2":"type-product","3":"status-publish","4":"has-post-thumbnail","6":"product_cat-eltap","7":"product_cat-mattresses","8":"product_cat-mattresses-200x200","10":"first","11":"instock","12":"purchasable","13":"product-type-simple"},"_links":{"self":[{"href":"https:\/\/baldumarket.lt\/lt\/wp-json\/wp\/v2\/product\/21678","targetHints":{"allow":["GET"]}}],"collection":[{"href":"https:\/\/baldumarket.lt\/lt\/wp-json\/wp\/v2\/product"}],"about":[{"href":"https:\/\/baldumarket.lt\/lt\/wp-json\/wp\/v2\/types\/product"}],"replies":[{"embeddable":true,"href":"https:\/\/baldumarket.lt\/lt\/wp-json\/wp\/v2\/comments?post=21678"}],"wp:featuredmedia":[{"embeddable":true,"href":"https:\/\/baldumarket.lt\/lt\/wp-json\/wp\/v2\/media\/21659"}],"wp:attachment":[{"href":"https:\/\/baldumarket.lt\/lt\/wp-json\/wp\/v2\/media?parent=21678"}],"wp:term":[{"taxonomy":"product_brand","embeddable":true,"href":"https:\/\/baldumarket.lt\/lt\/wp-json\/wp\/v2\/product_brand?post=21678"},{"taxonomy":"product_cat","embeddable":true,"href":"https:\/\/baldumarket.lt\/lt\/wp-json\/wp\/v2\/product_cat?post=21678"},{"taxonomy":"product_tag","embeddable":true,"href":"https:\/\/baldumarket.lt\/lt\/wp-json\/wp\/v2\/product_tag?post=21678"}],"curies":[{"name":"wp","href":"https:\/\/api.w.org\/{rel}","templated":true}]}}