{"id":216774,"date":"2025-12-27T03:01:03","date_gmt":"2025-12-27T00:01:03","guid":{"rendered":"https:\/\/baldumarket.lt\/?post_type=product&#038;p=216774"},"modified":"2026-03-24T12:04:30","modified_gmt":"2026-03-24T09:04:30","slug":"fotel-obrotowy-roma-gr2","status":"publish","type":"product","link":"https:\/\/baldumarket.lt\/lt\/product\/fotel-obrotowy-roma-gr2\/","title":{"rendered":"ROMA Gr2 sukamoji k\u0117d\u0117"},"content":{"rendered":"<p>ROMA pasukama k\u0117d\u0117<br \/>\n\u00a0<br \/>\n\u201eRoma\u201c fotelis pasi\u017eymi eleganti\u0161ku dizainu, kuris puikiai papildys modern\u0173 interjer\u0105. Jo kibiro forma su stora s\u0117dyne ir \u017eemu atlo\u0161u stilingai dera su tvirtu metaliniu kry\u017eiaus formos pagrindu. \u201eRoma\u201c yra besisukanti k\u0117d\u0117, tod\u0117l j\u0105 galima naudoti tiek svetain\u0117je kaip poilsio kr\u0117sl\u0105, tiek prie stalo dirbant nuotoliniu b\u016bdu i\u0161 nam\u0173. Platus audini\u0173 pasirinkimas leid\u017eia kiekvienam pritaikyti \u0161\u012f bald\u0105 pagal savo skon\u012f.<br \/>\nMatmenys:<br \/>\n\u2013 plotis 80 cm<br \/>\n\u2013 gylis 80 cm<br \/>\n\u2013 auk\u0161tis 75 cm<br \/>\n\u2013 s\u0117dyn\u0117s auk\u0161tis 48 cm<br \/>\nSavyb\u0117s ir konstrukcija:<br \/>\n\u2013 r\u0117mas: pu\u0161ies mediena, med\u017eio dro\u017eli\u0173 plok\u0161t\u0117, medienos plau\u0161\u0173 plok\u0161t\u0117, fanera<br \/>\n\u2013 s\u0117dyn\u0117: T28\/30 putplastis<br \/>\n\u2013 atlo\u0161as: T18\/30 putplastis<br \/>\n\u2013 pagrindas: metalas<br \/>\n\u2013 besisukanti k\u0117d\u0117<br \/>\n\u2013 galima \u012fsigyti i\u0161 plataus audini\u0173 asortimento<\/p>","protected":false},"excerpt":{"rendered":"<p>ROMA besisukanti k\u0117d\u0117. \u201eRoma\u201c fotelis pasi\u017eymi eleganti\u0161ku dizainu, kuris puikiai papildys modern\u0173 interjer\u0105. Jo kibiro forma su stora s\u0117dyne ir \u017eemu atlo\u0161u stilingai dera su tvirtu metaliniu kry\u017eiaus formos pagrindu. \u201eRoma\u201c yra besisukanti k\u0117d\u0117, tod\u0117l ji vienodai tinka naudoti svetain\u0117je kaip poilsio kr\u0117slas, ta\u010diau [\u2026]<\/p>","protected":false},"featured_media":216805,"comment_status":"open","ping_status":"closed","template":"","meta":[],"product_brand":[],"product_cat":[9133],"product_tag":[],"class_list":{"0":"post-216774","1":"product","2":"type-product","3":"status-publish","4":"has-post-thumbnail","6":"product_cat-grouped","8":"first","9":"instock","10":"shipping-taxable","11":"purchasable","12":"product-type-variable","13":"wvs-archive-product-wrapper"},"_links":{"self":[{"href":"https:\/\/baldumarket.lt\/lt\/wp-json\/wp\/v2\/product\/216774","targetHints":{"allow":["GET"]}}],"collection":[{"href":"https:\/\/baldumarket.lt\/lt\/wp-json\/wp\/v2\/product"}],"about":[{"href":"https:\/\/baldumarket.lt\/lt\/wp-json\/wp\/v2\/types\/product"}],"replies":[{"embeddable":true,"href":"https:\/\/baldumarket.lt\/lt\/wp-json\/wp\/v2\/comments?post=216774"}],"wp:featuredmedia":[{"embeddable":true,"href":"https:\/\/baldumarket.lt\/lt\/wp-json\/wp\/v2\/media\/216805"}],"wp:attachment":[{"href":"https:\/\/baldumarket.lt\/lt\/wp-json\/wp\/v2\/media?parent=216774"}],"wp:term":[{"taxonomy":"product_brand","embeddable":true,"href":"https:\/\/baldumarket.lt\/lt\/wp-json\/wp\/v2\/product_brand?post=216774"},{"taxonomy":"product_cat","embeddable":true,"href":"https:\/\/baldumarket.lt\/lt\/wp-json\/wp\/v2\/product_cat?post=216774"},{"taxonomy":"product_tag","embeddable":true,"href":"https:\/\/baldumarket.lt\/lt\/wp-json\/wp\/v2\/product_tag?post=216774"}],"curies":[{"name":"wp","href":"https:\/\/api.w.org\/{rel}","templated":true}]}}