{"id":216757,"date":"2025-12-27T02:59:39","date_gmt":"2025-12-26T23:59:39","guid":{"rendered":"https:\/\/baldumarket.lt\/?post_type=product&#038;p=216757"},"modified":"2026-03-24T12:01:24","modified_gmt":"2026-03-24T09:01:24","slug":"naroznik-manila-gr1","status":"publish","type":"product","link":"https:\/\/baldumarket.lt\/lt\/product\/naroznik-manila-gr1\/","title":{"rendered":"MANILA Gr1 kampin\u0117 sofa"},"content":{"rendered":"<p>Avangardin\u0117, moderni kampin\u0117 sofa \u201eManila\u201c pasi\u017eymi intriguojan\u010diu dizainu. Pagrindinis akcentas \u2013 ak\u012f traukian\u010dios detal\u0117s \u2013 tamsios, unikalios formos plienin\u0117s kojel\u0117s ir akcentinis medis pagrindo pavir\u0161iuje, vizualiai sukuriantis savoti\u0161k\u0105 platform\u0105, ant kurios sofa stovi. Visa s\u0117dyn\u0117 padalinta \u012f dvi dalis, kurios tarnauja kaip s\u0117dimoji ir gulimoji zona. Bendras atlo\u0161as, kur\u012f dalijasi platesn\u0117 dalis, yra su pagalv\u0117l\u0117mis, kurios dar labiau pabr\u0117\u017eia \u0161\u012f padalijim\u0105. Porankiai taip pat \u012fdom\u016bs \u2013 plat\u016bs ir ry\u0161kiai \u017eemi. \u201eManila\u201c turi miegojimo funkcij\u0105 ir daiktad\u0117\u017e\u0119. D\u0117l minimalistinio dizaino ji puikiai tinka modernioms ir lofto stiliaus erdv\u0117ms. Kampin\u0117 sofa si\u016bloma su daugiau nei 650 apmu\u0161al\u0173 variant\u0173. Matmenys:<br \/>\n\u2013 Plotis: 315 cm<br \/>\n\u2013 2 plotis: 212 cm<br \/>\n\u2013 \u016agis: 78\u201387 cm<br \/>\n\u2013 Gylis: 106 cm<br \/>\n\u2013 Miegamoji erdv\u0117: 248 x 137 cm<br \/>\nSavyb\u0117s ir dizainas:<br \/>\n\u2013 Moderni kampin\u0117 sofa su miegojimo funkcija ir daiktad\u0117\u017ee<br \/>\n\u2013 Miego funkcija (DL tipo)<br \/>\n\u2013 Plienin\u0117s kojos<br \/>\n\u2013 Galima \u012fsigyti i\u0161 plataus apmu\u0161al\u0173 audini\u0173 asortimento<br \/>\n\u2013 R\u0117mas pagamintas i\u0161 pu\u0161ies medienos, med\u017eio dro\u017eli\u0173 plok\u0161t\u0117s ir medienos plau\u0161\u0173 plok\u0161t\u0117s<br \/>\n\u2013 S\u0117dyn\u0117 turi banguot\u0105 spyruokl\u0119 ir poliuretano putas<br \/>\n\u2013 Atlo\u0161as pagamintas i\u0161 putplas\u010dio<\/p>","protected":false},"excerpt":{"rendered":"<p>Avangardinio, modernaus stiliaus \u201eManila\u201c kampin\u0117 sofa pasi\u017eymi intriguojan\u010diu dizainu. Svarbiausias akcentas \u2013 tamsios, unikalios formos plienin\u0117s kojel\u0117s ir akcentinis medis pagrinde, vizualiai sukuriantis savoti\u0161k\u0105 platform\u0105, ant kurios stovi sofa. Visa s\u0117dyn\u0117 padalinta \u012f dvi dalis, kurios tarnauja kaip [\u2026]<\/p>","protected":false},"featured_media":216783,"comment_status":"open","ping_status":"closed","template":"","meta":[],"product_brand":[],"product_cat":[9133],"product_tag":[],"class_list":{"0":"post-216757","1":"product","2":"type-product","3":"status-publish","4":"has-post-thumbnail","6":"product_cat-grouped","8":"first","9":"instock","10":"shipping-taxable","11":"purchasable","12":"product-type-variable","13":"wvs-archive-product-wrapper"},"_links":{"self":[{"href":"https:\/\/baldumarket.lt\/lt\/wp-json\/wp\/v2\/product\/216757","targetHints":{"allow":["GET"]}}],"collection":[{"href":"https:\/\/baldumarket.lt\/lt\/wp-json\/wp\/v2\/product"}],"about":[{"href":"https:\/\/baldumarket.lt\/lt\/wp-json\/wp\/v2\/types\/product"}],"replies":[{"embeddable":true,"href":"https:\/\/baldumarket.lt\/lt\/wp-json\/wp\/v2\/comments?post=216757"}],"wp:featuredmedia":[{"embeddable":true,"href":"https:\/\/baldumarket.lt\/lt\/wp-json\/wp\/v2\/media\/216783"}],"wp:attachment":[{"href":"https:\/\/baldumarket.lt\/lt\/wp-json\/wp\/v2\/media?parent=216757"}],"wp:term":[{"taxonomy":"product_brand","embeddable":true,"href":"https:\/\/baldumarket.lt\/lt\/wp-json\/wp\/v2\/product_brand?post=216757"},{"taxonomy":"product_cat","embeddable":true,"href":"https:\/\/baldumarket.lt\/lt\/wp-json\/wp\/v2\/product_cat?post=216757"},{"taxonomy":"product_tag","embeddable":true,"href":"https:\/\/baldumarket.lt\/lt\/wp-json\/wp\/v2\/product_tag?post=216757"}],"curies":[{"name":"wp","href":"https:\/\/api.w.org\/{rel}","templated":true}]}}