{"id":216738,"date":"2025-12-27T02:58:29","date_gmt":"2025-12-26T23:58:29","guid":{"rendered":"https:\/\/baldumarket.lt\/?post_type=product&#038;p=216738"},"modified":"2026-03-24T12:01:24","modified_gmt":"2026-03-24T09:01:24","slug":"naroznik-grenada-u-form-z-funkcja-relax-gr1","status":"publish","type":"product","link":"https:\/\/baldumarket.lt\/lt\/product\/naroznik-grenada-u-form-z-funkcja-relax-gr1\/","title":{"rendered":"GRENADA U-FORM kampin\u0117 sofa su poilsio funkcija Gr1"},"content":{"rendered":"<p>GRENADA U-FORM kampin\u0117 sofa su poilsio funkcija<br \/>\nGRENADA U-FORM kampin\u0117 sofa \u2013 puikus pasirinkimas tiems, kurie m\u0117gsta i\u0161skirtinius, stilingus ir eleganti\u0161kus baldus. Kampin\u0117 sofa pasi\u017eymi gra\u017eiomis si\u016bl\u0117mis. Ji stovi ant subtili\u0173 kojeli\u0173 ir yra raid\u0117s \u201cU\u201d formos. Taip pat galite pasirinkti kit\u0105 spalv\u0105 nei parodyta nuotraukose i\u0161 spalv\u0173 palet\u0117s, paruo\u0161tos specialiai susidom\u0117jusiems klientams. GRENADA U-FORM kampin\u0117 sofa, be kita ko, turi atsipalaidavimo funkcij\u0105 ir elektrin\u012f s\u0117dyn\u0117s prailginim\u0105 su nuotolinio valdymo pultu. Ji pasi\u017eymi didelio elastingumo putomis, kurios prisitaiko prie k\u016bno, o vingiuotos spyruokl\u0117s padidina baldo prakti\u0161kum\u0105. Kampin\u0117 sofa yra \u012fsp\u016bdingos i\u0161vaizdos, tod\u0117l puikiai tinka daugeliui svetain\u0117s dizain\u0173.<br \/>\nMatmenys:<br \/>\n\u2013 Plotis: 350\u2013358 cm<br \/>\n\u2013 Gylis: 223\u2013231 cm<br \/>\n\u2013 \u016agis: 91\u2013107 cm<br \/>\n\u00a0<br \/>\nSavyb\u0117s ir dizainas:<br \/>\n\u2013 Elektrinis s\u0117dyn\u0117s prailginimas su nuotolinio valdymo pultu<br \/>\n\u2013 R\u0117mas: pu\u0161ies mediena, med\u017eio dro\u017eli\u0173 plok\u0161t\u0117, MDF plok\u0161t\u0117, medienos plau\u0161\u0173 plok\u0161t\u0117, fanera, apmu\u0161al\u0173 kartonas<br \/>\n\u2013 S\u0117dyn\u0117: B tipo banguota spyruokl\u0117, HR 35\/32, HR 30\/10 putplastis<br \/>\n\u2013 Atlo\u0161as: T23\/15 putplastis<br \/>\n\u2013 \u0160onin\u0117 panel\u0117: T16\/20 putplastis<br \/>\n\u2013 Kojel\u0117s: metalin\u0117s ir plastikin\u0117s<br \/>\n\u2013 6 reguliuojamos galvos atramos<\/p>","protected":false},"excerpt":{"rendered":"<p>GRENADA U-FORM kampin\u0117 sofa su poilsio funkcija GRENADA U-FORM kampin\u0117 sofa \u2013 puikus pasirinkimas tiems, kurie m\u0117gsta i\u0161skirtinius, stilingus ir eleganti\u0161kus baldus. Kampin\u0117 sofa pasi\u017eymi gra\u017eiomis si\u016bl\u0117mis. Ji stovi ant subtili\u0173 kojeli\u0173 ir yra raid\u0117s \u201cU\u201d formos. Taip pat galite pasirinkti kit\u0105 spalv\u0105 nei parodyta [\u2026]<\/p>","protected":false},"featured_media":216772,"comment_status":"open","ping_status":"closed","template":"","meta":[],"product_brand":[],"product_cat":[9133],"product_tag":[],"class_list":{"0":"post-216738","1":"product","2":"type-product","3":"status-publish","4":"has-post-thumbnail","6":"product_cat-grouped","8":"first","9":"instock","10":"shipping-taxable","11":"purchasable","12":"product-type-variable","13":"wvs-archive-product-wrapper"},"_links":{"self":[{"href":"https:\/\/baldumarket.lt\/lt\/wp-json\/wp\/v2\/product\/216738","targetHints":{"allow":["GET"]}}],"collection":[{"href":"https:\/\/baldumarket.lt\/lt\/wp-json\/wp\/v2\/product"}],"about":[{"href":"https:\/\/baldumarket.lt\/lt\/wp-json\/wp\/v2\/types\/product"}],"replies":[{"embeddable":true,"href":"https:\/\/baldumarket.lt\/lt\/wp-json\/wp\/v2\/comments?post=216738"}],"wp:featuredmedia":[{"embeddable":true,"href":"https:\/\/baldumarket.lt\/lt\/wp-json\/wp\/v2\/media\/216772"}],"wp:attachment":[{"href":"https:\/\/baldumarket.lt\/lt\/wp-json\/wp\/v2\/media?parent=216738"}],"wp:term":[{"taxonomy":"product_brand","embeddable":true,"href":"https:\/\/baldumarket.lt\/lt\/wp-json\/wp\/v2\/product_brand?post=216738"},{"taxonomy":"product_cat","embeddable":true,"href":"https:\/\/baldumarket.lt\/lt\/wp-json\/wp\/v2\/product_cat?post=216738"},{"taxonomy":"product_tag","embeddable":true,"href":"https:\/\/baldumarket.lt\/lt\/wp-json\/wp\/v2\/product_tag?post=216738"}],"curies":[{"name":"wp","href":"https:\/\/api.w.org\/{rel}","templated":true}]}}