{"id":216733,"date":"2025-12-27T02:58:23","date_gmt":"2025-12-26T23:58:23","guid":{"rendered":"https:\/\/baldumarket.lt\/?post_type=product&#038;p=216733"},"modified":"2026-03-24T12:16:52","modified_gmt":"2026-03-24T09:16:52","slug":"naroznik-chivas-program-1rp-gr5","status":"publish","type":"product","link":"https:\/\/baldumarket.lt\/lt\/product\/naroznik-chivas-program-1rp-gr5\/","title":{"rendered":"CHIVAS kampelis \u2013 1RP Gr5 programa"},"content":{"rendered":"<p>Kampin\u0117 sofa CHIVAS, pasi\u017eyminti kompakti\u0161ka ir eleganti\u0161ka i\u0161vaizda, \u017eavi unikalia forma ir detal\u0117mis. Tvirtos medin\u0117s kojel\u0117s, kurias galima \u012fsigyti keturi\u0173 skirting\u0173 spalv\u0173, ypa\u010d traukia ak\u012f. Tvirt\u0105, pla\u010di\u0105 s\u0117dyn\u0119, kvie\u010dian\u010di\u0105 atsipalaiduoti, dar labiau pary\u0161kina didel\u0117s pagalv\u0117l\u0117s, kurios tarnauja kaip atlo\u0161ai. Be to, CHIVAS turi reguliuojamus porankius ir mobilias galvos atramas, leid\u017eian\u010dias pritaikyti sofos pad\u0117t\u012f pagal savo poreikius. Kampin\u0117 sofa-lova DL taip pat turi patalyn\u0117s skyri\u0173. Sof\u0105 galima u\u017esisakyti kair\u0117s arba de\u0161in\u0117s pus\u0117s versij\u0105, taip pat su galvos atrama (u\u017e papildom\u0105 mokest\u012f). Matmenys:<br \/>\n\u2013 Plotis: 255 cm<br \/>\n\u2013 2 plotis: 155 cm<br \/>\n\u2013 \u016agis: 76\u201389\u2013103 cm<br \/>\n\u2013 Gylis: 104 cm<br \/>\n\u2013 Miegamoji erdv\u0117: 193 x 130 cm<br \/>\nSavyb\u0117s:<br \/>\n\u2013 Moderni kampin\u0117 sofa su miegojimo funkcija ir vieta daiktams susid\u0117ti<br \/>\n\u2013 Miego funkcija (DL tipo)<br \/>\n\u2013 Medin\u0117 koja patogios porankio dalies apa\u010dioje<br \/>\n\u2013 Kampin\u0117 sofa su reguliuojamais porankiais ir nepriklausomais, mobiliais galvos atlo\u0161ais<br \/>\n\u2013 Galima \u012fsigyti i\u0161 plataus apmu\u0161al\u0173 audini\u0173 asortimento<br \/>\n\u2013 R\u0117mas pagamintas i\u0161 pu\u0161ies medienos, med\u017eio dro\u017eli\u0173 plok\u0161t\u0117s arba pluo\u0161to plok\u0161t\u0117s<br \/>\n\u2013 S\u0117dyn\u0117 turi banguot\u0105 spyruokl\u0119 ir poliuretano putas<br \/>\n\u2013 Atlo\u0161ai pagaminti i\u0161 putplas\u010dio<br \/>\nPastabos:<br \/>\n\u2013 Standartiniai baldai pagaminti i\u0161 vieno audinio<br \/>\n\u2013 Kaina nurodyta u\u017e kampin\u0119 sof\u0105 i\u0161 audinio\/eko odos, 1 kokyb\u0117s klas\u0117s<br \/>\n\u2013 Audinio tipas turi \u012ftakos kampin\u0117s sofos kainai<br \/>\n\u2013 Galvos atrama galima \u012fsigyti u\u017e papildom\u0105 mokest\u012f<br \/>\n\u00a0<br \/>\n\u00a0<\/p>","protected":false},"excerpt":{"rendered":"<p>Kompakti\u0161ka ir eleganti\u0161ka CHIVAS kampin\u0117 sofa \u017eavi unikalia forma ir detal\u0117mis. Tvirtos medin\u0117s kojel\u0117s, kurias galima rinktis i\u0161 keturi\u0173 skirting\u0173 spalv\u0173, ypa\u010d traukia ak\u012f. Tvirt\u0105, pla\u010di\u0105 s\u0117dyn\u0119, kvie\u010dian\u010di\u0105 atsipalaiduoti, dar labiau pary\u0161kina didel\u0117s pagalv\u0117l\u0117s, kurios tarnauja kaip atlo\u0161ai. Be to, CHIVAS sofa turi reguliuojamus porankius [\u2026]<\/p>","protected":false},"featured_media":216751,"comment_status":"open","ping_status":"closed","template":"","meta":[],"product_brand":[],"product_cat":[9133],"product_tag":[],"class_list":{"0":"post-216733","1":"product","2":"type-product","3":"status-publish","4":"has-post-thumbnail","6":"product_cat-grouped","8":"first","9":"instock","10":"shipping-taxable","11":"purchasable","12":"product-type-variable","13":"wvs-archive-product-wrapper"},"_links":{"self":[{"href":"https:\/\/baldumarket.lt\/lt\/wp-json\/wp\/v2\/product\/216733","targetHints":{"allow":["GET"]}}],"collection":[{"href":"https:\/\/baldumarket.lt\/lt\/wp-json\/wp\/v2\/product"}],"about":[{"href":"https:\/\/baldumarket.lt\/lt\/wp-json\/wp\/v2\/types\/product"}],"replies":[{"embeddable":true,"href":"https:\/\/baldumarket.lt\/lt\/wp-json\/wp\/v2\/comments?post=216733"}],"wp:featuredmedia":[{"embeddable":true,"href":"https:\/\/baldumarket.lt\/lt\/wp-json\/wp\/v2\/media\/216751"}],"wp:attachment":[{"href":"https:\/\/baldumarket.lt\/lt\/wp-json\/wp\/v2\/media?parent=216733"}],"wp:term":[{"taxonomy":"product_brand","embeddable":true,"href":"https:\/\/baldumarket.lt\/lt\/wp-json\/wp\/v2\/product_brand?post=216733"},{"taxonomy":"product_cat","embeddable":true,"href":"https:\/\/baldumarket.lt\/lt\/wp-json\/wp\/v2\/product_cat?post=216733"},{"taxonomy":"product_tag","embeddable":true,"href":"https:\/\/baldumarket.lt\/lt\/wp-json\/wp\/v2\/product_tag?post=216733"}],"curies":[{"name":"wp","href":"https:\/\/api.w.org\/{rel}","templated":true}]}}