{"id":216722,"date":"2025-12-27T02:57:38","date_gmt":"2025-12-26T23:57:38","guid":{"rendered":"https:\/\/baldumarket.lt\/?post_type=product&#038;p=216722"},"modified":"2026-03-24T12:19:55","modified_gmt":"2026-03-24T09:19:55","slug":"naroznik-havana-gr6","status":"publish","type":"product","link":"https:\/\/baldumarket.lt\/lt\/product\/naroznik-havana-gr6\/","title":{"rendered":"HAVANA Gr6 kampin\u0117 sofa"},"content":{"rendered":"<p>HAVANA kampin\u0117 sofa<br \/>\nKampin\u0117 sofa \u201eHavana\u201c \u2013 eleganti\u0161kas ir nesenstantis baldas, si\u016blomas \u012fvairi\u0173 spalv\u0173. Taip pat galite pasirinkti kampin\u0117s sofos \u0161on\u0105, kad puikiai j\u0105 priderintum\u0117te prie savo pageidavim\u0173. \u0160is modelis turi miegojimo funkcij\u0105 su delfino stiliaus i\u0161lankstymo sistema, patalyn\u0117s skyri\u0173 ir tris atlo\u0161o pagalv\u0117les. \u012emontuotos vingiuotos spyruokl\u0117s taip pat prisideda prie kampin\u0117s sofos \u201eHavana\u201c patvarumo. \u0160is baldas puikiai tinka tiek moderniam, tiek lofto stiliaus interjerui.<br \/>\nMatmenys:<br \/>\n\u2013 Plotis: 272\/173 cm<br \/>\n\u2013 \u016agis: 72\u201389 cm<br \/>\n\u2013 Gylis: 96 cm<br \/>\n\u2013 Miegamoji erdv\u0117: 220 x 143 cm<br \/>\nSavyb\u0117s ir konstrukcija:<br \/>\n\u2013 Delfino stiliaus miegojimo funkcija<br \/>\n\u2013 Patalyn\u0117s laikymo vieta<br \/>\n\u2013 Vingiuota spyruokl\u0117<br \/>\n\u2013 Silikoninis u\u017epildas<br \/>\n\u2013 3 nugaros atramos pagalv\u0117l\u0117s<\/p>","protected":false},"excerpt":{"rendered":"<p>HAVANA kampin\u0117 sofa Kampin\u0117 sofa Havana yra eleganti\u0161kas ir nesenstantis baldas, si\u016blomas \u012fvairi\u0173 spalv\u0173. Taip pat galite pasirinkti kampin\u0117s sofos \u0161on\u0105, kad puikiai j\u0105 priderintum\u0117te prie savo pageidavim\u0173. \u0160is modelis turi miegojimo funkcij\u0105 su delfino stiliaus i\u0161lankstymo sistema, patalyn\u0117s laikymo skyri\u0173, [\u2026]<\/p>","protected":false},"featured_media":216740,"comment_status":"open","ping_status":"closed","template":"","meta":[],"product_brand":[],"product_cat":[9133],"product_tag":[],"class_list":{"0":"post-216722","1":"product","2":"type-product","3":"status-publish","4":"has-post-thumbnail","6":"product_cat-grouped","8":"first","9":"instock","10":"shipping-taxable","11":"purchasable","12":"product-type-variable","13":"wvs-archive-product-wrapper"},"_links":{"self":[{"href":"https:\/\/baldumarket.lt\/lt\/wp-json\/wp\/v2\/product\/216722","targetHints":{"allow":["GET"]}}],"collection":[{"href":"https:\/\/baldumarket.lt\/lt\/wp-json\/wp\/v2\/product"}],"about":[{"href":"https:\/\/baldumarket.lt\/lt\/wp-json\/wp\/v2\/types\/product"}],"replies":[{"embeddable":true,"href":"https:\/\/baldumarket.lt\/lt\/wp-json\/wp\/v2\/comments?post=216722"}],"wp:featuredmedia":[{"embeddable":true,"href":"https:\/\/baldumarket.lt\/lt\/wp-json\/wp\/v2\/media\/216740"}],"wp:attachment":[{"href":"https:\/\/baldumarket.lt\/lt\/wp-json\/wp\/v2\/media?parent=216722"}],"wp:term":[{"taxonomy":"product_brand","embeddable":true,"href":"https:\/\/baldumarket.lt\/lt\/wp-json\/wp\/v2\/product_brand?post=216722"},{"taxonomy":"product_cat","embeddable":true,"href":"https:\/\/baldumarket.lt\/lt\/wp-json\/wp\/v2\/product_cat?post=216722"},{"taxonomy":"product_tag","embeddable":true,"href":"https:\/\/baldumarket.lt\/lt\/wp-json\/wp\/v2\/product_tag?post=216722"}],"curies":[{"name":"wp","href":"https:\/\/api.w.org\/{rel}","templated":true}]}}