{"id":216698,"date":"2025-12-27T02:56:24","date_gmt":"2025-12-26T23:56:24","guid":{"rendered":"https:\/\/baldumarket.lt\/?post_type=product&#038;p=216698"},"modified":"2026-03-24T12:16:52","modified_gmt":"2026-03-24T09:16:52","slug":"naroznik-mango-gr5","status":"publish","type":"product","link":"https:\/\/baldumarket.lt\/lt\/product\/naroznik-mango-gr5\/","title":{"rendered":"MANGO Gr5 kampin\u0117 sofa"},"content":{"rendered":"<p>MANGO kampin\u0117 sofa<br \/>\n\u201eMango\u201c kampin\u0117 sofa \u2013 tai modernus modelis, sukurtas atsi\u017evelgiant \u012f patraukl\u0173 dizain\u0105 ir kasdien\u012f komfort\u0105. Ji turi miegojimo funkcij\u0105 su delfino mechanizmu, kuris lengvai transformuoja sof\u0105 \u012f lov\u0105, taip pat patalyn\u0117s laikymo skyri\u0173. Taip pat verta pamin\u0117ti reguliuojamas galvos atramas ir judan\u010dius porankius, kurie leid\u017eia vartotojui rasti tobul\u0105 pad\u0117t\u012f. \u0160i\u0105 \u201eMango\u201c kampin\u0119 sof\u0105 galima laisvai pritaikyti \u2013 tiek apmu\u0161al\u0173, tiek \u0161on\u0173 variant\u0173 at\u017evilgiu.<br \/>\nMatmenys:<br \/>\n\u2013 Plotis: 260\u2013286 \/ 176 cm<br \/>\n\u2013 \u016agis: 75\u201392 cm<br \/>\n\u2013 Gylis: 110 cm<br \/>\n\u2013 Miegamoji erdv\u0117: 224 x 127 cm<br \/>\nSavyb\u0117s ir konstrukcija:<br \/>\n\u2013 Miego funkcija, delfin\u0173 mechanizmas<br \/>\n\u2013 Daiktad\u0117\u017e\u0117<br \/>\n\u2013 Banguota spyruokl\u0117<br \/>\n\u2013 Reguliuojamos galvos atramos<br \/>\n\u2013 Judantys porankiai<br \/>\n\u00a0<\/p>","protected":false},"excerpt":{"rendered":"<p>MANGO kampin\u0117 sofa \u201eMango\u201c kampin\u0117 sofa \u2013 tai modernus modelis, sukurtas atsi\u017evelgiant \u012f patraukl\u0173 dizain\u0105 ir kasdien\u012f komfort\u0105. Ji turi miegojimo funkcij\u0105 su delfino mechanizmu, kuris lengvai transformuoja sof\u0105 \u012f lov\u0105, taip pat patalyn\u0117s skyri\u0173. Taip pat verta pamin\u0117ti reguliuojamas galvos atramas ir judan\u010dius porankius, [\u2026]<\/p>","protected":false},"featured_media":216717,"comment_status":"open","ping_status":"closed","template":"","meta":[],"product_brand":[],"product_cat":[9133],"product_tag":[],"class_list":{"0":"post-216698","1":"product","2":"type-product","3":"status-publish","4":"has-post-thumbnail","6":"product_cat-grouped","8":"first","9":"instock","10":"shipping-taxable","11":"purchasable","12":"product-type-variable","13":"wvs-archive-product-wrapper"},"_links":{"self":[{"href":"https:\/\/baldumarket.lt\/lt\/wp-json\/wp\/v2\/product\/216698","targetHints":{"allow":["GET"]}}],"collection":[{"href":"https:\/\/baldumarket.lt\/lt\/wp-json\/wp\/v2\/product"}],"about":[{"href":"https:\/\/baldumarket.lt\/lt\/wp-json\/wp\/v2\/types\/product"}],"replies":[{"embeddable":true,"href":"https:\/\/baldumarket.lt\/lt\/wp-json\/wp\/v2\/comments?post=216698"}],"wp:featuredmedia":[{"embeddable":true,"href":"https:\/\/baldumarket.lt\/lt\/wp-json\/wp\/v2\/media\/216717"}],"wp:attachment":[{"href":"https:\/\/baldumarket.lt\/lt\/wp-json\/wp\/v2\/media?parent=216698"}],"wp:term":[{"taxonomy":"product_brand","embeddable":true,"href":"https:\/\/baldumarket.lt\/lt\/wp-json\/wp\/v2\/product_brand?post=216698"},{"taxonomy":"product_cat","embeddable":true,"href":"https:\/\/baldumarket.lt\/lt\/wp-json\/wp\/v2\/product_cat?post=216698"},{"taxonomy":"product_tag","embeddable":true,"href":"https:\/\/baldumarket.lt\/lt\/wp-json\/wp\/v2\/product_tag?post=216698"}],"curies":[{"name":"wp","href":"https:\/\/api.w.org\/{rel}","templated":true}]}}