{"id":216689,"date":"2025-12-27T02:56:13","date_gmt":"2025-12-26T23:56:13","guid":{"rendered":"https:\/\/baldumarket.lt\/?post_type=product&#038;p=216689"},"modified":"2026-02-03T23:14:29","modified_gmt":"2026-02-03T20:14:29","slug":"naroznik-madeira-program-3rp","status":"publish","type":"product","link":"https:\/\/baldumarket.lt\/lt\/product\/naroznik-madeira-program-3rp\/","title":{"rendered":"MADEIRA kampin\u0117 sofa \u2013 3RP programa"},"content":{"rendered":"<p>Kampin\u0117 sofa \u201eMadeira\u201c \u2013 tai erdvus baldas, puikiai tinkantis didesn\u0117ms erdv\u0117ms. Ji pasi\u017eymi gilia s\u0117dyne ir reguliuojamomis galvos atramomis. J\u0173 reguliavimas leid\u017eia rasti tobul\u0105 poilsiui skirt\u0105 pad\u0117t\u012f. \u201eMadeira\u201c \u2013 tai funkcionali, U formos kampin\u0117 sofa, puikiai tinkanti tiek dienos, tiek nakties poilsiui \u2013 sofa turi miegojimo funkcij\u0105. Sofa i\u0161siskleid\u017eia ve\u017eim\u0117lio sistemos pagalba, vos dviem paprastais \u017eingsniais paver\u010diant j\u0105 erdvia lova. Be to, sofa turi juosmens atramos pagalv\u0117les, skirtas patogiam stuburo poilsiui. Taip pat d\u0117mesio verti reguliuojami porankiai, leid\u017eiantys sofai puikiai prisitaikyti prie j\u016bs\u0173 poreiki\u0173. Kampin\u0117 sofa yra \u012fvairi\u0173 spalv\u0173 \u2013 galite rinktis i\u0161 daugiau nei 650 versij\u0173. Matmenys:<br \/>\n\u2013 Plotis: 350 cm<br \/>\n\u2013 Plotis 2: 245 cm<br \/>\n\u2013 Plotis 3: 184 cm<br \/>\n\u2013 \u016agis: 88\u2013111 cm<br \/>\n\u2013 Gylis: 102 cm<br \/>\n\u2013 Miegamoji erdv\u0117: 282 x 136 cm<br \/>\nSavyb\u0117s ir dizainas:<br \/>\n\u2013 Moderni kampin\u0117 sofa su miegojimo funkcija ir daiktad\u0117\u017ee<br \/>\n\u2013 DELFIN miego funkcija<br \/>\n\u2013 \u012e kain\u0105 ne\u012fskai\u010diuotos galvos atramos (galima \u012fsigyti u\u017e papildom\u0105 mokest\u012f)<br \/>\n\u2013 Juosmens pagalv\u0117l\u0117s<br \/>\n\u2013 Reguliuojami porankiai<br \/>\n\u2013 Galima \u012fsigyti i\u0161 plataus apmu\u0161al\u0173 audini\u0173 asortimento<br \/>\n\u2013 R\u0117mas pagamintas i\u0161 pu\u0161ies medienos, med\u017eio dro\u017eli\u0173 plok\u0161t\u0117s arba pluo\u0161to plok\u0161t\u0117s<br \/>\n\u2013 S\u0117dyn\u0117 turi banguot\u0105 spyruokl\u0119 ir poliuretano putas<br \/>\n\u2013 Atlo\u0161as pagamintas i\u0161 putplas\u010dio<br \/>\nPastabos:<br \/>\n\u2013 Standartiniai baldai pagaminti i\u0161 vieno audinio,<br \/>\n\u2013 Kaina nurodyta u\u017e kampin\u0119 sof\u0105 i\u0161 audinio\/eko odos, 1 klas\u0117s,<br \/>\n\u2013 Audinio tipas turi \u012ftakos kampin\u0117s sofos kainai.<br \/>\n\u2013 Dvi dekoratyvin\u0117s pagalv\u0117l\u0117s \u012f kolekcij\u0105 ne\u012feina.<br \/>\n\u2013 Galvos atrama galima \u012fsigyti u\u017e papildom\u0105 mokest\u012f.<\/p>","protected":false},"excerpt":{"rendered":"<p>Kampin\u0117 sofa \u201eMadeira\u201c \u2013 tai erdvus baldas, puikiai tinkantis didesn\u0117ms erdv\u0117ms. Ji pasi\u017eymi gilia s\u0117dyne ir reguliuojamomis galvos atramomis. J\u0173 reguliavimas leid\u017eia rasti tobul\u0105 atsipalaidavimo pad\u0117t\u012f. \u201eMadeira\u201c \u2013 tai funkcionali, U formos kampin\u0117 sofa, puikiai tinkanti tiek dienos, tiek nakties poilsiui \u2013 sofoje yra miegamoji [\u2026]<\/p>","protected":false},"featured_media":216707,"comment_status":"open","ping_status":"closed","template":"","meta":[],"product_brand":[],"product_cat":[7905,616,1982],"product_tag":[],"class_list":{"0":"post-216689","1":"product","2":"type-product","3":"status-publish","4":"has-post-thumbnail","6":"product_cat-benix","7":"product_cat-corners","8":"product_cat-corners-u","10":"first","11":"instock","12":"shipping-taxable","13":"product-type-grouped"},"_links":{"self":[{"href":"https:\/\/baldumarket.lt\/lt\/wp-json\/wp\/v2\/product\/216689","targetHints":{"allow":["GET"]}}],"collection":[{"href":"https:\/\/baldumarket.lt\/lt\/wp-json\/wp\/v2\/product"}],"about":[{"href":"https:\/\/baldumarket.lt\/lt\/wp-json\/wp\/v2\/types\/product"}],"replies":[{"embeddable":true,"href":"https:\/\/baldumarket.lt\/lt\/wp-json\/wp\/v2\/comments?post=216689"}],"wp:featuredmedia":[{"embeddable":true,"href":"https:\/\/baldumarket.lt\/lt\/wp-json\/wp\/v2\/media\/216707"}],"wp:attachment":[{"href":"https:\/\/baldumarket.lt\/lt\/wp-json\/wp\/v2\/media?parent=216689"}],"wp:term":[{"taxonomy":"product_brand","embeddable":true,"href":"https:\/\/baldumarket.lt\/lt\/wp-json\/wp\/v2\/product_brand?post=216689"},{"taxonomy":"product_cat","embeddable":true,"href":"https:\/\/baldumarket.lt\/lt\/wp-json\/wp\/v2\/product_cat?post=216689"},{"taxonomy":"product_tag","embeddable":true,"href":"https:\/\/baldumarket.lt\/lt\/wp-json\/wp\/v2\/product_tag?post=216689"}],"curies":[{"name":"wp","href":"https:\/\/api.w.org\/{rel}","templated":true}]}}