{"id":21662,"date":"2025-11-14T13:28:33","date_gmt":"2025-11-14T10:28:33","guid":{"rendered":"https:\/\/baldumarket.lt\/product\/materac-kieszeniowy-paola-90x200-aloevera\/"},"modified":"2026-03-24T18:26:02","modified_gmt":"2026-03-24T15:26:02","slug":"materac-kieszeniowy-paola-90x200-aloevera","status":"publish","type":"product","link":"https:\/\/baldumarket.lt\/lt\/product\/materac-kieszeniowy-paola-90x200-aloevera\/","title":{"rendered":"Paola ki\u0161enini\u0173 spyruokli\u0173 \u010diu\u017einys 90\u00d7200, Aloevera"},"content":{"rendered":"<p>Gerai parinktas \u010diu\u017einys yra raktas \u012f ger\u0105 nakties mieg\u0105. \u017dinome, koks svarbus \u0161is pasirinkimas, tod\u0117l suk\u016br\u0117me \u201ePaola\u201c ki\u0161enini\u0173 spyruokli\u0173 \u010diu\u017ein\u012f su alavijo u\u017evalkalu. Ki\u0161enin\u0117s spyruokl\u0117s u\u017etikrina, kad \u010diu\u017einio pavir\u0161ius nerauk\u0161l\u0117t\u0173si ir nevibruot\u0173. Be to, T2542 putplastis u\u017etikrina patvarum\u0105 ir komfort\u0105, o visa tai apgaubta nuimamu alavijo u\u017evalkalu.<\/p>","protected":false},"excerpt":{"rendered":"<p>Gerai parinktas \u010diu\u017einys yra raktas \u012f ger\u0105 nakties mieg\u0105. \u017dinome, koks svarbus \u0161is pasirinkimas, tod\u0117l suk\u016br\u0117me \u201ePaola\u201c ki\u0161enini\u0173 spyruokli\u0173 \u010diu\u017ein\u012f su alavijo u\u017evalkalu. Ki\u0161enin\u0117s spyruokl\u0117s u\u017etikrina, kad \u010diu\u017einio pavir\u0161ius nerauk\u0161l\u0117t\u0173si ir nevibruot\u0173. Be to, T2542 putplastis u\u017etikrina patvarum\u0105 ir komfort\u0105, o visa tai apgaubta [\u2026]<\/p>","protected":false},"featured_media":21656,"comment_status":"open","ping_status":"open","template":"","meta":[],"product_brand":[],"product_cat":[2012,1099,1975],"product_tag":[],"class_list":{"0":"post-21662","1":"product","2":"type-product","3":"status-publish","4":"has-post-thumbnail","6":"product_cat-eltap","7":"product_cat-mattresses","8":"product_cat-mattresses-90x200","10":"first","11":"instock","12":"purchasable","13":"product-type-simple"},"_links":{"self":[{"href":"https:\/\/baldumarket.lt\/lt\/wp-json\/wp\/v2\/product\/21662","targetHints":{"allow":["GET"]}}],"collection":[{"href":"https:\/\/baldumarket.lt\/lt\/wp-json\/wp\/v2\/product"}],"about":[{"href":"https:\/\/baldumarket.lt\/lt\/wp-json\/wp\/v2\/types\/product"}],"replies":[{"embeddable":true,"href":"https:\/\/baldumarket.lt\/lt\/wp-json\/wp\/v2\/comments?post=21662"}],"wp:featuredmedia":[{"embeddable":true,"href":"https:\/\/baldumarket.lt\/lt\/wp-json\/wp\/v2\/media\/21656"}],"wp:attachment":[{"href":"https:\/\/baldumarket.lt\/lt\/wp-json\/wp\/v2\/media?parent=21662"}],"wp:term":[{"taxonomy":"product_brand","embeddable":true,"href":"https:\/\/baldumarket.lt\/lt\/wp-json\/wp\/v2\/product_brand?post=21662"},{"taxonomy":"product_cat","embeddable":true,"href":"https:\/\/baldumarket.lt\/lt\/wp-json\/wp\/v2\/product_cat?post=21662"},{"taxonomy":"product_tag","embeddable":true,"href":"https:\/\/baldumarket.lt\/lt\/wp-json\/wp\/v2\/product_tag?post=21662"}],"curies":[{"name":"wp","href":"https:\/\/api.w.org\/{rel}","templated":true}]}}