{"id":215894,"date":"2025-12-26T20:58:44","date_gmt":"2025-12-26T17:58:44","guid":{"rendered":"https:\/\/baldumarket.lt\/?post_type=product&#038;p=215894"},"modified":"2026-02-03T23:14:30","modified_gmt":"2026-02-03T20:14:30","slug":"lozka-tapicerowane-amber-120x200-podnosnik-stelaz-pojemnik","status":"publish","type":"product","link":"https:\/\/baldumarket.lt\/lt\/product\/lozka-tapicerowane-amber-120x200-podnosnik-stelaz-pojemnik\/","title":{"rendered":"Gintaro spalvos apmu\u0161tos lovos 120\u00d7200, pak\u0117limo svirtis, r\u0117mas, konteineris"},"content":{"rendered":"<p>\u201eAmber\u201c apmu\u0161ta lova \u2013 puikus pasirinkimas tiems, kurie vertina modernaus dizaino, komforto ir prakti\u0161kumo derin\u012f. \u0160is modelis i\u0161siskiria auk\u0161tos kokyb\u0117s meistri\u0161kumu ir funkcionaliomis savyb\u0117mis, u\u017etikrinan\u010diomis patog\u0173 ir be r\u016bpes\u010di\u0173 kasdien\u012f naudojim\u0105. D\u0117l universalaus stiliaus \u201eAmber\u201c lova lengvai prisitaiko prie \u012fvairi\u0173 interjero dizain\u0173.<\/p>","protected":false},"excerpt":{"rendered":"<p>Plotis: 138 cm<br \/>\nIlgis: 227 cm<br \/>\nAuk\u0161tis: 103 cm<br \/>\nMiegamasis plotas: 120 \u00d7 200 cm<br \/>\n\u0160oninis auk\u0161tis: 35 cm<\/p>","protected":false},"featured_media":215972,"comment_status":"open","ping_status":"closed","template":"","meta":[],"product_brand":[],"product_cat":[505,1969,7271],"product_tag":[],"class_list":{"0":"post-215894","1":"product","2":"type-product","3":"status-publish","4":"has-post-thumbnail","6":"product_cat-bedroom-beds","7":"product_cat-beds-120x200","8":"product_cat-meble-gruszka","10":"first","11":"instock","12":"shipping-taxable","13":"purchasable","14":"product-type-variable","15":"wvs-archive-product-wrapper"},"_links":{"self":[{"href":"https:\/\/baldumarket.lt\/lt\/wp-json\/wp\/v2\/product\/215894","targetHints":{"allow":["GET"]}}],"collection":[{"href":"https:\/\/baldumarket.lt\/lt\/wp-json\/wp\/v2\/product"}],"about":[{"href":"https:\/\/baldumarket.lt\/lt\/wp-json\/wp\/v2\/types\/product"}],"replies":[{"embeddable":true,"href":"https:\/\/baldumarket.lt\/lt\/wp-json\/wp\/v2\/comments?post=215894"}],"wp:featuredmedia":[{"embeddable":true,"href":"https:\/\/baldumarket.lt\/lt\/wp-json\/wp\/v2\/media\/215972"}],"wp:attachment":[{"href":"https:\/\/baldumarket.lt\/lt\/wp-json\/wp\/v2\/media?parent=215894"}],"wp:term":[{"taxonomy":"product_brand","embeddable":true,"href":"https:\/\/baldumarket.lt\/lt\/wp-json\/wp\/v2\/product_brand?post=215894"},{"taxonomy":"product_cat","embeddable":true,"href":"https:\/\/baldumarket.lt\/lt\/wp-json\/wp\/v2\/product_cat?post=215894"},{"taxonomy":"product_tag","embeddable":true,"href":"https:\/\/baldumarket.lt\/lt\/wp-json\/wp\/v2\/product_tag?post=215894"}],"curies":[{"name":"wp","href":"https:\/\/api.w.org\/{rel}","templated":true}]}}