{"id":215879,"date":"2025-12-26T20:57:57","date_gmt":"2025-12-26T17:57:57","guid":{"rendered":"https:\/\/baldumarket.lt\/?post_type=product&#038;p=215879"},"modified":"2026-02-03T23:14:31","modified_gmt":"2026-02-03T20:14:31","slug":"lozka-tapicerowane-amber-140x200-podnosnik-stelaz-pojemnik","status":"publish","type":"product","link":"https:\/\/baldumarket.lt\/lt\/product\/lozka-tapicerowane-amber-140x200-podnosnik-stelaz-pojemnik\/","title":{"rendered":"Gintaro spalvos apmu\u0161tos lovos 140\u00d7200, pak\u0117limo svirtis, r\u0117mas, konteineris"},"content":{"rendered":"<p>\u201eAmber\u201c 140\u00d7200 cm mink\u0161ta lova \u2013 puikus sprendimas ie\u0161kantiems patogi\u0173, stiling\u0173 ir prakti\u0161k\u0173 bald\u0173 vidutinio dyd\u017eio miegamajam. \u0160is modelis derina modern\u0173 dizain\u0105 su funkcionalumu, tod\u0117l kasdienis naudojimas yra ne\u012ftik\u0117tinai patogus. \u201eAmber\u201c 140\u00d7200 cm lovos galv\u016bgalis yra eleganti\u0161kas, i\u0161lenktas, suteikiantis patogi\u0105 atram\u0105 ilsintis, skaitant ar atsipalaiduojant. \u201eAmber\u201c lovos galv\u016bgalis sukurtas taip, kad u\u017etikrint\u0173 maksimal\u0173 komfort\u0105 kasdienio naudojimo metu ir kartu suteikt\u0173 lovai modern\u0173 ir eleganti\u0161k\u0105 vaizd\u0105.<\/p>","protected":false},"excerpt":{"rendered":"<p>Plotis: 158 cm<br \/>\nIlgis: 227 cm<br \/>\nAuk\u0161tis: 103 cm<br \/>\nMiegamasis plotas: 140 \u00d7 200 cm<br \/>\n\u0160oninis auk\u0161tis: 35 cm<\/p>","protected":false},"featured_media":215965,"comment_status":"open","ping_status":"closed","template":"","meta":[],"product_brand":[],"product_cat":[505,1970,7271],"product_tag":[],"class_list":{"0":"post-215879","1":"product","2":"type-product","3":"status-publish","4":"has-post-thumbnail","6":"product_cat-bedroom-beds","7":"product_cat-beds-140x200","8":"product_cat-meble-gruszka","10":"first","11":"instock","12":"shipping-taxable","13":"purchasable","14":"product-type-variable","15":"wvs-archive-product-wrapper"},"_links":{"self":[{"href":"https:\/\/baldumarket.lt\/lt\/wp-json\/wp\/v2\/product\/215879","targetHints":{"allow":["GET"]}}],"collection":[{"href":"https:\/\/baldumarket.lt\/lt\/wp-json\/wp\/v2\/product"}],"about":[{"href":"https:\/\/baldumarket.lt\/lt\/wp-json\/wp\/v2\/types\/product"}],"replies":[{"embeddable":true,"href":"https:\/\/baldumarket.lt\/lt\/wp-json\/wp\/v2\/comments?post=215879"}],"wp:featuredmedia":[{"embeddable":true,"href":"https:\/\/baldumarket.lt\/lt\/wp-json\/wp\/v2\/media\/215965"}],"wp:attachment":[{"href":"https:\/\/baldumarket.lt\/lt\/wp-json\/wp\/v2\/media?parent=215879"}],"wp:term":[{"taxonomy":"product_brand","embeddable":true,"href":"https:\/\/baldumarket.lt\/lt\/wp-json\/wp\/v2\/product_brand?post=215879"},{"taxonomy":"product_cat","embeddable":true,"href":"https:\/\/baldumarket.lt\/lt\/wp-json\/wp\/v2\/product_cat?post=215879"},{"taxonomy":"product_tag","embeddable":true,"href":"https:\/\/baldumarket.lt\/lt\/wp-json\/wp\/v2\/product_tag?post=215879"}],"curies":[{"name":"wp","href":"https:\/\/api.w.org\/{rel}","templated":true}]}}