{"id":215877,"date":"2025-12-26T20:57:54","date_gmt":"2025-12-26T17:57:54","guid":{"rendered":"https:\/\/baldumarket.lt\/?post_type=product&#038;p=215877"},"modified":"2026-02-03T23:14:31","modified_gmt":"2026-02-03T20:14:31","slug":"lozka-tapicerowane-amber-160x200-podnosnik-stelaz-pojemnik","status":"publish","type":"product","link":"https:\/\/baldumarket.lt\/lt\/product\/lozka-tapicerowane-amber-160x200-podnosnik-stelaz-pojemnik\/","title":{"rendered":"Gintaro spalvos apmu\u0161tos lovos 160\u00d7200, pak\u0117limo svirtis, r\u0117mas, konteineris"},"content":{"rendered":"<p>\u201eAmber\u201c 160\u00d7200 cm mink\u0161ta lova \u2013 puikus pasirinkimas tiems, kurie vertina modernaus dizaino ir funkcionalumo derin\u012f. Ji puikiai tinka vidutinio ir didelio dyd\u017eio miegamiesiems, si\u016blydama patogi\u0105 miegojimo viet\u0105 ir prakti\u0161kas savybes, kurios supaprastina kasdien\u012f gyvenim\u0105. \u201eAmber\u201c modelis pasi\u017eymi stilingu, i\u0161lenktu galv\u016bgaliu, kuris ne tik yra dekoratyvinis elementas, bet ir suteikia patogi\u0105 atram\u0105 vakaro poilsiui su knyga ar prie\u0161ais televizori\u0173. Mink\u0161tas apmu\u0161alas ir subtilus kont\u016bras garantuoja komfort\u0105 kiekvien\u0105 dien\u0105.<\/p>","protected":false},"excerpt":{"rendered":"<p>Plotis: 178 cm<br \/>\nIlgis: 227 cm<br \/>\nAuk\u0161tis: 103 cm<br \/>\nMiegamoji erdv\u0117: 160 \u00d7 200 cm<br \/>\n\u0160oninis auk\u0161tis: 35 cm<\/p>","protected":false},"featured_media":215958,"comment_status":"open","ping_status":"closed","template":"","meta":[],"product_brand":[],"product_cat":[505,1971,7271],"product_tag":[],"class_list":{"0":"post-215877","1":"product","2":"type-product","3":"status-publish","4":"has-post-thumbnail","6":"product_cat-bedroom-beds","7":"product_cat-beds-160x200","8":"product_cat-meble-gruszka","10":"first","11":"instock","12":"shipping-taxable","13":"purchasable","14":"product-type-variable","15":"wvs-archive-product-wrapper"},"_links":{"self":[{"href":"https:\/\/baldumarket.lt\/lt\/wp-json\/wp\/v2\/product\/215877","targetHints":{"allow":["GET"]}}],"collection":[{"href":"https:\/\/baldumarket.lt\/lt\/wp-json\/wp\/v2\/product"}],"about":[{"href":"https:\/\/baldumarket.lt\/lt\/wp-json\/wp\/v2\/types\/product"}],"replies":[{"embeddable":true,"href":"https:\/\/baldumarket.lt\/lt\/wp-json\/wp\/v2\/comments?post=215877"}],"wp:featuredmedia":[{"embeddable":true,"href":"https:\/\/baldumarket.lt\/lt\/wp-json\/wp\/v2\/media\/215958"}],"wp:attachment":[{"href":"https:\/\/baldumarket.lt\/lt\/wp-json\/wp\/v2\/media?parent=215877"}],"wp:term":[{"taxonomy":"product_brand","embeddable":true,"href":"https:\/\/baldumarket.lt\/lt\/wp-json\/wp\/v2\/product_brand?post=215877"},{"taxonomy":"product_cat","embeddable":true,"href":"https:\/\/baldumarket.lt\/lt\/wp-json\/wp\/v2\/product_cat?post=215877"},{"taxonomy":"product_tag","embeddable":true,"href":"https:\/\/baldumarket.lt\/lt\/wp-json\/wp\/v2\/product_tag?post=215877"}],"curies":[{"name":"wp","href":"https:\/\/api.w.org\/{rel}","templated":true}]}}