{"id":215863,"date":"2025-12-26T20:57:16","date_gmt":"2025-12-26T17:57:16","guid":{"rendered":"https:\/\/baldumarket.lt\/?post_type=product&#038;p=215863"},"modified":"2026-02-03T23:14:31","modified_gmt":"2026-02-03T20:14:31","slug":"lozka-tapicerowane-amber-180x200-podnosnik-stelaz-pojemnik","status":"publish","type":"product","link":"https:\/\/baldumarket.lt\/lt\/product\/lozka-tapicerowane-amber-180x200-podnosnik-stelaz-pojemnik\/","title":{"rendered":"Gintaro spalvos apmu\u0161tos lovos 180\u00d7200, keltuvas, r\u0117mas, konteineris"},"content":{"rendered":"<p>\u201eAmber\u201c 180\u00d7200 cm mink\u0161ta lova puikiai tinka tiems, kurie vertina erdv\u0119, komfort\u0105 ir eleganti\u0161k\u0105 miegamojo i\u0161vaizd\u0105. \u0160is modelis derina modern\u0173 dizain\u0105 su funkcionaliomis savyb\u0117mis, puikiai tinkan\u010diomis kasdieniam naudojimui. Didelis miegojimo plotas suteikia komfort\u0105 dviem \u017emon\u0117ms, o naudojamos med\u017eiagos garantuoja patvarum\u0105 ir komfort\u0105 ilgus metus.<\/p>","protected":false},"excerpt":{"rendered":"<p>Plotis: 198 cm<br \/>\nIlgis: 227 cm<br \/>\nAuk\u0161tis: 103 cm<br \/>\nMiegamoji erdv\u0117: 180 \u00d7 200 cm<br \/>\n\u0160oninis auk\u0161tis: 35 cm<\/p>","protected":false},"featured_media":215951,"comment_status":"open","ping_status":"closed","template":"","meta":[],"product_brand":[],"product_cat":[505,1972,7271],"product_tag":[],"class_list":{"0":"post-215863","1":"product","2":"type-product","3":"status-publish","4":"has-post-thumbnail","6":"product_cat-bedroom-beds","7":"product_cat-beds-180x200","8":"product_cat-meble-gruszka","10":"first","11":"instock","12":"shipping-taxable","13":"purchasable","14":"product-type-variable","15":"wvs-archive-product-wrapper"},"_links":{"self":[{"href":"https:\/\/baldumarket.lt\/lt\/wp-json\/wp\/v2\/product\/215863","targetHints":{"allow":["GET"]}}],"collection":[{"href":"https:\/\/baldumarket.lt\/lt\/wp-json\/wp\/v2\/product"}],"about":[{"href":"https:\/\/baldumarket.lt\/lt\/wp-json\/wp\/v2\/types\/product"}],"replies":[{"embeddable":true,"href":"https:\/\/baldumarket.lt\/lt\/wp-json\/wp\/v2\/comments?post=215863"}],"wp:featuredmedia":[{"embeddable":true,"href":"https:\/\/baldumarket.lt\/lt\/wp-json\/wp\/v2\/media\/215951"}],"wp:attachment":[{"href":"https:\/\/baldumarket.lt\/lt\/wp-json\/wp\/v2\/media?parent=215863"}],"wp:term":[{"taxonomy":"product_brand","embeddable":true,"href":"https:\/\/baldumarket.lt\/lt\/wp-json\/wp\/v2\/product_brand?post=215863"},{"taxonomy":"product_cat","embeddable":true,"href":"https:\/\/baldumarket.lt\/lt\/wp-json\/wp\/v2\/product_cat?post=215863"},{"taxonomy":"product_tag","embeddable":true,"href":"https:\/\/baldumarket.lt\/lt\/wp-json\/wp\/v2\/product_tag?post=215863"}],"curies":[{"name":"wp","href":"https:\/\/api.w.org\/{rel}","templated":true}]}}