{"id":215861,"date":"2025-12-26T20:57:13","date_gmt":"2025-12-26T17:57:13","guid":{"rendered":"https:\/\/baldumarket.lt\/?post_type=product&#038;p=215861"},"modified":"2026-02-03T23:14:31","modified_gmt":"2026-02-03T20:14:31","slug":"lozka-tapicerowane-amber-200x200-podnosnik-stelaz-pojemnik","status":"publish","type":"product","link":"https:\/\/baldumarket.lt\/lt\/product\/lozka-tapicerowane-amber-200x200-podnosnik-stelaz-pojemnik\/","title":{"rendered":"Gintaro spalvos apmu\u0161tos lovos 200\u00d7200, keltuvas, r\u0117mas, konteineris"},"content":{"rendered":"<p>\u201eAmber\u201c 200 \u00d7 200 cm mink\u0161ta lova \u2013 puikus pasirinkimas ie\u0161kantiems auk\u0161\u010diausio \u012fmanomo miego komforto ir \u012fsp\u016bdingo miegamojo dizaino. Platus miegojimo pavir\u0161ius, funkcionalios savyb\u0117s ir modernus dizainas daro \u0161\u012f model\u012f unikal\u0173 tiek esteti\u0161kai, tiek prakti\u0161kai.<\/p>","protected":false},"excerpt":{"rendered":"<p>Plotis: 218 cm<br \/>\nIlgis: 227 cm<br \/>\nAuk\u0161tis: 103 cm<br \/>\nMiegamasis plotas: 200 \u00d7 200 cm<br \/>\n\u0160oninis auk\u0161tis: 35 cm<\/p>","protected":false},"featured_media":215944,"comment_status":"open","ping_status":"closed","template":"","meta":[],"product_brand":[],"product_cat":[505,9143,7271],"product_tag":[],"class_list":{"0":"post-215861","1":"product","2":"type-product","3":"status-publish","4":"has-post-thumbnail","6":"product_cat-bedroom-beds","7":"product_cat-beds-200x200","8":"product_cat-meble-gruszka","10":"first","11":"instock","12":"shipping-taxable","13":"purchasable","14":"product-type-variable","15":"wvs-archive-product-wrapper"},"_links":{"self":[{"href":"https:\/\/baldumarket.lt\/lt\/wp-json\/wp\/v2\/product\/215861","targetHints":{"allow":["GET"]}}],"collection":[{"href":"https:\/\/baldumarket.lt\/lt\/wp-json\/wp\/v2\/product"}],"about":[{"href":"https:\/\/baldumarket.lt\/lt\/wp-json\/wp\/v2\/types\/product"}],"replies":[{"embeddable":true,"href":"https:\/\/baldumarket.lt\/lt\/wp-json\/wp\/v2\/comments?post=215861"}],"wp:featuredmedia":[{"embeddable":true,"href":"https:\/\/baldumarket.lt\/lt\/wp-json\/wp\/v2\/media\/215944"}],"wp:attachment":[{"href":"https:\/\/baldumarket.lt\/lt\/wp-json\/wp\/v2\/media?parent=215861"}],"wp:term":[{"taxonomy":"product_brand","embeddable":true,"href":"https:\/\/baldumarket.lt\/lt\/wp-json\/wp\/v2\/product_brand?post=215861"},{"taxonomy":"product_cat","embeddable":true,"href":"https:\/\/baldumarket.lt\/lt\/wp-json\/wp\/v2\/product_cat?post=215861"},{"taxonomy":"product_tag","embeddable":true,"href":"https:\/\/baldumarket.lt\/lt\/wp-json\/wp\/v2\/product_tag?post=215861"}],"curies":[{"name":"wp","href":"https:\/\/api.w.org\/{rel}","templated":true}]}}