{"id":215847,"date":"2025-12-26T20:56:38","date_gmt":"2025-12-26T17:56:38","guid":{"rendered":"https:\/\/baldumarket.lt\/?post_type=product&#038;p=215847"},"modified":"2026-02-03T23:14:31","modified_gmt":"2026-02-03T20:14:31","slug":"lozka-tapicerowane-apollo-120x200-podnosnik-stelaz-pojemnik","status":"publish","type":"product","link":"https:\/\/baldumarket.lt\/lt\/product\/lozka-tapicerowane-apollo-120x200-podnosnik-stelaz-pojemnik\/","title":{"rendered":"Apollo mink\u0161tos lovos 120\u00d7200, su pak\u0117limo mechanizmu, r\u0117mu, konteineriu"},"content":{"rendered":"<p>\u201eApollo\u201c mink\u0161ta lova, kurios matmenys \u2013 120 \u00d7 200 cm, \u2013 puikus pasirinkimas ie\u0161kantiems patogaus ir eleganti\u0161ko baldo ma\u017eesniems miegamiesiems, sve\u010di\u0173 kambariams ar jaunimo kambariams. Kompakti\u0161kas dydis nekenkia jo funkcionalumui ar rafinuotai i\u0161vaizdai. \u0160velniai i\u0161lenktas galv\u016bgalis suteikia patogi\u0105 nugaros ir galvos atram\u0105 vakaro poilsiui, knygos skaitymui ar darbui su ne\u0161iojamuoju kompiuteriu.<\/p>","protected":false},"excerpt":{"rendered":"<p>Plotis: 138 cm<br \/>\nIlgis: 222 cm<br \/>\nAuk\u0161tis: 100 cm<br \/>\nMiegamasis plotas: 120 \u00d7 200 cm<br \/>\n\u0160oninis auk\u0161tis: 35 cm<\/p>","protected":false},"featured_media":215940,"comment_status":"open","ping_status":"closed","template":"","meta":[],"product_brand":[],"product_cat":[505,1969,7271],"product_tag":[],"class_list":{"0":"post-215847","1":"product","2":"type-product","3":"status-publish","4":"has-post-thumbnail","6":"product_cat-bedroom-beds","7":"product_cat-beds-120x200","8":"product_cat-meble-gruszka","10":"first","11":"instock","12":"shipping-taxable","13":"purchasable","14":"product-type-variable","15":"wvs-archive-product-wrapper"},"_links":{"self":[{"href":"https:\/\/baldumarket.lt\/lt\/wp-json\/wp\/v2\/product\/215847","targetHints":{"allow":["GET"]}}],"collection":[{"href":"https:\/\/baldumarket.lt\/lt\/wp-json\/wp\/v2\/product"}],"about":[{"href":"https:\/\/baldumarket.lt\/lt\/wp-json\/wp\/v2\/types\/product"}],"replies":[{"embeddable":true,"href":"https:\/\/baldumarket.lt\/lt\/wp-json\/wp\/v2\/comments?post=215847"}],"wp:featuredmedia":[{"embeddable":true,"href":"https:\/\/baldumarket.lt\/lt\/wp-json\/wp\/v2\/media\/215940"}],"wp:attachment":[{"href":"https:\/\/baldumarket.lt\/lt\/wp-json\/wp\/v2\/media?parent=215847"}],"wp:term":[{"taxonomy":"product_brand","embeddable":true,"href":"https:\/\/baldumarket.lt\/lt\/wp-json\/wp\/v2\/product_brand?post=215847"},{"taxonomy":"product_cat","embeddable":true,"href":"https:\/\/baldumarket.lt\/lt\/wp-json\/wp\/v2\/product_cat?post=215847"},{"taxonomy":"product_tag","embeddable":true,"href":"https:\/\/baldumarket.lt\/lt\/wp-json\/wp\/v2\/product_tag?post=215847"}],"curies":[{"name":"wp","href":"https:\/\/api.w.org\/{rel}","templated":true}]}}