{"id":215811,"date":"2025-12-26T20:55:06","date_gmt":"2025-12-26T17:55:06","guid":{"rendered":"https:\/\/baldumarket.lt\/?post_type=product&#038;p=215811"},"modified":"2026-02-03T23:14:32","modified_gmt":"2026-02-03T20:14:32","slug":"lozka-tapicerowane-apollo-200x200-podnosnik-stelaz-pojemnik","status":"publish","type":"product","link":"https:\/\/baldumarket.lt\/lt\/product\/lozka-tapicerowane-apollo-200x200-podnosnik-stelaz-pojemnik\/","title":{"rendered":"Apollo mink\u0161tos lovos 200&#215;200, su pak\u0117limo mechanizmu, r\u0117mu, konteineriu"},"content":{"rendered":"<p>\u201eApollo\u201c 200 \u00d7 200 cm mink\u0161ta lova \u2013 puikus sprendimas tiems, kurie vertina komfort\u0105 ir elegancij\u0105 dideliame miegamajame. Erdvus miegojimo pavir\u0161ius suteikia maksimal\u0173 komfort\u0105 ir leid\u017eia netrukdomai atsipalaiduoti. Ergonomi\u0161kai i\u0161lenktas galv\u016bgalis suteikia stiliaus ir funkcionalumo, u\u017etikrindamas patogi\u0105 atram\u0105 ilsintis ar skaitant.<\/p>","protected":false},"excerpt":{"rendered":"<p>Plotis: 218 cm<br \/>\nIlgis: 222 cm<br \/>\nAuk\u0161tis: 100 cm<br \/>\nMiegamasis plotas: 200 \u00d7 200 cm<br \/>\n\u0160oninis auk\u0161tis: 35 cm<\/p>","protected":false},"featured_media":215924,"comment_status":"open","ping_status":"closed","template":"","meta":[],"product_brand":[],"product_cat":[505,9143,7271],"product_tag":[],"class_list":{"0":"post-215811","1":"product","2":"type-product","3":"status-publish","4":"has-post-thumbnail","6":"product_cat-bedroom-beds","7":"product_cat-beds-200x200","8":"product_cat-meble-gruszka","10":"first","11":"instock","12":"shipping-taxable","13":"purchasable","14":"product-type-variable","15":"wvs-archive-product-wrapper"},"_links":{"self":[{"href":"https:\/\/baldumarket.lt\/lt\/wp-json\/wp\/v2\/product\/215811","targetHints":{"allow":["GET"]}}],"collection":[{"href":"https:\/\/baldumarket.lt\/lt\/wp-json\/wp\/v2\/product"}],"about":[{"href":"https:\/\/baldumarket.lt\/lt\/wp-json\/wp\/v2\/types\/product"}],"replies":[{"embeddable":true,"href":"https:\/\/baldumarket.lt\/lt\/wp-json\/wp\/v2\/comments?post=215811"}],"wp:featuredmedia":[{"embeddable":true,"href":"https:\/\/baldumarket.lt\/lt\/wp-json\/wp\/v2\/media\/215924"}],"wp:attachment":[{"href":"https:\/\/baldumarket.lt\/lt\/wp-json\/wp\/v2\/media?parent=215811"}],"wp:term":[{"taxonomy":"product_brand","embeddable":true,"href":"https:\/\/baldumarket.lt\/lt\/wp-json\/wp\/v2\/product_brand?post=215811"},{"taxonomy":"product_cat","embeddable":true,"href":"https:\/\/baldumarket.lt\/lt\/wp-json\/wp\/v2\/product_cat?post=215811"},{"taxonomy":"product_tag","embeddable":true,"href":"https:\/\/baldumarket.lt\/lt\/wp-json\/wp\/v2\/product_tag?post=215811"}],"curies":[{"name":"wp","href":"https:\/\/api.w.org\/{rel}","templated":true}]}}