{"id":215784,"date":"2025-12-26T20:53:55","date_gmt":"2025-12-26T17:53:55","guid":{"rendered":"https:\/\/baldumarket.lt\/?post_type=product&#038;p=215784"},"modified":"2026-02-03T23:14:32","modified_gmt":"2026-02-03T20:14:32","slug":"lozka-tapicerowane-borneo-160x200-cm-pojemnik-stelaz","status":"publish","type":"product","link":"https:\/\/baldumarket.lt\/lt\/product\/lozka-tapicerowane-borneo-160x200-cm-pojemnik-stelaz\/","title":{"rendered":"\u201eBorneo\u201c mink\u0161tos lovos 160\u00d7200 cm, konteineris, r\u0117mas"},"content":{"rendered":"<p>\u201eBorneo\u201c 160 \u00d7 200 cm lova \u2013 stilingas ir funkcionalus pasirinkimas moderniam miegamajam. Pagaminta i\u0161 auk\u0161tos kokyb\u0117s med\u017eiag\u0173, ji sukurta atsi\u017evelgiant \u012f patogum\u0105 ir prakti\u0161k\u0105 daikt\u0173 laikymo viet\u0105. Minimalistinis dizainas be galv\u016bgalio puikiai tinka pal\u0117p\u0117s miegamiesiems, kur svarbus kiekvienas erdv\u0117s centimetras.<\/p>","protected":false},"excerpt":{"rendered":"<p>Plotis: 174 cm<br \/>\nIlgis: 218 cm<br \/>\nAuk\u0161tis: 35 cm<br \/>\nMiegamoji erdv\u0117: 160 \u00d7 200 cm<br \/>\n\u0160oninis auk\u0161tis: 35 cm<\/p>","protected":false},"featured_media":215903,"comment_status":"open","ping_status":"closed","template":"","meta":[],"product_brand":[],"product_cat":[505,1971,7271],"product_tag":[],"class_list":{"0":"post-215784","1":"product","2":"type-product","3":"status-publish","4":"has-post-thumbnail","6":"product_cat-bedroom-beds","7":"product_cat-beds-160x200","8":"product_cat-meble-gruszka","10":"first","11":"instock","12":"shipping-taxable","13":"purchasable","14":"product-type-variable","15":"wvs-archive-product-wrapper"},"_links":{"self":[{"href":"https:\/\/baldumarket.lt\/lt\/wp-json\/wp\/v2\/product\/215784","targetHints":{"allow":["GET"]}}],"collection":[{"href":"https:\/\/baldumarket.lt\/lt\/wp-json\/wp\/v2\/product"}],"about":[{"href":"https:\/\/baldumarket.lt\/lt\/wp-json\/wp\/v2\/types\/product"}],"replies":[{"embeddable":true,"href":"https:\/\/baldumarket.lt\/lt\/wp-json\/wp\/v2\/comments?post=215784"}],"wp:featuredmedia":[{"embeddable":true,"href":"https:\/\/baldumarket.lt\/lt\/wp-json\/wp\/v2\/media\/215903"}],"wp:attachment":[{"href":"https:\/\/baldumarket.lt\/lt\/wp-json\/wp\/v2\/media?parent=215784"}],"wp:term":[{"taxonomy":"product_brand","embeddable":true,"href":"https:\/\/baldumarket.lt\/lt\/wp-json\/wp\/v2\/product_brand?post=215784"},{"taxonomy":"product_cat","embeddable":true,"href":"https:\/\/baldumarket.lt\/lt\/wp-json\/wp\/v2\/product_cat?post=215784"},{"taxonomy":"product_tag","embeddable":true,"href":"https:\/\/baldumarket.lt\/lt\/wp-json\/wp\/v2\/product_tag?post=215784"}],"curies":[{"name":"wp","href":"https:\/\/api.w.org\/{rel}","templated":true}]}}