{"id":215766,"date":"2025-12-26T20:53:10","date_gmt":"2025-12-26T17:53:10","guid":{"rendered":"https:\/\/baldumarket.lt\/?post_type=product&#038;p=215766"},"modified":"2026-02-03T23:14:32","modified_gmt":"2026-02-03T20:14:32","slug":"lozka-tapicerowane-borneo-200x200-cm-pojemnik-stelaz","status":"publish","type":"product","link":"https:\/\/baldumarket.lt\/lt\/product\/lozka-tapicerowane-borneo-200x200-cm-pojemnik-stelaz\/","title":{"rendered":"\u201eBorneo\u201c mink\u0161tos lovos 200&#215;200 cm, konteineris, r\u0117mas"},"content":{"rendered":"<p>\u201eBorneo\u201c 200 \u00d7 200 cm lova \u2013 puikus pasirinkimas ie\u0161kantiems erdvios ir patogios miegojimo vietos. \u0160i didel\u0117 mink\u0161ta lova, sukurta dideliems miegamiesiems, pasi\u017eymi moderniu dizainu be galv\u016bgalio, funkcionalumu ir auk\u0161tos kokyb\u0117s meistri\u0161kumu.<\/p>","protected":false},"excerpt":{"rendered":"<p>Plotis: 214 cm<br \/>\nIlgis: 213 cm<br \/>\nAuk\u0161tis: 35 cm<br \/>\nMiegamasis plotas: 200 \u00d7 200 cm<br \/>\n\u0160oninis auk\u0161tis: 35 cm<\/p>","protected":false},"featured_media":215886,"comment_status":"open","ping_status":"closed","template":"","meta":[],"product_brand":[],"product_cat":[505,9143,7271],"product_tag":[],"class_list":{"0":"post-215766","1":"product","2":"type-product","3":"status-publish","4":"has-post-thumbnail","6":"product_cat-bedroom-beds","7":"product_cat-beds-200x200","8":"product_cat-meble-gruszka","10":"first","11":"instock","12":"shipping-taxable","13":"purchasable","14":"product-type-variable","15":"wvs-archive-product-wrapper"},"_links":{"self":[{"href":"https:\/\/baldumarket.lt\/lt\/wp-json\/wp\/v2\/product\/215766","targetHints":{"allow":["GET"]}}],"collection":[{"href":"https:\/\/baldumarket.lt\/lt\/wp-json\/wp\/v2\/product"}],"about":[{"href":"https:\/\/baldumarket.lt\/lt\/wp-json\/wp\/v2\/types\/product"}],"replies":[{"embeddable":true,"href":"https:\/\/baldumarket.lt\/lt\/wp-json\/wp\/v2\/comments?post=215766"}],"wp:featuredmedia":[{"embeddable":true,"href":"https:\/\/baldumarket.lt\/lt\/wp-json\/wp\/v2\/media\/215886"}],"wp:attachment":[{"href":"https:\/\/baldumarket.lt\/lt\/wp-json\/wp\/v2\/media?parent=215766"}],"wp:term":[{"taxonomy":"product_brand","embeddable":true,"href":"https:\/\/baldumarket.lt\/lt\/wp-json\/wp\/v2\/product_brand?post=215766"},{"taxonomy":"product_cat","embeddable":true,"href":"https:\/\/baldumarket.lt\/lt\/wp-json\/wp\/v2\/product_cat?post=215766"},{"taxonomy":"product_tag","embeddable":true,"href":"https:\/\/baldumarket.lt\/lt\/wp-json\/wp\/v2\/product_tag?post=215766"}],"curies":[{"name":"wp","href":"https:\/\/api.w.org\/{rel}","templated":true}]}}