{"id":215764,"date":"2025-12-26T20:53:07","date_gmt":"2025-12-26T17:53:07","guid":{"rendered":"https:\/\/baldumarket.lt\/?post_type=product&#038;p=215764"},"modified":"2026-02-03T23:14:32","modified_gmt":"2026-02-03T20:14:32","slug":"lozka-tapicerowane-campo-120x200-podnosnik-stelaz-pojemnik","status":"publish","type":"product","link":"https:\/\/baldumarket.lt\/lt\/product\/lozka-tapicerowane-campo-120x200-podnosnik-stelaz-pojemnik\/","title":{"rendered":"\u201eCampo\u201c mink\u0161tos lovos 120\u00d7200, su pak\u0117limo mechanizmu, r\u0117mu, konteineriu"},"content":{"rendered":"<p>\u201eCampo\u201c mink\u0161ta lova puikiai tinka tiems, kurie vertina komfort\u0105, modern\u0173 dizain\u0105 ir prakti\u0161kus sprendimus. \u0160is modelis pasi\u017eymi metaliniu r\u0117mu su 34 spyruoklin\u0117mis lentjuost\u0117mis, kurios garantuoja stabilum\u0105 ir optimal\u0173 \u010diu\u017einio palaikym\u0105, u\u017etikrindamos sveik\u0105 ir ram\u0173 mieg\u0105. D\u0117l 1000 N dujini\u0173 spyruokli\u0173 naudojimo patalyn\u0117s skyri\u0173 atidaryti lengva ir paprasta, tod\u0117l kasdienis naudojimas yra patogesnis.<\/p>","protected":false},"excerpt":{"rendered":"<p>Plotis: 138 cm<br \/>\nIlgis: 222 cm<br \/>\nAuk\u0161tis: 92 cm<br \/>\nMiegamasis plotas: 120 \u00d7 200 cm<br \/>\n\u0160oninis auk\u0161tis: 35 cm<\/p>","protected":false},"featured_media":215880,"comment_status":"open","ping_status":"closed","template":"","meta":[],"product_brand":[],"product_cat":[505,1969,7271],"product_tag":[],"class_list":{"0":"post-215764","1":"product","2":"type-product","3":"status-publish","4":"has-post-thumbnail","6":"product_cat-bedroom-beds","7":"product_cat-beds-120x200","8":"product_cat-meble-gruszka","10":"first","11":"instock","12":"shipping-taxable","13":"purchasable","14":"product-type-variable","15":"wvs-archive-product-wrapper"},"_links":{"self":[{"href":"https:\/\/baldumarket.lt\/lt\/wp-json\/wp\/v2\/product\/215764","targetHints":{"allow":["GET"]}}],"collection":[{"href":"https:\/\/baldumarket.lt\/lt\/wp-json\/wp\/v2\/product"}],"about":[{"href":"https:\/\/baldumarket.lt\/lt\/wp-json\/wp\/v2\/types\/product"}],"replies":[{"embeddable":true,"href":"https:\/\/baldumarket.lt\/lt\/wp-json\/wp\/v2\/comments?post=215764"}],"wp:featuredmedia":[{"embeddable":true,"href":"https:\/\/baldumarket.lt\/lt\/wp-json\/wp\/v2\/media\/215880"}],"wp:attachment":[{"href":"https:\/\/baldumarket.lt\/lt\/wp-json\/wp\/v2\/media?parent=215764"}],"wp:term":[{"taxonomy":"product_brand","embeddable":true,"href":"https:\/\/baldumarket.lt\/lt\/wp-json\/wp\/v2\/product_brand?post=215764"},{"taxonomy":"product_cat","embeddable":true,"href":"https:\/\/baldumarket.lt\/lt\/wp-json\/wp\/v2\/product_cat?post=215764"},{"taxonomy":"product_tag","embeddable":true,"href":"https:\/\/baldumarket.lt\/lt\/wp-json\/wp\/v2\/product_tag?post=215764"}],"curies":[{"name":"wp","href":"https:\/\/api.w.org\/{rel}","templated":true}]}}