{"id":215748,"date":"2025-12-26T20:52:28","date_gmt":"2025-12-26T17:52:28","guid":{"rendered":"https:\/\/baldumarket.lt\/?post_type=product&#038;p=215748"},"modified":"2026-02-03T23:14:32","modified_gmt":"2026-02-03T20:14:32","slug":"lozka-tapicerowane-campo-140x200-podnosnik-stelaz-pojemnik","status":"publish","type":"product","link":"https:\/\/baldumarket.lt\/lt\/product\/lozka-tapicerowane-campo-140x200-podnosnik-stelaz-pojemnik\/","title":{"rendered":"\u201eCampo\u201c mink\u0161tos lovos 140\u00d7200, su pak\u0117limo mechanizmu, r\u0117mu, konteineriu"},"content":{"rendered":"<p>\u201eCampo\u201c 140 \u00d7 200 cm mink\u0161ta lova \u2013 puikus sprendimas tiek moderniems, tiek klasikiniams miegamiesiems. Metalinis r\u0117mas su 34 spyruoklin\u0117mis lentjuost\u0117mis u\u017etikrina puik\u0173 \u010diu\u017einio palaikym\u0105 ir patog\u0173 bei sveik\u0105 mieg\u0105. D\u0117l 1000 N dujini\u0173 spyruokli\u0173 patalyn\u0117s skyri\u0173 atidaryti lengva ir patogu, tod\u0117l greitai pasieksite laikomus daiktus.<\/p>","protected":false},"excerpt":{"rendered":"<p>Plotis: 158 cm<br \/>\nIlgis: 222 cm<br \/>\nAuk\u0161tis: 92 cm<br \/>\nMiegamasis plotas: 140 \u00d7 200 cm<br \/>\n\u0160oninis auk\u0161tis: 35 cm<\/p>","protected":false},"featured_media":215870,"comment_status":"open","ping_status":"closed","template":"","meta":[],"product_brand":[],"product_cat":[505,1970,7271],"product_tag":[],"class_list":{"0":"post-215748","1":"product","2":"type-product","3":"status-publish","4":"has-post-thumbnail","6":"product_cat-bedroom-beds","7":"product_cat-beds-140x200","8":"product_cat-meble-gruszka","10":"first","11":"instock","12":"shipping-taxable","13":"purchasable","14":"product-type-variable","15":"wvs-archive-product-wrapper"},"_links":{"self":[{"href":"https:\/\/baldumarket.lt\/lt\/wp-json\/wp\/v2\/product\/215748","targetHints":{"allow":["GET"]}}],"collection":[{"href":"https:\/\/baldumarket.lt\/lt\/wp-json\/wp\/v2\/product"}],"about":[{"href":"https:\/\/baldumarket.lt\/lt\/wp-json\/wp\/v2\/types\/product"}],"replies":[{"embeddable":true,"href":"https:\/\/baldumarket.lt\/lt\/wp-json\/wp\/v2\/comments?post=215748"}],"wp:featuredmedia":[{"embeddable":true,"href":"https:\/\/baldumarket.lt\/lt\/wp-json\/wp\/v2\/media\/215870"}],"wp:attachment":[{"href":"https:\/\/baldumarket.lt\/lt\/wp-json\/wp\/v2\/media?parent=215748"}],"wp:term":[{"taxonomy":"product_brand","embeddable":true,"href":"https:\/\/baldumarket.lt\/lt\/wp-json\/wp\/v2\/product_brand?post=215748"},{"taxonomy":"product_cat","embeddable":true,"href":"https:\/\/baldumarket.lt\/lt\/wp-json\/wp\/v2\/product_cat?post=215748"},{"taxonomy":"product_tag","embeddable":true,"href":"https:\/\/baldumarket.lt\/lt\/wp-json\/wp\/v2\/product_tag?post=215748"}],"curies":[{"name":"wp","href":"https:\/\/api.w.org\/{rel}","templated":true}]}}