{"id":215730,"date":"2025-12-26T20:51:37","date_gmt":"2025-12-26T17:51:37","guid":{"rendered":"https:\/\/baldumarket.lt\/?post_type=product&#038;p=215730"},"modified":"2026-02-03T23:14:33","modified_gmt":"2026-02-03T20:14:33","slug":"lozka-tapicerowane-campo-180x200-podnosnik-stelaz-pojemnik","status":"publish","type":"product","link":"https:\/\/baldumarket.lt\/lt\/product\/lozka-tapicerowane-campo-180x200-podnosnik-stelaz-pojemnik\/","title":{"rendered":"\u201eCampo\u201c mink\u0161tos lovos 180\u00d7200, su pak\u0117limo mechanizmu, r\u0117mu, konteineriu"},"content":{"rendered":"<p>\u201eCampo\u201c 180 \u00d7 200 cm mink\u0161ta lova derina komfort\u0105 ir modern\u0173 dizain\u0105. Ji turi metalin\u012f r\u0117m\u0105 su 34 spyruoklin\u0117mis lentjuost\u0117mis, u\u017etikrinan\u010dias patvarum\u0105 ir tinkam\u0105 \u010diu\u017einio atram\u0105, kad b\u016bt\u0173 u\u017etikrintas sveikas ir atkuriantis miegas. Be to, 1000 N dujin\u0117s spyruokl\u0117s leid\u017eia nepaprastai lengvai ir patogiai atidaryti patalyn\u0117s skyri\u0173.<\/p>","protected":false},"excerpt":{"rendered":"<p>Plotis: 198 cm<br \/>\nIlgis: 222 cm<br \/>\nAuk\u0161tis: 92 cm<br \/>\nMiegamoji erdv\u0117: 180 \u00d7 200 cm<br \/>\n\u0160oninis auk\u0161tis: 35 cm<\/p>","protected":false},"featured_media":215854,"comment_status":"open","ping_status":"closed","template":"","meta":[],"product_brand":[],"product_cat":[505,1972,7271],"product_tag":[],"class_list":{"0":"post-215730","1":"product","2":"type-product","3":"status-publish","4":"has-post-thumbnail","6":"product_cat-bedroom-beds","7":"product_cat-beds-180x200","8":"product_cat-meble-gruszka","10":"first","11":"instock","12":"shipping-taxable","13":"purchasable","14":"product-type-variable","15":"wvs-archive-product-wrapper"},"_links":{"self":[{"href":"https:\/\/baldumarket.lt\/lt\/wp-json\/wp\/v2\/product\/215730","targetHints":{"allow":["GET"]}}],"collection":[{"href":"https:\/\/baldumarket.lt\/lt\/wp-json\/wp\/v2\/product"}],"about":[{"href":"https:\/\/baldumarket.lt\/lt\/wp-json\/wp\/v2\/types\/product"}],"replies":[{"embeddable":true,"href":"https:\/\/baldumarket.lt\/lt\/wp-json\/wp\/v2\/comments?post=215730"}],"wp:featuredmedia":[{"embeddable":true,"href":"https:\/\/baldumarket.lt\/lt\/wp-json\/wp\/v2\/media\/215854"}],"wp:attachment":[{"href":"https:\/\/baldumarket.lt\/lt\/wp-json\/wp\/v2\/media?parent=215730"}],"wp:term":[{"taxonomy":"product_brand","embeddable":true,"href":"https:\/\/baldumarket.lt\/lt\/wp-json\/wp\/v2\/product_brand?post=215730"},{"taxonomy":"product_cat","embeddable":true,"href":"https:\/\/baldumarket.lt\/lt\/wp-json\/wp\/v2\/product_cat?post=215730"},{"taxonomy":"product_tag","embeddable":true,"href":"https:\/\/baldumarket.lt\/lt\/wp-json\/wp\/v2\/product_tag?post=215730"}],"curies":[{"name":"wp","href":"https:\/\/api.w.org\/{rel}","templated":true}]}}