{"id":215728,"date":"2025-12-26T20:51:34","date_gmt":"2025-12-26T17:51:34","guid":{"rendered":"https:\/\/baldumarket.lt\/?post_type=product&#038;p=215728"},"modified":"2026-02-03T23:14:33","modified_gmt":"2026-02-03T20:14:33","slug":"lozka-tapicerowane-campo-200x200-podnosnik-stelaz-pojemnik","status":"publish","type":"product","link":"https:\/\/baldumarket.lt\/lt\/product\/lozka-tapicerowane-campo-200x200-podnosnik-stelaz-pojemnik\/","title":{"rendered":"\u201eCampo\u201c mink\u0161tos lovos 200\u00d7200, su pak\u0117limo mechanizmu, r\u0117mu, konteineriu"},"content":{"rendered":"<p>200 \u00d7 200 cm dyd\u017eio mink\u0161ta \u201eCampo\u201c lova puikiai tinka tiems, kurie vertina komfort\u0105 ir stili\u0173 erdviuose interjeruose. Metalinis r\u0117mas su 34 spyruoklin\u0117mis lentjuost\u0117mis u\u017etikrina tinkam\u0105 \u010diu\u017einio atram\u0105 ir ilgaam\u017ei\u0161kum\u0105. 1000 N j\u0117gos dujin\u0117s spyruokl\u0117s leid\u017eia lengvai ir skland\u017eiai atidaryti erdv\u0173 patalyn\u0117s skyri\u0173, taip \u017eymiai padidindamos baldo funkcionalum\u0105.<\/p>","protected":false},"excerpt":{"rendered":"<p>Plotis: 218 cm<br \/>\nIlgis: 222 cm<br \/>\nAuk\u0161tis: 92 cm<br \/>\nMiegamasis plotas: 200 \u00d7 200 cm<br \/>\n\u0160oninis auk\u0161tis: 35 cm<\/p>","protected":false},"featured_media":215848,"comment_status":"open","ping_status":"closed","template":"","meta":[],"product_brand":[],"product_cat":[505,9143,7271],"product_tag":[],"class_list":{"0":"post-215728","1":"product","2":"type-product","3":"status-publish","4":"has-post-thumbnail","6":"product_cat-bedroom-beds","7":"product_cat-beds-200x200","8":"product_cat-meble-gruszka","10":"first","11":"instock","12":"shipping-taxable","13":"purchasable","14":"product-type-variable","15":"wvs-archive-product-wrapper"},"_links":{"self":[{"href":"https:\/\/baldumarket.lt\/lt\/wp-json\/wp\/v2\/product\/215728","targetHints":{"allow":["GET"]}}],"collection":[{"href":"https:\/\/baldumarket.lt\/lt\/wp-json\/wp\/v2\/product"}],"about":[{"href":"https:\/\/baldumarket.lt\/lt\/wp-json\/wp\/v2\/types\/product"}],"replies":[{"embeddable":true,"href":"https:\/\/baldumarket.lt\/lt\/wp-json\/wp\/v2\/comments?post=215728"}],"wp:featuredmedia":[{"embeddable":true,"href":"https:\/\/baldumarket.lt\/lt\/wp-json\/wp\/v2\/media\/215848"}],"wp:attachment":[{"href":"https:\/\/baldumarket.lt\/lt\/wp-json\/wp\/v2\/media?parent=215728"}],"wp:term":[{"taxonomy":"product_brand","embeddable":true,"href":"https:\/\/baldumarket.lt\/lt\/wp-json\/wp\/v2\/product_brand?post=215728"},{"taxonomy":"product_cat","embeddable":true,"href":"https:\/\/baldumarket.lt\/lt\/wp-json\/wp\/v2\/product_cat?post=215728"},{"taxonomy":"product_tag","embeddable":true,"href":"https:\/\/baldumarket.lt\/lt\/wp-json\/wp\/v2\/product_tag?post=215728"}],"curies":[{"name":"wp","href":"https:\/\/api.w.org\/{rel}","templated":true}]}}