{"id":215712,"date":"2025-12-26T20:50:54","date_gmt":"2025-12-26T17:50:54","guid":{"rendered":"https:\/\/baldumarket.lt\/?post_type=product&#038;p=215712"},"modified":"2026-02-03T23:14:33","modified_gmt":"2026-02-03T20:14:33","slug":"lozka-tapicerowane-cande-120x200-podnosnik-stelaz-pojemnik","status":"publish","type":"product","link":"https:\/\/baldumarket.lt\/lt\/product\/lozka-tapicerowane-cande-120x200-podnosnik-stelaz-pojemnik\/","title":{"rendered":"\u201eCande\u201c mink\u0161tos lovos 120\u00d7200, su pak\u0117limo mechanizmu, r\u0117mu, konteineriu"},"content":{"rendered":"<p>Ie\u0161kote lovos, kurioje der\u0117t\u0173 patogumas, stilius ir prakti\u0161kumas? \u201eCande\u201c 120\u00d7200 cm lova \u2013 puikus pasirinkimas bet kuriam miegamajam, u\u017etikrinantis patog\u0173 mieg\u0105, eleganti\u0161k\u0105 i\u0161vaizd\u0105 ir reikaling\u0105 funkcionalum\u0105. Mink\u0161ta \u201eCande\u201c lova pasi\u017eymi stilingu galv\u016bgaliu su vertikaliais, apvaliais paneliais, kurie harmoningai papildo \u0161velnias, apvalias pagrindo formas. \u0160is dizainas suteikia interjerui modernaus charakterio, o subtilios linijos ir geometrin\u0117s detal\u0117s sukuria darni\u0105 ir eleganti\u0161k\u0105 visum\u0105.<\/p>","protected":false},"excerpt":{"rendered":"<p>Plotis: 148 cm<br \/>\nIlgis: 230 cm<br \/>\n\u016agis: 127 cm<br \/>\nMiegamasis plotas: 120 \u00d7 200 cm<br \/>\n\u0160oninis auk\u0161tis: 37 cm<\/p>","protected":false},"featured_media":215839,"comment_status":"open","ping_status":"closed","template":"","meta":[],"product_brand":[],"product_cat":[505,1969,7271],"product_tag":[],"class_list":{"0":"post-215712","1":"product","2":"type-product","3":"status-publish","4":"has-post-thumbnail","6":"product_cat-bedroom-beds","7":"product_cat-beds-120x200","8":"product_cat-meble-gruszka","10":"first","11":"instock","12":"shipping-taxable","13":"purchasable","14":"product-type-variable","15":"wvs-archive-product-wrapper"},"_links":{"self":[{"href":"https:\/\/baldumarket.lt\/lt\/wp-json\/wp\/v2\/product\/215712","targetHints":{"allow":["GET"]}}],"collection":[{"href":"https:\/\/baldumarket.lt\/lt\/wp-json\/wp\/v2\/product"}],"about":[{"href":"https:\/\/baldumarket.lt\/lt\/wp-json\/wp\/v2\/types\/product"}],"replies":[{"embeddable":true,"href":"https:\/\/baldumarket.lt\/lt\/wp-json\/wp\/v2\/comments?post=215712"}],"wp:featuredmedia":[{"embeddable":true,"href":"https:\/\/baldumarket.lt\/lt\/wp-json\/wp\/v2\/media\/215839"}],"wp:attachment":[{"href":"https:\/\/baldumarket.lt\/lt\/wp-json\/wp\/v2\/media?parent=215712"}],"wp:term":[{"taxonomy":"product_brand","embeddable":true,"href":"https:\/\/baldumarket.lt\/lt\/wp-json\/wp\/v2\/product_brand?post=215712"},{"taxonomy":"product_cat","embeddable":true,"href":"https:\/\/baldumarket.lt\/lt\/wp-json\/wp\/v2\/product_cat?post=215712"},{"taxonomy":"product_tag","embeddable":true,"href":"https:\/\/baldumarket.lt\/lt\/wp-json\/wp\/v2\/product_tag?post=215712"}],"curies":[{"name":"wp","href":"https:\/\/api.w.org\/{rel}","templated":true}]}}