{"id":215710,"date":"2025-12-26T20:50:51","date_gmt":"2025-12-26T17:50:51","guid":{"rendered":"https:\/\/baldumarket.lt\/?post_type=product&#038;p=215710"},"modified":"2026-02-03T23:14:34","modified_gmt":"2026-02-03T20:14:34","slug":"lozka-tapicerowane-cande-140x200-podnosnik-stelaz-pojemnik","status":"publish","type":"product","link":"https:\/\/baldumarket.lt\/lt\/product\/lozka-tapicerowane-cande-140x200-podnosnik-stelaz-pojemnik\/","title":{"rendered":"\u201eCande\u201c mink\u0161tos lovos 140\u00d7200, su pak\u0117limo mechanizmu, r\u0117mu, konteineriu"},"content":{"rendered":"<p>Ie\u0161kote mink\u0161tos lovos, kurioje der\u0117t\u0173 patogumas, eleganti\u0161kas stilius ir prakti\u0161kos savyb\u0117s? \u201eCande\u201c 140 \u00d7 200 cm lova yra puikus pasirinkimas bet kuriam miegamajam, u\u017etikrinantis patog\u0173 mieg\u0105, estetin\u012f patrauklum\u0105 ir reikaling\u0105 funkcionalum\u0105.<\/p>","protected":false},"excerpt":{"rendered":"<p>Plotis: 168 cm<br \/>\nIlgis: 230 cm<br \/>\n\u016agis: 127 cm<br \/>\nMiegamasis plotas: 140 \u00d7 200 cm<br \/>\n\u0160oninis auk\u0161tis: 37 cm<\/p>","protected":false},"featured_media":215828,"comment_status":"open","ping_status":"closed","template":"","meta":[],"product_brand":[],"product_cat":[505,1970,7271],"product_tag":[],"class_list":{"0":"post-215710","1":"product","2":"type-product","3":"status-publish","4":"has-post-thumbnail","6":"product_cat-bedroom-beds","7":"product_cat-beds-140x200","8":"product_cat-meble-gruszka","10":"first","11":"instock","12":"shipping-taxable","13":"purchasable","14":"product-type-variable","15":"wvs-archive-product-wrapper"},"_links":{"self":[{"href":"https:\/\/baldumarket.lt\/lt\/wp-json\/wp\/v2\/product\/215710","targetHints":{"allow":["GET"]}}],"collection":[{"href":"https:\/\/baldumarket.lt\/lt\/wp-json\/wp\/v2\/product"}],"about":[{"href":"https:\/\/baldumarket.lt\/lt\/wp-json\/wp\/v2\/types\/product"}],"replies":[{"embeddable":true,"href":"https:\/\/baldumarket.lt\/lt\/wp-json\/wp\/v2\/comments?post=215710"}],"wp:featuredmedia":[{"embeddable":true,"href":"https:\/\/baldumarket.lt\/lt\/wp-json\/wp\/v2\/media\/215828"}],"wp:attachment":[{"href":"https:\/\/baldumarket.lt\/lt\/wp-json\/wp\/v2\/media?parent=215710"}],"wp:term":[{"taxonomy":"product_brand","embeddable":true,"href":"https:\/\/baldumarket.lt\/lt\/wp-json\/wp\/v2\/product_brand?post=215710"},{"taxonomy":"product_cat","embeddable":true,"href":"https:\/\/baldumarket.lt\/lt\/wp-json\/wp\/v2\/product_cat?post=215710"},{"taxonomy":"product_tag","embeddable":true,"href":"https:\/\/baldumarket.lt\/lt\/wp-json\/wp\/v2\/product_tag?post=215710"}],"curies":[{"name":"wp","href":"https:\/\/api.w.org\/{rel}","templated":true}]}}