{"id":215694,"date":"2025-12-26T20:50:09","date_gmt":"2025-12-26T17:50:09","guid":{"rendered":"https:\/\/baldumarket.lt\/?post_type=product&#038;p=215694"},"modified":"2026-02-03T23:14:34","modified_gmt":"2026-02-03T20:14:34","slug":"lozka-tapicerowane-cande-160x200-podnosnik-stelaz-pojemnik","status":"publish","type":"product","link":"https:\/\/baldumarket.lt\/lt\/product\/lozka-tapicerowane-cande-160x200-podnosnik-stelaz-pojemnik\/","title":{"rendered":"\u201eCande\u201c mink\u0161tos lovos 160\u00d7200, su pak\u0117limo mechanizmu, r\u0117mu, konteineriu"},"content":{"rendered":"<p>Ie\u0161kote mink\u0161tos lovos, kurioje b\u016bt\u0173 suderinta patogi miegojimo erdv\u0117 su eleganti\u0161ku dizainu ir funkcionalumu? \u201eCande\u201c 160 \u00d7 200 cm lova yra puikus pasirinkimas bet kuriam miegamajam, kuriam reikia didelio miegojimo pavir\u0161iaus ir dekoratyvaus elemento. \u201eCande\u201c lovos galv\u016bgalis turi vertikalias, \u0161velniai i\u0161lenktas paneles, kurios harmoningai papildo apvalias pagrindo linijas. Bendras efektas \u2013 moderni ir jauki kompozicija, suteikianti miegamajam elegancijos ir lengvumo.<\/p>","protected":false},"excerpt":{"rendered":"<p>Plotis: 188 cm<br \/>\nIlgis: 230 cm<br \/>\n\u016agis: 127 cm<br \/>\nMiegamoji erdv\u0117: 160 \u00d7 200 cm<br \/>\n\u0160oninis auk\u0161tis: 37 cm<\/p>","protected":false},"featured_media":215821,"comment_status":"open","ping_status":"closed","template":"","meta":[],"product_brand":[],"product_cat":[505,1971,7271],"product_tag":[],"class_list":{"0":"post-215694","1":"product","2":"type-product","3":"status-publish","4":"has-post-thumbnail","6":"product_cat-bedroom-beds","7":"product_cat-beds-160x200","8":"product_cat-meble-gruszka","10":"first","11":"instock","12":"shipping-taxable","13":"purchasable","14":"product-type-variable","15":"wvs-archive-product-wrapper"},"_links":{"self":[{"href":"https:\/\/baldumarket.lt\/lt\/wp-json\/wp\/v2\/product\/215694","targetHints":{"allow":["GET"]}}],"collection":[{"href":"https:\/\/baldumarket.lt\/lt\/wp-json\/wp\/v2\/product"}],"about":[{"href":"https:\/\/baldumarket.lt\/lt\/wp-json\/wp\/v2\/types\/product"}],"replies":[{"embeddable":true,"href":"https:\/\/baldumarket.lt\/lt\/wp-json\/wp\/v2\/comments?post=215694"}],"wp:featuredmedia":[{"embeddable":true,"href":"https:\/\/baldumarket.lt\/lt\/wp-json\/wp\/v2\/media\/215821"}],"wp:attachment":[{"href":"https:\/\/baldumarket.lt\/lt\/wp-json\/wp\/v2\/media?parent=215694"}],"wp:term":[{"taxonomy":"product_brand","embeddable":true,"href":"https:\/\/baldumarket.lt\/lt\/wp-json\/wp\/v2\/product_brand?post=215694"},{"taxonomy":"product_cat","embeddable":true,"href":"https:\/\/baldumarket.lt\/lt\/wp-json\/wp\/v2\/product_cat?post=215694"},{"taxonomy":"product_tag","embeddable":true,"href":"https:\/\/baldumarket.lt\/lt\/wp-json\/wp\/v2\/product_tag?post=215694"}],"curies":[{"name":"wp","href":"https:\/\/api.w.org\/{rel}","templated":true}]}}