{"id":215692,"date":"2025-12-26T20:50:07","date_gmt":"2025-12-26T17:50:07","guid":{"rendered":"https:\/\/baldumarket.lt\/?post_type=product&#038;p=215692"},"modified":"2026-02-03T23:14:34","modified_gmt":"2026-02-03T20:14:34","slug":"lozka-tapicerowane-cande-180x200-podnosnik-stelaz-pojemnik","status":"publish","type":"product","link":"https:\/\/baldumarket.lt\/lt\/product\/lozka-tapicerowane-cande-180x200-podnosnik-stelaz-pojemnik\/","title":{"rendered":"\u201eCande\u201c mink\u0161tos lovos 180\u00d7200, su pak\u0117limo mechanizmu, r\u0117mu, konteineriu"},"content":{"rendered":"<p>Ie\u0161kote didel\u0117s mink\u0161tos lovos, kurioje b\u016bt\u0173 erdvus miegojimo pavir\u0161ius, eleganti\u0161kas dizainas ir prakti\u0161kos savyb\u0117s? \u201eCande\u201c 180\u00d7200 cm lova \u2013 puikus pasirinkimas tiems, kurie vertina patog\u0173 mieg\u0105 ir stiling\u0105 bald\u0105, kuris papuo\u0161 bet kur\u012f miegam\u0105j\u012f. \u201eCande\u201c lovos galv\u016bgalis su vertikaliais, \u0161velniai i\u0161lenktais paneliais, kurie harmoningai papildo \u0161velnias, apvalias pagrindo linijas. Bendras efektas \u2013 darni, eleganti\u0161ka ir moderni kompozicija, sukurianti jauki\u0105 atmosfer\u0105.<\/p>","protected":false},"excerpt":{"rendered":"<p>Plotis: 208 cm<br \/>\nIlgis: 230 cm<br \/>\n\u016agis: 127 cm<br \/>\nMiegamoji erdv\u0117: 180 \u00d7 200 cm<br \/>\n\u0160oninis auk\u0161tis: 37 cm<\/p>","protected":false},"featured_media":215812,"comment_status":"open","ping_status":"closed","template":"","meta":[],"product_brand":[],"product_cat":[505,1972,7271],"product_tag":[],"class_list":{"0":"post-215692","1":"product","2":"type-product","3":"status-publish","4":"has-post-thumbnail","6":"product_cat-bedroom-beds","7":"product_cat-beds-180x200","8":"product_cat-meble-gruszka","10":"first","11":"instock","12":"shipping-taxable","13":"purchasable","14":"product-type-variable","15":"wvs-archive-product-wrapper"},"_links":{"self":[{"href":"https:\/\/baldumarket.lt\/lt\/wp-json\/wp\/v2\/product\/215692","targetHints":{"allow":["GET"]}}],"collection":[{"href":"https:\/\/baldumarket.lt\/lt\/wp-json\/wp\/v2\/product"}],"about":[{"href":"https:\/\/baldumarket.lt\/lt\/wp-json\/wp\/v2\/types\/product"}],"replies":[{"embeddable":true,"href":"https:\/\/baldumarket.lt\/lt\/wp-json\/wp\/v2\/comments?post=215692"}],"wp:featuredmedia":[{"embeddable":true,"href":"https:\/\/baldumarket.lt\/lt\/wp-json\/wp\/v2\/media\/215812"}],"wp:attachment":[{"href":"https:\/\/baldumarket.lt\/lt\/wp-json\/wp\/v2\/media?parent=215692"}],"wp:term":[{"taxonomy":"product_brand","embeddable":true,"href":"https:\/\/baldumarket.lt\/lt\/wp-json\/wp\/v2\/product_brand?post=215692"},{"taxonomy":"product_cat","embeddable":true,"href":"https:\/\/baldumarket.lt\/lt\/wp-json\/wp\/v2\/product_cat?post=215692"},{"taxonomy":"product_tag","embeddable":true,"href":"https:\/\/baldumarket.lt\/lt\/wp-json\/wp\/v2\/product_tag?post=215692"}],"curies":[{"name":"wp","href":"https:\/\/api.w.org\/{rel}","templated":true}]}}