{"id":215586,"date":"2025-12-26T20:45:10","date_gmt":"2025-12-26T17:45:10","guid":{"rendered":"https:\/\/baldumarket.lt\/?post_type=product&#038;p=215586"},"modified":"2026-02-03T23:14:35","modified_gmt":"2026-02-03T20:14:35","slug":"lozka-tapicerowane-dubaj-200x200-podnosnik-stelaz-pojemnik","status":"publish","type":"product","link":"https:\/\/baldumarket.lt\/lt\/product\/lozka-tapicerowane-dubaj-200x200-podnosnik-stelaz-pojemnik\/","title":{"rendered":"Mink\u0161tos lovos Dubai 200\u00d7200, keltuvas, r\u0117mas, konteineris"},"content":{"rendered":"<p>200\u00d7200 cm dyd\u017eio \u201eGruszka Meble\u201c mink\u0161ta \u201eDubai\u201c lova \u2013 puikus sprendimas tiems, kurie vertina prabangi\u0105 erdv\u0119, komfort\u0105 ir modern\u0173 dizain\u0105. \u0160is modelis derina elegancij\u0105 ir funkcionalum\u0105, suteikdamas patogi\u0105 miegojimo viet\u0105 net ir reikliausiems vartotojams. D\u0117l dideli\u0173 matmen\u0173 ji puikiai tinka erdviems miegamiesiems, kur komfortas ir estetika dera tarpusavyje.<\/p>","protected":false},"excerpt":{"rendered":"<p>Plotis: 218 cm<br \/>\nIlgis: 222 cm<br \/>\nAuk\u0161tis: 92 cm<br \/>\nMiegamasis plotas: 200 \u00d7 200 cm<br \/>\n\u0160oninis auk\u0161tis: 35 cm<\/p>","protected":false},"featured_media":215713,"comment_status":"open","ping_status":"closed","template":"","meta":[],"product_brand":[],"product_cat":[505,9143,7271],"product_tag":[],"class_list":{"0":"post-215586","1":"product","2":"type-product","3":"status-publish","4":"has-post-thumbnail","6":"product_cat-bedroom-beds","7":"product_cat-beds-200x200","8":"product_cat-meble-gruszka","10":"first","11":"instock","12":"shipping-taxable","13":"purchasable","14":"product-type-variable","15":"wvs-archive-product-wrapper"},"_links":{"self":[{"href":"https:\/\/baldumarket.lt\/lt\/wp-json\/wp\/v2\/product\/215586","targetHints":{"allow":["GET"]}}],"collection":[{"href":"https:\/\/baldumarket.lt\/lt\/wp-json\/wp\/v2\/product"}],"about":[{"href":"https:\/\/baldumarket.lt\/lt\/wp-json\/wp\/v2\/types\/product"}],"replies":[{"embeddable":true,"href":"https:\/\/baldumarket.lt\/lt\/wp-json\/wp\/v2\/comments?post=215586"}],"wp:featuredmedia":[{"embeddable":true,"href":"https:\/\/baldumarket.lt\/lt\/wp-json\/wp\/v2\/media\/215713"}],"wp:attachment":[{"href":"https:\/\/baldumarket.lt\/lt\/wp-json\/wp\/v2\/media?parent=215586"}],"wp:term":[{"taxonomy":"product_brand","embeddable":true,"href":"https:\/\/baldumarket.lt\/lt\/wp-json\/wp\/v2\/product_brand?post=215586"},{"taxonomy":"product_cat","embeddable":true,"href":"https:\/\/baldumarket.lt\/lt\/wp-json\/wp\/v2\/product_cat?post=215586"},{"taxonomy":"product_tag","embeddable":true,"href":"https:\/\/baldumarket.lt\/lt\/wp-json\/wp\/v2\/product_tag?post=215586"}],"curies":[{"name":"wp","href":"https:\/\/api.w.org\/{rel}","templated":true}]}}