{"id":215568,"date":"2025-12-26T20:44:10","date_gmt":"2025-12-26T17:44:10","guid":{"rendered":"https:\/\/baldumarket.lt\/?post_type=product&#038;p=215568"},"modified":"2026-02-03T23:14:35","modified_gmt":"2026-02-03T20:14:35","slug":"lozka-tapicerowane-faro-140x200-podnosnik-stelaz-pojemnik","status":"publish","type":"product","link":"https:\/\/baldumarket.lt\/lt\/product\/lozka-tapicerowane-faro-140x200-podnosnik-stelaz-pojemnik\/","title":{"rendered":"Faro mink\u0161tos lovos 140\u00d7200, su pak\u0117limo mechanizmu, r\u0117mu, konteineriu"},"content":{"rendered":"<p>\u201eGruszka Meble\u201c \u201eFaro\u201c 140 \u00d7 200 cm lova \u2013 stilingas ir prakti\u0161kas pasirinkimas moderniems miegamiesiems. \u0160i vidutinio dyd\u017eio lova puikiai tinka tiek vieni\u0161iems \u017emon\u0117ms, vertinantiems erdv\u0119, tiek poroms, kurioms tr\u016bksta vietos didesnei lovai. \u201eFaro\u201c derina moderni\u0105 estetik\u0105 su funkcionalumu \u2013 tai daugiau nei tik vieta miegoti; tai dizaino elementas, kuris patraukia ak\u012f ir sustiprina interjero charakter\u012f.<\/p>","protected":false},"excerpt":{"rendered":"<p>Plotis: 158 cm<br \/>\nIlgis: 225 cm<br \/>\nAuk\u0161tis: 95 cm<br \/>\nMiegamasis plotas: 140 \u00d7 200 cm<br \/>\n\u0160oninis auk\u0161tis: 35 cm<\/p>","protected":false},"featured_media":215695,"comment_status":"open","ping_status":"closed","template":"","meta":[],"product_brand":[],"product_cat":[505,1970,7271],"product_tag":[],"class_list":{"0":"post-215568","1":"product","2":"type-product","3":"status-publish","4":"has-post-thumbnail","6":"product_cat-bedroom-beds","7":"product_cat-beds-140x200","8":"product_cat-meble-gruszka","10":"first","11":"instock","12":"shipping-taxable","13":"purchasable","14":"product-type-variable","15":"wvs-archive-product-wrapper"},"_links":{"self":[{"href":"https:\/\/baldumarket.lt\/lt\/wp-json\/wp\/v2\/product\/215568","targetHints":{"allow":["GET"]}}],"collection":[{"href":"https:\/\/baldumarket.lt\/lt\/wp-json\/wp\/v2\/product"}],"about":[{"href":"https:\/\/baldumarket.lt\/lt\/wp-json\/wp\/v2\/types\/product"}],"replies":[{"embeddable":true,"href":"https:\/\/baldumarket.lt\/lt\/wp-json\/wp\/v2\/comments?post=215568"}],"wp:featuredmedia":[{"embeddable":true,"href":"https:\/\/baldumarket.lt\/lt\/wp-json\/wp\/v2\/media\/215695"}],"wp:attachment":[{"href":"https:\/\/baldumarket.lt\/lt\/wp-json\/wp\/v2\/media?parent=215568"}],"wp:term":[{"taxonomy":"product_brand","embeddable":true,"href":"https:\/\/baldumarket.lt\/lt\/wp-json\/wp\/v2\/product_brand?post=215568"},{"taxonomy":"product_cat","embeddable":true,"href":"https:\/\/baldumarket.lt\/lt\/wp-json\/wp\/v2\/product_cat?post=215568"},{"taxonomy":"product_tag","embeddable":true,"href":"https:\/\/baldumarket.lt\/lt\/wp-json\/wp\/v2\/product_tag?post=215568"}],"curies":[{"name":"wp","href":"https:\/\/api.w.org\/{rel}","templated":true}]}}