{"id":215566,"date":"2025-12-26T20:44:08","date_gmt":"2025-12-26T17:44:08","guid":{"rendered":"https:\/\/baldumarket.lt\/?post_type=product&#038;p=215566"},"modified":"2026-02-03T23:14:36","modified_gmt":"2026-02-03T20:14:36","slug":"lozka-tapicerowane-faro-160x200-podnosnik-stelaz-pojemnik","status":"publish","type":"product","link":"https:\/\/baldumarket.lt\/lt\/product\/lozka-tapicerowane-faro-160x200-podnosnik-stelaz-pojemnik\/","title":{"rendered":"\u201eFaro\u201c mink\u0161tos lovos 160\u00d7200, su pak\u0117limo mechanizmu, r\u0117mu, konteineriu"},"content":{"rendered":"<p>\u201eGruszka Meble\u201c \u201eFaro\u201c 160 \u00d7 200 cm lova \u2013 puikus pasirinkimas ie\u0161kantiems patogaus, stilingo ir kruop\u0161\u010diai pagaminto miegamojo baldo. Klasikin\u012f dizain\u0105 papildo unikalios detal\u0117s, tod\u0117l lova patrauklus \u017evilgsniui ir suteikia interjerui unikalaus charakterio. Tai patogumo, elegancijos ir modernaus funkcionalumo derinys, kuris patenkins net ir reikliausius vartotojus.<\/p>","protected":false},"excerpt":{"rendered":"<p>Plotis: 178 cm<br \/>\nIlgis: 225 cm<br \/>\nAuk\u0161tis: 95 cm<br \/>\nMiegamoji erdv\u0117: 160 \u00d7 200 cm<br \/>\n\u0160oninis auk\u0161tis: 35 cm<\/p>","protected":false},"featured_media":215685,"comment_status":"open","ping_status":"closed","template":"","meta":[],"product_brand":[],"product_cat":[505,1971,7271],"product_tag":[],"class_list":{"0":"post-215566","1":"product","2":"type-product","3":"status-publish","4":"has-post-thumbnail","6":"product_cat-bedroom-beds","7":"product_cat-beds-160x200","8":"product_cat-meble-gruszka","10":"first","11":"instock","12":"shipping-taxable","13":"purchasable","14":"product-type-variable","15":"wvs-archive-product-wrapper"},"_links":{"self":[{"href":"https:\/\/baldumarket.lt\/lt\/wp-json\/wp\/v2\/product\/215566","targetHints":{"allow":["GET"]}}],"collection":[{"href":"https:\/\/baldumarket.lt\/lt\/wp-json\/wp\/v2\/product"}],"about":[{"href":"https:\/\/baldumarket.lt\/lt\/wp-json\/wp\/v2\/types\/product"}],"replies":[{"embeddable":true,"href":"https:\/\/baldumarket.lt\/lt\/wp-json\/wp\/v2\/comments?post=215566"}],"wp:featuredmedia":[{"embeddable":true,"href":"https:\/\/baldumarket.lt\/lt\/wp-json\/wp\/v2\/media\/215685"}],"wp:attachment":[{"href":"https:\/\/baldumarket.lt\/lt\/wp-json\/wp\/v2\/media?parent=215566"}],"wp:term":[{"taxonomy":"product_brand","embeddable":true,"href":"https:\/\/baldumarket.lt\/lt\/wp-json\/wp\/v2\/product_brand?post=215566"},{"taxonomy":"product_cat","embeddable":true,"href":"https:\/\/baldumarket.lt\/lt\/wp-json\/wp\/v2\/product_cat?post=215566"},{"taxonomy":"product_tag","embeddable":true,"href":"https:\/\/baldumarket.lt\/lt\/wp-json\/wp\/v2\/product_tag?post=215566"}],"curies":[{"name":"wp","href":"https:\/\/api.w.org\/{rel}","templated":true}]}}