{"id":215548,"date":"2025-12-26T20:43:28","date_gmt":"2025-12-26T17:43:28","guid":{"rendered":"https:\/\/baldumarket.lt\/?post_type=product&#038;p=215548"},"modified":"2026-02-03T23:14:36","modified_gmt":"2026-02-03T20:14:36","slug":"lozka-tapicerowane-faro-200x200-podnosnik-stelaz-pojemnik","status":"publish","type":"product","link":"https:\/\/baldumarket.lt\/lt\/product\/lozka-tapicerowane-faro-200x200-podnosnik-stelaz-pojemnik\/","title":{"rendered":"Faro mink\u0161tos lovos 200\u00d7200, pak\u0117limo mechanizmas, r\u0117mas, konteineris"},"content":{"rendered":"<p>\u201eFaro\u201c 200 \u00d7 200 cm mink\u0161ta lova \u2013 puikus pasirinkimas ie\u0161kantiems didel\u0117s mink\u0161tos lovos, kurioje der\u0117t\u0173 modernus dizainas, miego komfortas ir prakti\u0161kos savyb\u0117s. \u0160is \u201eGruszka Meble\u201c modelis pasi\u017eymi unikaliu miegojimo pavir\u0161iumi, idealiai tinkan\u010diu poroms, vertinan\u010dioms erdv\u0119 ir eleganti\u0161k\u0105 dizain\u0105.<\/p>","protected":false},"excerpt":{"rendered":"<p>Plotis: 218 cm<br \/>\nIlgis: 225 cm<br \/>\nAuk\u0161tis: 95 cm<br \/>\nMiegamasis plotas: 200 \u00d7 200 cm<br \/>\n\u0160oninis auk\u0161tis: 35 cm<\/p>","protected":false},"featured_media":215668,"comment_status":"open","ping_status":"closed","template":"","meta":[],"product_brand":[],"product_cat":[505,9143,7271],"product_tag":[],"class_list":{"0":"post-215548","1":"product","2":"type-product","3":"status-publish","4":"has-post-thumbnail","6":"product_cat-bedroom-beds","7":"product_cat-beds-200x200","8":"product_cat-meble-gruszka","10":"first","11":"instock","12":"shipping-taxable","13":"purchasable","14":"product-type-variable","15":"wvs-archive-product-wrapper"},"_links":{"self":[{"href":"https:\/\/baldumarket.lt\/lt\/wp-json\/wp\/v2\/product\/215548","targetHints":{"allow":["GET"]}}],"collection":[{"href":"https:\/\/baldumarket.lt\/lt\/wp-json\/wp\/v2\/product"}],"about":[{"href":"https:\/\/baldumarket.lt\/lt\/wp-json\/wp\/v2\/types\/product"}],"replies":[{"embeddable":true,"href":"https:\/\/baldumarket.lt\/lt\/wp-json\/wp\/v2\/comments?post=215548"}],"wp:featuredmedia":[{"embeddable":true,"href":"https:\/\/baldumarket.lt\/lt\/wp-json\/wp\/v2\/media\/215668"}],"wp:attachment":[{"href":"https:\/\/baldumarket.lt\/lt\/wp-json\/wp\/v2\/media?parent=215548"}],"wp:term":[{"taxonomy":"product_brand","embeddable":true,"href":"https:\/\/baldumarket.lt\/lt\/wp-json\/wp\/v2\/product_brand?post=215548"},{"taxonomy":"product_cat","embeddable":true,"href":"https:\/\/baldumarket.lt\/lt\/wp-json\/wp\/v2\/product_cat?post=215548"},{"taxonomy":"product_tag","embeddable":true,"href":"https:\/\/baldumarket.lt\/lt\/wp-json\/wp\/v2\/product_tag?post=215548"}],"curies":[{"name":"wp","href":"https:\/\/api.w.org\/{rel}","templated":true}]}}