{"id":215505,"date":"2025-12-26T20:41:30","date_gmt":"2025-12-26T17:41:30","guid":{"rendered":"https:\/\/baldumarket.lt\/?post_type=product&#038;p=215505"},"modified":"2026-02-03T23:14:36","modified_gmt":"2026-02-03T20:14:36","slug":"lozka-tapicerowane-febo-180x200-podnosnik-stelaz-pojemnik","status":"publish","type":"product","link":"https:\/\/baldumarket.lt\/lt\/product\/lozka-tapicerowane-febo-180x200-podnosnik-stelaz-pojemnik\/","title":{"rendered":"Febo mink\u0161tos lovos 180\u00d7200, pak\u0117limo svirtis, r\u0117mas, konteineris"},"content":{"rendered":"<p>Garsaus gamintojo \u201eGruszka Meble\u201c mink\u0161ta \u201eFebo\u201c 180\u00d7200 cm lova pasi\u017eymi moderniu dizainu, tvirta konstrukcija ir prakti\u0161komis savyb\u0117mis, tod\u0117l puikiai tinka erdviam miegamajam. \u0160is modelis si\u016blo i\u0161skirtinai patog\u0173 miegojimo plot\u0105 dviem \u017emon\u0117ms, o eleganti\u0161k\u0105 i\u0161vaizd\u0105, kuri sustiprins j\u016bs\u0173 interjero charakter\u012f.<\/p>","protected":false},"excerpt":{"rendered":"<p>Plotis: 198 cm<br \/>\nIlgis: 225 cm<br \/>\nAuk\u0161tis: 100 cm<br \/>\nMiegamoji erdv\u0117: 180 \u00d7 200 cm<br \/>\n\u0160oninis auk\u0161tis: 35 cm<\/p>","protected":false},"featured_media":215630,"comment_status":"open","ping_status":"closed","template":"","meta":[],"product_brand":[],"product_cat":[505,1972,7271],"product_tag":[],"class_list":{"0":"post-215505","1":"product","2":"type-product","3":"status-publish","4":"has-post-thumbnail","6":"product_cat-bedroom-beds","7":"product_cat-beds-180x200","8":"product_cat-meble-gruszka","10":"first","11":"instock","12":"shipping-taxable","13":"purchasable","14":"product-type-variable","15":"wvs-archive-product-wrapper"},"_links":{"self":[{"href":"https:\/\/baldumarket.lt\/lt\/wp-json\/wp\/v2\/product\/215505","targetHints":{"allow":["GET"]}}],"collection":[{"href":"https:\/\/baldumarket.lt\/lt\/wp-json\/wp\/v2\/product"}],"about":[{"href":"https:\/\/baldumarket.lt\/lt\/wp-json\/wp\/v2\/types\/product"}],"replies":[{"embeddable":true,"href":"https:\/\/baldumarket.lt\/lt\/wp-json\/wp\/v2\/comments?post=215505"}],"wp:featuredmedia":[{"embeddable":true,"href":"https:\/\/baldumarket.lt\/lt\/wp-json\/wp\/v2\/media\/215630"}],"wp:attachment":[{"href":"https:\/\/baldumarket.lt\/lt\/wp-json\/wp\/v2\/media?parent=215505"}],"wp:term":[{"taxonomy":"product_brand","embeddable":true,"href":"https:\/\/baldumarket.lt\/lt\/wp-json\/wp\/v2\/product_brand?post=215505"},{"taxonomy":"product_cat","embeddable":true,"href":"https:\/\/baldumarket.lt\/lt\/wp-json\/wp\/v2\/product_cat?post=215505"},{"taxonomy":"product_tag","embeddable":true,"href":"https:\/\/baldumarket.lt\/lt\/wp-json\/wp\/v2\/product_tag?post=215505"}],"curies":[{"name":"wp","href":"https:\/\/api.w.org\/{rel}","templated":true}]}}