{"id":215460,"date":"2025-12-26T20:38:18","date_gmt":"2025-12-26T17:38:18","guid":{"rendered":"https:\/\/baldumarket.lt\/?post_type=product&#038;p=215460"},"modified":"2026-02-03T23:14:38","modified_gmt":"2026-02-03T20:14:38","slug":"lozka-tapicerowane-ivo-200x200-podnosnik-stelaz-pojemnik","status":"publish","type":"product","link":"https:\/\/baldumarket.lt\/lt\/product\/lozka-tapicerowane-ivo-200x200-podnosnik-stelaz-pojemnik\/","title":{"rendered":"Ivo 200\u00d7200 mink\u0161tos lovos, keltuvas, r\u0117mas, konteineris"},"content":{"rendered":"<p>Garsaus gamintojo \u201eGruszka Meble\u201c mink\u0161ta lova \u201eIvo\u201c 200\u00d7200 cm \u2013 puikus pasirinkimas tiems, kurie vertina prabangos, komforto ir funkcionalumo derin\u012f. \u0160i didel\u0117 mink\u0161ta lova suteikia patogi\u0105 miegojimo viet\u0105 poroms, kartu u\u017etikrindama modern\u0173 ir stiling\u0105 vaizd\u0105.<\/p>","protected":false},"excerpt":{"rendered":"<p>Plotis: 218 cm<br \/>\nIlgis: 234 cm<br \/>\nAuk\u0161tis: 100 cm<br \/>\nMiegamasis plotas: 200 \u00d7 200 cm<br \/>\n\u0160oninis auk\u0161tis: 35 cm<\/p>","protected":false},"featured_media":215578,"comment_status":"open","ping_status":"closed","template":"","meta":[],"product_brand":[],"product_cat":[505,9143,7271],"product_tag":[],"class_list":{"0":"post-215460","1":"product","2":"type-product","3":"status-publish","4":"has-post-thumbnail","6":"product_cat-bedroom-beds","7":"product_cat-beds-200x200","8":"product_cat-meble-gruszka","10":"first","11":"instock","12":"shipping-taxable","13":"purchasable","14":"product-type-variable","15":"wvs-archive-product-wrapper"},"_links":{"self":[{"href":"https:\/\/baldumarket.lt\/lt\/wp-json\/wp\/v2\/product\/215460","targetHints":{"allow":["GET"]}}],"collection":[{"href":"https:\/\/baldumarket.lt\/lt\/wp-json\/wp\/v2\/product"}],"about":[{"href":"https:\/\/baldumarket.lt\/lt\/wp-json\/wp\/v2\/types\/product"}],"replies":[{"embeddable":true,"href":"https:\/\/baldumarket.lt\/lt\/wp-json\/wp\/v2\/comments?post=215460"}],"wp:featuredmedia":[{"embeddable":true,"href":"https:\/\/baldumarket.lt\/lt\/wp-json\/wp\/v2\/media\/215578"}],"wp:attachment":[{"href":"https:\/\/baldumarket.lt\/lt\/wp-json\/wp\/v2\/media?parent=215460"}],"wp:term":[{"taxonomy":"product_brand","embeddable":true,"href":"https:\/\/baldumarket.lt\/lt\/wp-json\/wp\/v2\/product_brand?post=215460"},{"taxonomy":"product_cat","embeddable":true,"href":"https:\/\/baldumarket.lt\/lt\/wp-json\/wp\/v2\/product_cat?post=215460"},{"taxonomy":"product_tag","embeddable":true,"href":"https:\/\/baldumarket.lt\/lt\/wp-json\/wp\/v2\/product_tag?post=215460"}],"curies":[{"name":"wp","href":"https:\/\/api.w.org\/{rel}","templated":true}]}}