{"id":215451,"date":"2025-12-26T20:37:52","date_gmt":"2025-12-26T17:37:52","guid":{"rendered":"https:\/\/baldumarket.lt\/?post_type=product&#038;p=215451"},"modified":"2026-02-03T23:14:38","modified_gmt":"2026-02-03T20:14:38","slug":"lozka-tapicerowane-leo-120x200-podnosnik-stelaz-pojemnik","status":"publish","type":"product","link":"https:\/\/baldumarket.lt\/lt\/product\/lozka-tapicerowane-leo-120x200-podnosnik-stelaz-pojemnik\/","title":{"rendered":"Leo mink\u0161tos lovos 120\u00d7200, pak\u0117limo svirtis, r\u0117mas, konteineris"},"content":{"rendered":"<p>\u201eLeo\u201c 120 \u00d7 200 cm mink\u0161ta lova \u2013 puikus pasirinkimas tiems, kurie vertina modern\u0173 dizain\u0105, patogum\u0105 ir prakti\u0161kum\u0105. \u0160is modelis pasi\u017eymi tvirta konstrukcija ir unikalia estetika, kuri pary\u0161kina bet kurio miegamojo charakter\u012f.<\/p>","protected":false},"excerpt":{"rendered":"<p>Plotis: 138 cm<br \/>\nIlgis: 222 cm<br \/>\nAuk\u0161tis: 92 cm<br \/>\nMiegamasis plotas: 120 \u00d7 200 cm<br \/>\n\u0160oninis auk\u0161tis: 35 cm<\/p>","protected":false},"featured_media":215569,"comment_status":"open","ping_status":"closed","template":"","meta":[],"product_brand":[],"product_cat":[505,1969,7271],"product_tag":[],"class_list":{"0":"post-215451","1":"product","2":"type-product","3":"status-publish","4":"has-post-thumbnail","6":"product_cat-bedroom-beds","7":"product_cat-beds-120x200","8":"product_cat-meble-gruszka","10":"first","11":"instock","12":"shipping-taxable","13":"purchasable","14":"product-type-variable","15":"wvs-archive-product-wrapper"},"_links":{"self":[{"href":"https:\/\/baldumarket.lt\/lt\/wp-json\/wp\/v2\/product\/215451","targetHints":{"allow":["GET"]}}],"collection":[{"href":"https:\/\/baldumarket.lt\/lt\/wp-json\/wp\/v2\/product"}],"about":[{"href":"https:\/\/baldumarket.lt\/lt\/wp-json\/wp\/v2\/types\/product"}],"replies":[{"embeddable":true,"href":"https:\/\/baldumarket.lt\/lt\/wp-json\/wp\/v2\/comments?post=215451"}],"wp:featuredmedia":[{"embeddable":true,"href":"https:\/\/baldumarket.lt\/lt\/wp-json\/wp\/v2\/media\/215569"}],"wp:attachment":[{"href":"https:\/\/baldumarket.lt\/lt\/wp-json\/wp\/v2\/media?parent=215451"}],"wp:term":[{"taxonomy":"product_brand","embeddable":true,"href":"https:\/\/baldumarket.lt\/lt\/wp-json\/wp\/v2\/product_brand?post=215451"},{"taxonomy":"product_cat","embeddable":true,"href":"https:\/\/baldumarket.lt\/lt\/wp-json\/wp\/v2\/product_cat?post=215451"},{"taxonomy":"product_tag","embeddable":true,"href":"https:\/\/baldumarket.lt\/lt\/wp-json\/wp\/v2\/product_tag?post=215451"}],"curies":[{"name":"wp","href":"https:\/\/api.w.org\/{rel}","templated":true}]}}