{"id":215415,"date":"2025-12-26T20:36:27","date_gmt":"2025-12-26T17:36:27","guid":{"rendered":"https:\/\/baldumarket.lt\/?post_type=product&#038;p=215415"},"modified":"2026-02-03T23:14:38","modified_gmt":"2026-02-03T20:14:38","slug":"lozka-tapicerowane-leo-200x200-podnosnik-stelaz-pojemnik","status":"publish","type":"product","link":"https:\/\/baldumarket.lt\/lt\/product\/lozka-tapicerowane-leo-200x200-podnosnik-stelaz-pojemnik\/","title":{"rendered":"Leo mink\u0161tos lovos 200\u00d7200, pak\u0117limo svirtis, r\u0117mas, konteineris"},"content":{"rendered":"<p>\u201eGruszka Meble\u201c mink\u0161ta lova \u201eLeo\u201c 200 \u00d7 200 cm \u2013 puikus pasirinkimas tiems, kurie tikisi maksimalaus komforto, tvirtos gamybos ir modernaus, didelio formato dizaino. \u0160is modelis buvo sukurtas erdviems interjerams, kuriuose patogi lova yra pagrindinis akcentas.<\/p>","protected":false},"excerpt":{"rendered":"<p>Plotis: 218 cm<br \/>\nIlgis: 222 cm<br \/>\nAuk\u0161tis: 92 cm<br \/>\nMiegamasis plotas: 200 \u00d7 200 cm<br \/>\n\u0160oninis auk\u0161tis: 35 cm<\/p>","protected":false},"featured_media":215534,"comment_status":"open","ping_status":"closed","template":"","meta":[],"product_brand":[],"product_cat":[505,9143,7271],"product_tag":[],"class_list":{"0":"post-215415","1":"product","2":"type-product","3":"status-publish","4":"has-post-thumbnail","6":"product_cat-bedroom-beds","7":"product_cat-beds-200x200","8":"product_cat-meble-gruszka","10":"first","11":"instock","12":"shipping-taxable","13":"purchasable","14":"product-type-variable","15":"wvs-archive-product-wrapper"},"_links":{"self":[{"href":"https:\/\/baldumarket.lt\/lt\/wp-json\/wp\/v2\/product\/215415","targetHints":{"allow":["GET"]}}],"collection":[{"href":"https:\/\/baldumarket.lt\/lt\/wp-json\/wp\/v2\/product"}],"about":[{"href":"https:\/\/baldumarket.lt\/lt\/wp-json\/wp\/v2\/types\/product"}],"replies":[{"embeddable":true,"href":"https:\/\/baldumarket.lt\/lt\/wp-json\/wp\/v2\/comments?post=215415"}],"wp:featuredmedia":[{"embeddable":true,"href":"https:\/\/baldumarket.lt\/lt\/wp-json\/wp\/v2\/media\/215534"}],"wp:attachment":[{"href":"https:\/\/baldumarket.lt\/lt\/wp-json\/wp\/v2\/media?parent=215415"}],"wp:term":[{"taxonomy":"product_brand","embeddable":true,"href":"https:\/\/baldumarket.lt\/lt\/wp-json\/wp\/v2\/product_brand?post=215415"},{"taxonomy":"product_cat","embeddable":true,"href":"https:\/\/baldumarket.lt\/lt\/wp-json\/wp\/v2\/product_cat?post=215415"},{"taxonomy":"product_tag","embeddable":true,"href":"https:\/\/baldumarket.lt\/lt\/wp-json\/wp\/v2\/product_tag?post=215415"}],"curies":[{"name":"wp","href":"https:\/\/api.w.org\/{rel}","templated":true}]}}