{"id":215388,"date":"2025-12-26T20:35:01","date_gmt":"2025-12-26T17:35:01","guid":{"rendered":"https:\/\/baldumarket.lt\/?post_type=product&#038;p=215388"},"modified":"2026-02-03T23:14:39","modified_gmt":"2026-02-03T20:14:39","slug":"lozka-tapicerowane-lexus-160x200-podnosnik-stelaz-pojemnik","status":"publish","type":"product","link":"https:\/\/baldumarket.lt\/lt\/product\/lozka-tapicerowane-lexus-160x200-podnosnik-stelaz-pojemnik\/","title":{"rendered":"\u201eLexus\u201c mink\u0161tos lovos 160\u00d7200, su pak\u0117limo mechanizmu, r\u0117mu, konteineriu"},"content":{"rendered":"<p>\u201eLexus\u201c 160 \u00d7 200 cm mink\u0161ta lova \u2013 puikus pasirinkimas tiems, kurie vertina komfort\u0105, elegancij\u0105 ir funkcionalum\u0105. Ji puikiai tinka erdviems miegamiesiems, yra stilingas ir prakti\u0161kas baldas. \u0160is modelis derina tvirt\u0105 konstrukcij\u0105 su rafinuotu, moderniu dizainu.<\/p>","protected":false},"excerpt":{"rendered":"<p>Plotis: 178 cm<br \/>\nIlgis: 222 cm<br \/>\nAuk\u0161tis: 95 cm<br \/>\nMiegamoji erdv\u0117: 160 \u00d7 200 cm<br \/>\n\u0160oninis auk\u0161tis: 35 cm<\/p>","protected":false},"featured_media":215506,"comment_status":"open","ping_status":"closed","template":"","meta":[],"product_brand":[],"product_cat":[505,1971,7271],"product_tag":[],"class_list":{"0":"post-215388","1":"product","2":"type-product","3":"status-publish","4":"has-post-thumbnail","6":"product_cat-bedroom-beds","7":"product_cat-beds-160x200","8":"product_cat-meble-gruszka","10":"first","11":"instock","12":"shipping-taxable","13":"purchasable","14":"product-type-variable","15":"wvs-archive-product-wrapper"},"_links":{"self":[{"href":"https:\/\/baldumarket.lt\/lt\/wp-json\/wp\/v2\/product\/215388","targetHints":{"allow":["GET"]}}],"collection":[{"href":"https:\/\/baldumarket.lt\/lt\/wp-json\/wp\/v2\/product"}],"about":[{"href":"https:\/\/baldumarket.lt\/lt\/wp-json\/wp\/v2\/types\/product"}],"replies":[{"embeddable":true,"href":"https:\/\/baldumarket.lt\/lt\/wp-json\/wp\/v2\/comments?post=215388"}],"wp:featuredmedia":[{"embeddable":true,"href":"https:\/\/baldumarket.lt\/lt\/wp-json\/wp\/v2\/media\/215506"}],"wp:attachment":[{"href":"https:\/\/baldumarket.lt\/lt\/wp-json\/wp\/v2\/media?parent=215388"}],"wp:term":[{"taxonomy":"product_brand","embeddable":true,"href":"https:\/\/baldumarket.lt\/lt\/wp-json\/wp\/v2\/product_brand?post=215388"},{"taxonomy":"product_cat","embeddable":true,"href":"https:\/\/baldumarket.lt\/lt\/wp-json\/wp\/v2\/product_cat?post=215388"},{"taxonomy":"product_tag","embeddable":true,"href":"https:\/\/baldumarket.lt\/lt\/wp-json\/wp\/v2\/product_tag?post=215388"}],"curies":[{"name":"wp","href":"https:\/\/api.w.org\/{rel}","templated":true}]}}