{"id":215370,"date":"2025-12-26T20:34:20","date_gmt":"2025-12-26T17:34:20","guid":{"rendered":"https:\/\/baldumarket.lt\/?post_type=product&#038;p=215370"},"modified":"2026-02-03T23:14:39","modified_gmt":"2026-02-03T20:14:39","slug":"lozka-tapicerowane-lexus-200x200-podnosnik-stelaz-pojemnik","status":"publish","type":"product","link":"https:\/\/baldumarket.lt\/lt\/product\/lozka-tapicerowane-lexus-200x200-podnosnik-stelaz-pojemnik\/","title":{"rendered":"\u201eLexus\u201c mink\u0161tos lovos 200\u00d7200, pak\u0117limo svirtis, r\u0117mas, konteineris"},"content":{"rendered":"<p>\u201eGruszka Meble\u201c mink\u0161ta \u201eLexus\u201c 200 \u00d7 200 cm lova skirta tiems, kurie ie\u0161ko didel\u0117s, patogios miegamojo lovos, pasi\u017eymin\u010dios unikaliu dizainu ir auk\u0161\u010diausiais meistri\u0161kumo standartais. Padidinta 200 \u00d7 200 cm miegojimo erdv\u0117 u\u017etikrina maksimal\u0173 komfort\u0105 \u2013 tai puiki lova dideliam miegamajam ar butui.<\/p>","protected":false},"excerpt":{"rendered":"<p>Plotis: 218 cm<br \/>\nIlgis: 222 cm<br \/>\nAuk\u0161tis: 95 cm<br \/>\nMiegamasis plotas: 200 \u00d7 200 cm<br \/>\n\u0160oninis auk\u0161tis: 35 cm<\/p>","protected":false},"featured_media":215488,"comment_status":"open","ping_status":"closed","template":"","meta":[],"product_brand":[],"product_cat":[505,9143,7271],"product_tag":[],"class_list":{"0":"post-215370","1":"product","2":"type-product","3":"status-publish","4":"has-post-thumbnail","6":"product_cat-bedroom-beds","7":"product_cat-beds-200x200","8":"product_cat-meble-gruszka","10":"first","11":"instock","12":"shipping-taxable","13":"purchasable","14":"product-type-variable","15":"wvs-archive-product-wrapper"},"_links":{"self":[{"href":"https:\/\/baldumarket.lt\/lt\/wp-json\/wp\/v2\/product\/215370","targetHints":{"allow":["GET"]}}],"collection":[{"href":"https:\/\/baldumarket.lt\/lt\/wp-json\/wp\/v2\/product"}],"about":[{"href":"https:\/\/baldumarket.lt\/lt\/wp-json\/wp\/v2\/types\/product"}],"replies":[{"embeddable":true,"href":"https:\/\/baldumarket.lt\/lt\/wp-json\/wp\/v2\/comments?post=215370"}],"wp:featuredmedia":[{"embeddable":true,"href":"https:\/\/baldumarket.lt\/lt\/wp-json\/wp\/v2\/media\/215488"}],"wp:attachment":[{"href":"https:\/\/baldumarket.lt\/lt\/wp-json\/wp\/v2\/media?parent=215370"}],"wp:term":[{"taxonomy":"product_brand","embeddable":true,"href":"https:\/\/baldumarket.lt\/lt\/wp-json\/wp\/v2\/product_brand?post=215370"},{"taxonomy":"product_cat","embeddable":true,"href":"https:\/\/baldumarket.lt\/lt\/wp-json\/wp\/v2\/product_cat?post=215370"},{"taxonomy":"product_tag","embeddable":true,"href":"https:\/\/baldumarket.lt\/lt\/wp-json\/wp\/v2\/product_tag?post=215370"}],"curies":[{"name":"wp","href":"https:\/\/api.w.org\/{rel}","templated":true}]}}