{"id":215308,"date":"2025-12-26T20:31:35","date_gmt":"2025-12-26T17:31:35","guid":{"rendered":"https:\/\/baldumarket.lt\/?post_type=product&#038;p=215308"},"modified":"2026-02-03T23:14:40","modified_gmt":"2026-02-03T20:14:40","slug":"lozka-tapicerowane-lorien-140x200-podnosnik-stelaz-pojemnik","status":"publish","type":"product","link":"https:\/\/baldumarket.lt\/lt\/product\/lozka-tapicerowane-lorien-140x200-podnosnik-stelaz-pojemnik\/","title":{"rendered":"Lorien mink\u0161tos lovos 140\u00d7200, pak\u0117limo svirtis, r\u0117mas, konteineris"},"content":{"rendered":"<p>\u201eLorien\u201c 140\u00d7200 cm mink\u0161ta lova yra puikus pasirinkimas ie\u0161kantiems patogios, kompakti\u0161kos miegamojo lovos, kuri taip pat \u017eavi moderniu dizainu ir dideliu funkcionalumu. \u0160is \u201eGruszka Meble\u201c modelis idealiai tinka ma\u017eesniems ir vidutinio dyd\u017eio miegamiesiems.<\/p>","protected":false},"excerpt":{"rendered":"<p>Plotis: 158 cm<br \/>\nIlgis: 222 cm<br \/>\nAuk\u0161tis: 92 cm<br \/>\nMiegamasis plotas: 140 \u00d7 200 cm<br \/>\n\u0160oninis auk\u0161tis: 35 cm<\/p>","protected":false},"featured_media":215434,"comment_status":"open","ping_status":"closed","template":"","meta":[],"product_brand":[],"product_cat":[505,1970,7271],"product_tag":[],"class_list":{"0":"post-215308","1":"product","2":"type-product","3":"status-publish","4":"has-post-thumbnail","6":"product_cat-bedroom-beds","7":"product_cat-beds-140x200","8":"product_cat-meble-gruszka","10":"first","11":"instock","12":"shipping-taxable","13":"purchasable","14":"product-type-variable","15":"wvs-archive-product-wrapper"},"_links":{"self":[{"href":"https:\/\/baldumarket.lt\/lt\/wp-json\/wp\/v2\/product\/215308","targetHints":{"allow":["GET"]}}],"collection":[{"href":"https:\/\/baldumarket.lt\/lt\/wp-json\/wp\/v2\/product"}],"about":[{"href":"https:\/\/baldumarket.lt\/lt\/wp-json\/wp\/v2\/types\/product"}],"replies":[{"embeddable":true,"href":"https:\/\/baldumarket.lt\/lt\/wp-json\/wp\/v2\/comments?post=215308"}],"wp:featuredmedia":[{"embeddable":true,"href":"https:\/\/baldumarket.lt\/lt\/wp-json\/wp\/v2\/media\/215434"}],"wp:attachment":[{"href":"https:\/\/baldumarket.lt\/lt\/wp-json\/wp\/v2\/media?parent=215308"}],"wp:term":[{"taxonomy":"product_brand","embeddable":true,"href":"https:\/\/baldumarket.lt\/lt\/wp-json\/wp\/v2\/product_brand?post=215308"},{"taxonomy":"product_cat","embeddable":true,"href":"https:\/\/baldumarket.lt\/lt\/wp-json\/wp\/v2\/product_cat?post=215308"},{"taxonomy":"product_tag","embeddable":true,"href":"https:\/\/baldumarket.lt\/lt\/wp-json\/wp\/v2\/product_tag?post=215308"}],"curies":[{"name":"wp","href":"https:\/\/api.w.org\/{rel}","templated":true}]}}