{"id":215231,"date":"2025-12-26T20:27:57","date_gmt":"2025-12-26T17:27:57","guid":{"rendered":"https:\/\/baldumarket.lt\/?post_type=product&#038;p=215231"},"modified":"2026-02-03T23:14:41","modified_gmt":"2026-02-03T20:14:41","slug":"lozka-tapicerowane-mediolan-120x200-podnosnik-stelaz-pojemnik","status":"publish","type":"product","link":"https:\/\/baldumarket.lt\/lt\/product\/lozka-tapicerowane-mediolan-120x200-podnosnik-stelaz-pojemnik\/","title":{"rendered":"Mink\u0161tos lovos Milan 120\u00d7200, pak\u0117limo mechanizmas, r\u0117mas, konteineris"},"content":{"rendered":"<p>120 \u00d7 200 cm dyd\u017eio mink\u0161ta lova \u201eMilan\u201c puikiai tinka ie\u0161kantiems modernaus dizaino, patogumo ir patvarumo derinio. \u0160is modelis puikiai tinka tiek ma\u017eesniems, tiek didesniems miegamiesiems, u\u017etikrinant auk\u0161t\u0105 funkcionalum\u0105 ir estetik\u0105.<\/p>","protected":false},"excerpt":{"rendered":"<p>Plotis: 134 cm<br \/>\nIlgis: 218 cm<br \/>\nAuk\u0161tis: 110 cm<br \/>\nMiegamasis plotas: 120 \u00d7 200 cm<br \/>\n\u0160oninis auk\u0161tis: 35 cm<\/p>","protected":false},"featured_media":215351,"comment_status":"open","ping_status":"closed","template":"","meta":[],"product_brand":[],"product_cat":[505,1969,7271],"product_tag":[],"class_list":{"0":"post-215231","1":"product","2":"type-product","3":"status-publish","4":"has-post-thumbnail","6":"product_cat-bedroom-beds","7":"product_cat-beds-120x200","8":"product_cat-meble-gruszka","10":"first","11":"instock","12":"shipping-taxable","13":"purchasable","14":"product-type-variable","15":"wvs-archive-product-wrapper"},"_links":{"self":[{"href":"https:\/\/baldumarket.lt\/lt\/wp-json\/wp\/v2\/product\/215231","targetHints":{"allow":["GET"]}}],"collection":[{"href":"https:\/\/baldumarket.lt\/lt\/wp-json\/wp\/v2\/product"}],"about":[{"href":"https:\/\/baldumarket.lt\/lt\/wp-json\/wp\/v2\/types\/product"}],"replies":[{"embeddable":true,"href":"https:\/\/baldumarket.lt\/lt\/wp-json\/wp\/v2\/comments?post=215231"}],"wp:featuredmedia":[{"embeddable":true,"href":"https:\/\/baldumarket.lt\/lt\/wp-json\/wp\/v2\/media\/215351"}],"wp:attachment":[{"href":"https:\/\/baldumarket.lt\/lt\/wp-json\/wp\/v2\/media?parent=215231"}],"wp:term":[{"taxonomy":"product_brand","embeddable":true,"href":"https:\/\/baldumarket.lt\/lt\/wp-json\/wp\/v2\/product_brand?post=215231"},{"taxonomy":"product_cat","embeddable":true,"href":"https:\/\/baldumarket.lt\/lt\/wp-json\/wp\/v2\/product_cat?post=215231"},{"taxonomy":"product_tag","embeddable":true,"href":"https:\/\/baldumarket.lt\/lt\/wp-json\/wp\/v2\/product_tag?post=215231"}],"curies":[{"name":"wp","href":"https:\/\/api.w.org\/{rel}","templated":true}]}}