{"id":215213,"date":"2025-12-26T20:27:16","date_gmt":"2025-12-26T17:27:16","guid":{"rendered":"https:\/\/baldumarket.lt\/?post_type=product&#038;p=215213"},"modified":"2026-02-03T23:14:42","modified_gmt":"2026-02-03T20:14:42","slug":"lozka-tapicerowane-mediolan-160x200-podnosnik-stelaz-pojemnik","status":"publish","type":"product","link":"https:\/\/baldumarket.lt\/lt\/product\/lozka-tapicerowane-mediolan-160x200-podnosnik-stelaz-pojemnik\/","title":{"rendered":"Mink\u0161tos lovos Milan 160\u00d7200, pak\u0117limo mechanizmas, r\u0117mas, konteineris"},"content":{"rendered":"<p>160\u00d7200 cm dyd\u017eio mink\u0161ta \u201eMediolan\u201c lova \u2013 puikus pasirinkimas tiems, kurie vertina komfort\u0105, modern\u0173 dizain\u0105 ir prakti\u0161kus sprendimus. \u0160is \u201eGruszka Meble\u201c modelis puikiai tinka didesniems miegamiesiems, nes suteikia erdv\u0117s patogiam nakties miegui ir eleganti\u0161k\u0105 interjer\u0105.<\/p>","protected":false},"excerpt":{"rendered":"<p>Plotis: 174 cm<br \/>\nIlgis: 218 cm<br \/>\nAuk\u0161tis: 110 cm<br \/>\nMiegamoji erdv\u0117: 160 \u00d7 200 cm<br \/>\n\u0160oninis auk\u0161tis: 35 cm<\/p>","protected":false},"featured_media":215333,"comment_status":"open","ping_status":"closed","template":"","meta":[],"product_brand":[],"product_cat":[505,1971,7271],"product_tag":[],"class_list":{"0":"post-215213","1":"product","2":"type-product","3":"status-publish","4":"has-post-thumbnail","6":"product_cat-bedroom-beds","7":"product_cat-beds-160x200","8":"product_cat-meble-gruszka","10":"first","11":"instock","12":"shipping-taxable","13":"purchasable","14":"product-type-variable","15":"wvs-archive-product-wrapper"},"_links":{"self":[{"href":"https:\/\/baldumarket.lt\/lt\/wp-json\/wp\/v2\/product\/215213","targetHints":{"allow":["GET"]}}],"collection":[{"href":"https:\/\/baldumarket.lt\/lt\/wp-json\/wp\/v2\/product"}],"about":[{"href":"https:\/\/baldumarket.lt\/lt\/wp-json\/wp\/v2\/types\/product"}],"replies":[{"embeddable":true,"href":"https:\/\/baldumarket.lt\/lt\/wp-json\/wp\/v2\/comments?post=215213"}],"wp:featuredmedia":[{"embeddable":true,"href":"https:\/\/baldumarket.lt\/lt\/wp-json\/wp\/v2\/media\/215333"}],"wp:attachment":[{"href":"https:\/\/baldumarket.lt\/lt\/wp-json\/wp\/v2\/media?parent=215213"}],"wp:term":[{"taxonomy":"product_brand","embeddable":true,"href":"https:\/\/baldumarket.lt\/lt\/wp-json\/wp\/v2\/product_brand?post=215213"},{"taxonomy":"product_cat","embeddable":true,"href":"https:\/\/baldumarket.lt\/lt\/wp-json\/wp\/v2\/product_cat?post=215213"},{"taxonomy":"product_tag","embeddable":true,"href":"https:\/\/baldumarket.lt\/lt\/wp-json\/wp\/v2\/product_tag?post=215213"}],"curies":[{"name":"wp","href":"https:\/\/api.w.org\/{rel}","templated":true}]}}