{"id":215141,"date":"2025-12-26T20:23:59","date_gmt":"2025-12-26T17:23:59","guid":{"rendered":"https:\/\/baldumarket.lt\/?post_type=product&#038;p=215141"},"modified":"2026-02-03T23:14:43","modified_gmt":"2026-02-03T20:14:43","slug":"lozka-tapicerowane-nicea-120x200-podnosnik-stelaz-pojemnik","status":"publish","type":"product","link":"https:\/\/baldumarket.lt\/lt\/product\/lozka-tapicerowane-nicea-120x200-podnosnik-stelaz-pojemnik\/","title":{"rendered":"\u201eNicea\u201c mink\u0161tos lovos 120\u00d7200, su pak\u0117limo mechanizmu, r\u0117mu, konteineriu"},"content":{"rendered":"<p>\u201eNicea\u201c mink\u0161ta lova derina stili\u0173, komfort\u0105 ir funkcionalum\u0105, puikiai tinkanti bet kuriam moderniam miegamajam. Kruop\u0161\u010diai pagaminta ir d\u0117mesinga detal\u0117ms, ji i\u0161siskiria estetiniu patrauklumu ir patvarumu, u\u017etikrindama ilgaam\u017ei\u0161kum\u0105.<\/p>","protected":false},"excerpt":{"rendered":"<p>Plotis: 138 cm<br \/>\nIlgis: 227 cm<br \/>\nAuk\u0161tis: 103 cm<br \/>\nMiegamasis plotas: 120 \u00d7 200 cm<br \/>\n\u0160oninis auk\u0161tis: 35 cm<\/p>","protected":false},"featured_media":215268,"comment_status":"open","ping_status":"closed","template":"","meta":[],"product_brand":[],"product_cat":[505,1969,7271],"product_tag":[],"class_list":{"0":"post-215141","1":"product","2":"type-product","3":"status-publish","4":"has-post-thumbnail","6":"product_cat-bedroom-beds","7":"product_cat-beds-120x200","8":"product_cat-meble-gruszka","10":"first","11":"instock","12":"shipping-taxable","13":"purchasable","14":"product-type-variable","15":"wvs-archive-product-wrapper"},"_links":{"self":[{"href":"https:\/\/baldumarket.lt\/lt\/wp-json\/wp\/v2\/product\/215141","targetHints":{"allow":["GET"]}}],"collection":[{"href":"https:\/\/baldumarket.lt\/lt\/wp-json\/wp\/v2\/product"}],"about":[{"href":"https:\/\/baldumarket.lt\/lt\/wp-json\/wp\/v2\/types\/product"}],"replies":[{"embeddable":true,"href":"https:\/\/baldumarket.lt\/lt\/wp-json\/wp\/v2\/comments?post=215141"}],"wp:featuredmedia":[{"embeddable":true,"href":"https:\/\/baldumarket.lt\/lt\/wp-json\/wp\/v2\/media\/215268"}],"wp:attachment":[{"href":"https:\/\/baldumarket.lt\/lt\/wp-json\/wp\/v2\/media?parent=215141"}],"wp:term":[{"taxonomy":"product_brand","embeddable":true,"href":"https:\/\/baldumarket.lt\/lt\/wp-json\/wp\/v2\/product_brand?post=215141"},{"taxonomy":"product_cat","embeddable":true,"href":"https:\/\/baldumarket.lt\/lt\/wp-json\/wp\/v2\/product_cat?post=215141"},{"taxonomy":"product_tag","embeddable":true,"href":"https:\/\/baldumarket.lt\/lt\/wp-json\/wp\/v2\/product_tag?post=215141"}],"curies":[{"name":"wp","href":"https:\/\/api.w.org\/{rel}","templated":true}]}}