{"id":215096,"date":"2025-12-26T20:21:46","date_gmt":"2025-12-26T17:21:46","guid":{"rendered":"https:\/\/baldumarket.lt\/?post_type=product&#038;p=215096"},"modified":"2026-02-03T23:14:44","modified_gmt":"2026-02-03T20:14:44","slug":"lozka-tapicerowane-polo-120x200-cm-pojemnik-stelaz","status":"publish","type":"product","link":"https:\/\/baldumarket.lt\/lt\/product\/lozka-tapicerowane-polo-120x200-cm-pojemnik-stelaz\/","title":{"rendered":"Polo mink\u0161tos lovos 120\u00d7200 cm, konteineris, r\u0117mas"},"content":{"rendered":"<p>\u201ePolo\u201c mink\u0161ta lova, kurios miegamoji erdv\u0117 yra 120 \u00d7 200 cm, yra minimalistinis baldas, kur\u012f galima i\u0161pl\u0117sti mink\u0161tais baldais ar kitomis sien\u0173 dekoracijomis. Lova turi erdv\u0173 patalyn\u0117s d\u0117\u017e\u0119 ir metalin\u012f r\u0117m\u0105 su medin\u0117mis pakopomis, kuris atsidaro dujiniais keltuvais. \u0160iam komplektui reikalingas \u010diu\u017einys. Lovos galv\u016bgalis n\u0117ra komplektuojamas. Baldas stovi ant modernios kojos, kuri\u0105 galima rinktis i\u0161 keli\u0173 spalv\u0173. Audinio ir kojeli\u0173 spalv\u0173 pavyzd\u017eius galite rasti \u201eProduct Creator\u201c svetain\u0117je.<\/p>","protected":false},"excerpt":{"rendered":"<p>Plotis: 138 cm<br \/>\nIlgis: 218 cm<br \/>\nAuk\u0161tis: 35 cm<br \/>\nMiegamasis plotas: 120 \u00d7 200 cm<br \/>\n\u0160oninis auk\u0161tis: 35 cm<\/p>","protected":false},"featured_media":215221,"comment_status":"open","ping_status":"closed","template":"","meta":[],"product_brand":[],"product_cat":[505,1969,7271],"product_tag":[],"class_list":{"0":"post-215096","1":"product","2":"type-product","3":"status-publish","4":"has-post-thumbnail","6":"product_cat-bedroom-beds","7":"product_cat-beds-120x200","8":"product_cat-meble-gruszka","10":"first","11":"instock","12":"shipping-taxable","13":"purchasable","14":"product-type-variable","15":"wvs-archive-product-wrapper"},"_links":{"self":[{"href":"https:\/\/baldumarket.lt\/lt\/wp-json\/wp\/v2\/product\/215096","targetHints":{"allow":["GET"]}}],"collection":[{"href":"https:\/\/baldumarket.lt\/lt\/wp-json\/wp\/v2\/product"}],"about":[{"href":"https:\/\/baldumarket.lt\/lt\/wp-json\/wp\/v2\/types\/product"}],"replies":[{"embeddable":true,"href":"https:\/\/baldumarket.lt\/lt\/wp-json\/wp\/v2\/comments?post=215096"}],"wp:featuredmedia":[{"embeddable":true,"href":"https:\/\/baldumarket.lt\/lt\/wp-json\/wp\/v2\/media\/215221"}],"wp:attachment":[{"href":"https:\/\/baldumarket.lt\/lt\/wp-json\/wp\/v2\/media?parent=215096"}],"wp:term":[{"taxonomy":"product_brand","embeddable":true,"href":"https:\/\/baldumarket.lt\/lt\/wp-json\/wp\/v2\/product_brand?post=215096"},{"taxonomy":"product_cat","embeddable":true,"href":"https:\/\/baldumarket.lt\/lt\/wp-json\/wp\/v2\/product_cat?post=215096"},{"taxonomy":"product_tag","embeddable":true,"href":"https:\/\/baldumarket.lt\/lt\/wp-json\/wp\/v2\/product_tag?post=215096"}],"curies":[{"name":"wp","href":"https:\/\/api.w.org\/{rel}","templated":true}]}}