{"id":215094,"date":"2025-12-26T20:21:43","date_gmt":"2025-12-26T17:21:43","guid":{"rendered":"https:\/\/baldumarket.lt\/?post_type=product&#038;p=215094"},"modified":"2026-02-03T23:14:44","modified_gmt":"2026-02-03T20:14:44","slug":"lozka-tapicerowane-polo-140x200-cm-pojemnik-stelaz","status":"publish","type":"product","link":"https:\/\/baldumarket.lt\/lt\/product\/lozka-tapicerowane-polo-140x200-cm-pojemnik-stelaz\/","title":{"rendered":"Polo mink\u0161tos lovos 140\u00d7200 cm, konteineris, r\u0117mas"},"content":{"rendered":"<p>\u201eRomario\u201c mink\u0161ta lova, kurios miegamojo plotas yra 140 \u00d7 200 cm, turi prakti\u0161k\u0105 patalyn\u0117s skyri\u0173, vir\u0161 kurio yra medinis r\u0117mas su metaliniu karkasu. R\u0117mo pak\u0117limas atliekamas dujiniais keltuvais, tod\u0117l \u0161iam veiksmui reikia minimalios j\u0117gos. Baldas neturi galv\u016bgalio ar \u010diu\u017einio. Kojeli\u0173 spalv\u0173 variantus, taip pat audini\u0173 pavyzd\u017eius, galima pasirinkti gaminio k\u016brimo \u012frankyje.<\/p>","protected":false},"excerpt":{"rendered":"<p>Plotis: 158 cm<br \/>\nIlgis: 218 cm<br \/>\nAuk\u0161tis: 35 cm<br \/>\nMiegamasis plotas: 140 \u00d7 200 cm<br \/>\n\u0160oninis auk\u0161tis: 35 cm<\/p>","protected":false},"featured_media":215214,"comment_status":"open","ping_status":"closed","template":"","meta":[],"product_brand":[],"product_cat":[505,1970,7271],"product_tag":[],"class_list":{"0":"post-215094","1":"product","2":"type-product","3":"status-publish","4":"has-post-thumbnail","6":"product_cat-bedroom-beds","7":"product_cat-beds-140x200","8":"product_cat-meble-gruszka","10":"first","11":"instock","12":"shipping-taxable","13":"purchasable","14":"product-type-variable","15":"wvs-archive-product-wrapper"},"_links":{"self":[{"href":"https:\/\/baldumarket.lt\/lt\/wp-json\/wp\/v2\/product\/215094","targetHints":{"allow":["GET"]}}],"collection":[{"href":"https:\/\/baldumarket.lt\/lt\/wp-json\/wp\/v2\/product"}],"about":[{"href":"https:\/\/baldumarket.lt\/lt\/wp-json\/wp\/v2\/types\/product"}],"replies":[{"embeddable":true,"href":"https:\/\/baldumarket.lt\/lt\/wp-json\/wp\/v2\/comments?post=215094"}],"wp:featuredmedia":[{"embeddable":true,"href":"https:\/\/baldumarket.lt\/lt\/wp-json\/wp\/v2\/media\/215214"}],"wp:attachment":[{"href":"https:\/\/baldumarket.lt\/lt\/wp-json\/wp\/v2\/media?parent=215094"}],"wp:term":[{"taxonomy":"product_brand","embeddable":true,"href":"https:\/\/baldumarket.lt\/lt\/wp-json\/wp\/v2\/product_brand?post=215094"},{"taxonomy":"product_cat","embeddable":true,"href":"https:\/\/baldumarket.lt\/lt\/wp-json\/wp\/v2\/product_cat?post=215094"},{"taxonomy":"product_tag","embeddable":true,"href":"https:\/\/baldumarket.lt\/lt\/wp-json\/wp\/v2\/product_tag?post=215094"}],"curies":[{"name":"wp","href":"https:\/\/api.w.org\/{rel}","templated":true}]}}