{"id":215078,"date":"2025-12-26T20:21:02","date_gmt":"2025-12-26T17:21:02","guid":{"rendered":"https:\/\/baldumarket.lt\/?post_type=product&#038;p=215078"},"modified":"2026-02-03T23:14:44","modified_gmt":"2026-02-03T20:14:44","slug":"lozka-tapicerowane-polo-160x200-cm-pojemnik-stelaz","status":"publish","type":"product","link":"https:\/\/baldumarket.lt\/lt\/product\/lozka-tapicerowane-polo-160x200-cm-pojemnik-stelaz\/","title":{"rendered":"Polo mink\u0161tos lovos 160\u00d7200 cm, konteineris, r\u0117mas"},"content":{"rendered":"<p>\u201ePolp\u201c mink\u0161ta lova be galv\u016bgalio, kurios miegamojo plotas yra 160 \u00d7 200 cm, yra minimalistinis ir modernus baldas. Joje yra erdvi ir prakti\u0161ka patalyn\u0117s d\u0117\u017e\u0117 bei medinis r\u0117mas, \u012fstatytas \u012f metalin\u012f r\u0117m\u0105. Dujin\u0117s amortizatoriai padeda atidaryti d\u0117\u017e\u0119, tod\u0117l tai padaryti paprasta. Baldas stovi ant stiling\u0173 kojeli\u0173, kuri\u0173 spalv\u0105, kaip ir apmu\u0161al\u0173 audin\u012f, galima pasirinkti \u201eProduct Creator\u201c programoje.<\/p>","protected":false},"excerpt":{"rendered":"<p>Plotis: 178 cm<br \/>\nIlgis: 218 cm<br \/>\nAuk\u0161tis: 35 cm<br \/>\nMiegamoji erdv\u0117: 160 \u00d7 200 cm<br \/>\n\u0160oninis auk\u0161tis: 35 cm<\/p>","protected":false},"featured_media":215203,"comment_status":"open","ping_status":"closed","template":"","meta":[],"product_brand":[],"product_cat":[505,1971,7271],"product_tag":[],"class_list":{"0":"post-215078","1":"product","2":"type-product","3":"status-publish","4":"has-post-thumbnail","6":"product_cat-bedroom-beds","7":"product_cat-beds-160x200","8":"product_cat-meble-gruszka","10":"first","11":"instock","12":"shipping-taxable","13":"purchasable","14":"product-type-variable","15":"wvs-archive-product-wrapper"},"_links":{"self":[{"href":"https:\/\/baldumarket.lt\/lt\/wp-json\/wp\/v2\/product\/215078","targetHints":{"allow":["GET"]}}],"collection":[{"href":"https:\/\/baldumarket.lt\/lt\/wp-json\/wp\/v2\/product"}],"about":[{"href":"https:\/\/baldumarket.lt\/lt\/wp-json\/wp\/v2\/types\/product"}],"replies":[{"embeddable":true,"href":"https:\/\/baldumarket.lt\/lt\/wp-json\/wp\/v2\/comments?post=215078"}],"wp:featuredmedia":[{"embeddable":true,"href":"https:\/\/baldumarket.lt\/lt\/wp-json\/wp\/v2\/media\/215203"}],"wp:attachment":[{"href":"https:\/\/baldumarket.lt\/lt\/wp-json\/wp\/v2\/media?parent=215078"}],"wp:term":[{"taxonomy":"product_brand","embeddable":true,"href":"https:\/\/baldumarket.lt\/lt\/wp-json\/wp\/v2\/product_brand?post=215078"},{"taxonomy":"product_cat","embeddable":true,"href":"https:\/\/baldumarket.lt\/lt\/wp-json\/wp\/v2\/product_cat?post=215078"},{"taxonomy":"product_tag","embeddable":true,"href":"https:\/\/baldumarket.lt\/lt\/wp-json\/wp\/v2\/product_tag?post=215078"}],"curies":[{"name":"wp","href":"https:\/\/api.w.org\/{rel}","templated":true}]}}