{"id":215069,"date":"2025-12-26T20:20:32","date_gmt":"2025-12-26T17:20:32","guid":{"rendered":"https:\/\/baldumarket.lt\/?post_type=product&#038;p=215069"},"modified":"2026-02-03T23:14:44","modified_gmt":"2026-02-03T20:14:44","slug":"lozka-tapicerowane-polo-180x200-cm-pojemnik-stelaz","status":"publish","type":"product","link":"https:\/\/baldumarket.lt\/lt\/product\/lozka-tapicerowane-polo-180x200-cm-pojemnik-stelaz\/","title":{"rendered":"Polo mink\u0161tos lovos 180\u00d7200 cm, konteineris, r\u0117mas"},"content":{"rendered":"<p>\u201ePolo\u201c apmu\u0161ta lova, kurios miegamojo plotas yra 180 \u00d7 200 cm, d\u0117l minimalistinio dizaino si\u016blo plat\u0173 sien\u0173 dizaino variant\u0173 pasirinkim\u0105. Ji pasi\u017eymi mediniu r\u0117mu su dujiniu pak\u0117limo mechanizmu. Lovos apa\u010dioje yra prakti\u0161kas ir erdvus patalyn\u0117s skyrius, kuriame taip pat galima laikyti kitus smulkius daiktus. Lova stovi ant stiling\u0173 kojeli\u0173, kurias galima \u012fsigyti keliomis populiariomis spalvomis. Kojeli\u0173 ir apmu\u0161al\u0173 spalv\u0173 palet\u0119 galite rasti \u201eProduct Creator\u201c svetain\u0117je.<\/p>","protected":false},"excerpt":{"rendered":"<p>Plotis: 198 cm<br \/>\nIlgis: 218 cm<br \/>\nAuk\u0161tis: 35 cm<br \/>\nMiegamoji erdv\u0117: 180 \u00d7 200 cm<br \/>\n\u0160oninis auk\u0161tis: 35 cm<\/p>","protected":false},"featured_media":215196,"comment_status":"open","ping_status":"closed","template":"","meta":[],"product_brand":[],"product_cat":[505,1972,7271],"product_tag":[],"class_list":{"0":"post-215069","1":"product","2":"type-product","3":"status-publish","4":"has-post-thumbnail","6":"product_cat-bedroom-beds","7":"product_cat-beds-180x200","8":"product_cat-meble-gruszka","10":"first","11":"instock","12":"shipping-taxable","13":"purchasable","14":"product-type-variable","15":"wvs-archive-product-wrapper"},"_links":{"self":[{"href":"https:\/\/baldumarket.lt\/lt\/wp-json\/wp\/v2\/product\/215069","targetHints":{"allow":["GET"]}}],"collection":[{"href":"https:\/\/baldumarket.lt\/lt\/wp-json\/wp\/v2\/product"}],"about":[{"href":"https:\/\/baldumarket.lt\/lt\/wp-json\/wp\/v2\/types\/product"}],"replies":[{"embeddable":true,"href":"https:\/\/baldumarket.lt\/lt\/wp-json\/wp\/v2\/comments?post=215069"}],"wp:featuredmedia":[{"embeddable":true,"href":"https:\/\/baldumarket.lt\/lt\/wp-json\/wp\/v2\/media\/215196"}],"wp:attachment":[{"href":"https:\/\/baldumarket.lt\/lt\/wp-json\/wp\/v2\/media?parent=215069"}],"wp:term":[{"taxonomy":"product_brand","embeddable":true,"href":"https:\/\/baldumarket.lt\/lt\/wp-json\/wp\/v2\/product_brand?post=215069"},{"taxonomy":"product_cat","embeddable":true,"href":"https:\/\/baldumarket.lt\/lt\/wp-json\/wp\/v2\/product_cat?post=215069"},{"taxonomy":"product_tag","embeddable":true,"href":"https:\/\/baldumarket.lt\/lt\/wp-json\/wp\/v2\/product_tag?post=215069"}],"curies":[{"name":"wp","href":"https:\/\/api.w.org\/{rel}","templated":true}]}}