{"id":215067,"date":"2025-12-26T20:20:29","date_gmt":"2025-12-26T17:20:29","guid":{"rendered":"https:\/\/baldumarket.lt\/?post_type=product&#038;p=215067"},"modified":"2026-02-03T23:14:44","modified_gmt":"2026-02-03T20:14:44","slug":"lozka-tapicerowane-polo-200x200-cm-pojemnik-stelaz","status":"publish","type":"product","link":"https:\/\/baldumarket.lt\/lt\/product\/lozka-tapicerowane-polo-200x200-cm-pojemnik-stelaz\/","title":{"rendered":"Polo mink\u0161tos lovos 200\u00d7200 cm, konteineris, r\u0117mas"},"content":{"rendered":"<p>\u201ePolo\u201c mink\u0161ta lova, kurios miegamojo plotas yra 200 \u00d7 200 cm, yra erdvi ir patogi vieta atsipalaiduoti dien\u0105 ir nakt\u012f. Joje yra patalyn\u0117s skyrius, kuriame taip pat galima susid\u0117ti papildomus daiktus, anks\u010diau laikytus spintoje ar komodoje. Skyri\u0173 atidaryti padeda dujin\u0117s spyruokl\u0117s, kurios pakelia medin\u012f r\u0117m\u0105 metaliniame r\u0117me. \u010ciu\u017einys \u012f komplekt\u0105 ne\u012feina ir turi b\u016bti \u012fsigyjamas atskirai. Lova stovi ant stiling\u0173 kojeli\u0173, kuri\u0173 spalv\u0173 ir audini\u0173 pavyzd\u017eius galite rasti \u201eProduct Creator\u201c svetain\u0117je.<\/p>","protected":false},"excerpt":{"rendered":"<p>Plotis: 218 cm<br \/>\nIlgis: 218 cm<br \/>\nAuk\u0161tis: 35 cm<br \/>\nMiegamasis plotas: 200 \u00d7 200 cm<br \/>\n\u0160oninis auk\u0161tis: 35 cm<\/p>","protected":false},"featured_media":215185,"comment_status":"open","ping_status":"closed","template":"","meta":[],"product_brand":[],"product_cat":[505,9143,7271],"product_tag":[],"class_list":{"0":"post-215067","1":"product","2":"type-product","3":"status-publish","4":"has-post-thumbnail","6":"product_cat-bedroom-beds","7":"product_cat-beds-200x200","8":"product_cat-meble-gruszka","10":"first","11":"instock","12":"shipping-taxable","13":"purchasable","14":"product-type-variable","15":"wvs-archive-product-wrapper"},"_links":{"self":[{"href":"https:\/\/baldumarket.lt\/lt\/wp-json\/wp\/v2\/product\/215067","targetHints":{"allow":["GET"]}}],"collection":[{"href":"https:\/\/baldumarket.lt\/lt\/wp-json\/wp\/v2\/product"}],"about":[{"href":"https:\/\/baldumarket.lt\/lt\/wp-json\/wp\/v2\/types\/product"}],"replies":[{"embeddable":true,"href":"https:\/\/baldumarket.lt\/lt\/wp-json\/wp\/v2\/comments?post=215067"}],"wp:featuredmedia":[{"embeddable":true,"href":"https:\/\/baldumarket.lt\/lt\/wp-json\/wp\/v2\/media\/215185"}],"wp:attachment":[{"href":"https:\/\/baldumarket.lt\/lt\/wp-json\/wp\/v2\/media?parent=215067"}],"wp:term":[{"taxonomy":"product_brand","embeddable":true,"href":"https:\/\/baldumarket.lt\/lt\/wp-json\/wp\/v2\/product_brand?post=215067"},{"taxonomy":"product_cat","embeddable":true,"href":"https:\/\/baldumarket.lt\/lt\/wp-json\/wp\/v2\/product_cat?post=215067"},{"taxonomy":"product_tag","embeddable":true,"href":"https:\/\/baldumarket.lt\/lt\/wp-json\/wp\/v2\/product_tag?post=215067"}],"curies":[{"name":"wp","href":"https:\/\/api.w.org\/{rel}","templated":true}]}}