{"id":214907,"date":"2025-12-26T20:13:31","date_gmt":"2025-12-26T17:13:31","guid":{"rendered":"https:\/\/baldumarket.lt\/?post_type=product&#038;p=214907"},"modified":"2026-02-03T23:14:47","modified_gmt":"2026-02-03T20:14:47","slug":"lozko-kontynentalne-aldo-lux-160x200-tapicerowane-materace-topper-pojemnik","status":"publish","type":"product","link":"https:\/\/baldumarket.lt\/lt\/product\/lozko-kontynentalne-aldo-lux-160x200-tapicerowane-materace-topper-pojemnik\/","title":{"rendered":"Aldo Lux kontinentin\u0117 lova 160&#215;200, apmu\u0161ta, \u010diu\u017einiai, \u010diu\u017einys su u\u017etiesalu, konteineris"},"content":{"rendered":"<p>The ALDO LUX 160&#215;200 cm continental bed is the perfect solution for those who value comfortable sleep and elegant design. This model features two upholstered headboards \u2013 a headboard and a footboard \u2013 adorned with subtle stitching that add a unique character and modern style to the bed.<\/p>","protected":false},"excerpt":{"rendered":"<p>Plotis: 164 cm<br \/>\nIlgis: 213 cm<br \/>\nAuk\u0161tis: 103 cm<br \/>\nMiegamoji erdv\u0117: 160 \u00d7 200 cm<br \/>\nMiegamosios dalies auk\u0161tis: 51 cm<\/p>","protected":false},"featured_media":215025,"comment_status":"open","ping_status":"closed","template":"","meta":[],"product_brand":[],"product_cat":[505,1971,514,7271],"product_tag":[],"class_list":{"0":"post-214907","1":"product","2":"type-product","3":"status-publish","4":"has-post-thumbnail","6":"product_cat-bedroom-beds","7":"product_cat-beds-160x200","8":"product_cat-continental-beds","9":"product_cat-meble-gruszka","11":"first","12":"instock","13":"shipping-taxable","14":"purchasable","15":"product-type-variable","16":"wvs-archive-product-wrapper"},"_links":{"self":[{"href":"https:\/\/baldumarket.lt\/lt\/wp-json\/wp\/v2\/product\/214907","targetHints":{"allow":["GET"]}}],"collection":[{"href":"https:\/\/baldumarket.lt\/lt\/wp-json\/wp\/v2\/product"}],"about":[{"href":"https:\/\/baldumarket.lt\/lt\/wp-json\/wp\/v2\/types\/product"}],"replies":[{"embeddable":true,"href":"https:\/\/baldumarket.lt\/lt\/wp-json\/wp\/v2\/comments?post=214907"}],"wp:featuredmedia":[{"embeddable":true,"href":"https:\/\/baldumarket.lt\/lt\/wp-json\/wp\/v2\/media\/215025"}],"wp:attachment":[{"href":"https:\/\/baldumarket.lt\/lt\/wp-json\/wp\/v2\/media?parent=214907"}],"wp:term":[{"taxonomy":"product_brand","embeddable":true,"href":"https:\/\/baldumarket.lt\/lt\/wp-json\/wp\/v2\/product_brand?post=214907"},{"taxonomy":"product_cat","embeddable":true,"href":"https:\/\/baldumarket.lt\/lt\/wp-json\/wp\/v2\/product_cat?post=214907"},{"taxonomy":"product_tag","embeddable":true,"href":"https:\/\/baldumarket.lt\/lt\/wp-json\/wp\/v2\/product_tag?post=214907"}],"curies":[{"name":"wp","href":"https:\/\/api.w.org\/{rel}","templated":true}]}}